{"id":12586,"date":"2025-05-05T04:07:12","date_gmt":"2025-05-05T04:07:12","guid":{"rendered":"https:\/\/viettourist.asia\/?post_type=product&#038;p=12586"},"modified":"2025-05-12T08:58:32","modified_gmt":"2025-05-12T08:58:32","slug":"vietnam-da-non-perdere-13-giorni-10-notti-partenza-fissa-lingua-francese","status":"publish","type":"product","link":"https:\/\/viettourist.asia\/it\/tour\/vietnam-da-non-perdere-13-giorni-10-notti-partenza-fissa-lingua-francese\/","title":{"rendered":"Panorama del Vietnam 13 giorni 10 notti partenza fissa lingua francese"},"content":{"rendered":"<p>\u2714 Piccoli gruppi per grandi scoperte: limitato a 19 persone per mantenere un ottimo ritmo di viaggio e di incontri nell&#039;entroterra del Paese.<br \/>\n\u2714 Le partenze sono garantite a partire da 2 persone.<br \/>\n\u2714 I siti imperdibili da Nord a Sud, un&#039;ampia variet\u00e0 di attivit\u00e0: gite in barca o battello, gite in bicicletta, risci\u00f2, treni notturni, voli nazionali...<br \/>\n\u2714 Fuori dal turismo di massa: la citt\u00e0 di Hon Gai, una nuova destinazione, diverse passeggiate in villaggi autentici.<br \/>\n\u2714 Esperienze: corso di cucina a Tra Que, preparazione di involtini primavera o &quot;banh xeo&quot; con la famiglia ospitante\u2026<br \/>\n\u2714 Una notte in treno Hanoi\/Hue, per la massima vicinanza alla struttura, con possibilit\u00e0 di sostituire il volo Hanoi\/Hue.<br \/>\n\u2714 Ampia scelta di sistemazioni: 7 notti in hotel a 4* e 2 notti in buoni hotel a 3*, molto ben scelti.<br \/>\n\u2714 Splendida soluzione a 4* per un&#039;incantevole crociera in giunca nella baia di Halong.<\/p>","protected":false},"excerpt":{"rendered":"<p>\u2714 Small group for great discoveries: limited to 19 people to maintain a very good rhythm of travel and meetings in the interior of the country. \u2714 Departures are guaranteed from 2 people. \u2714 The must-see sites from North to South, a wide variety of activities: boat or boat trips, bike rides, pedicabs, night trains, [&hellip;]<\/p>\n","protected":false},"featured_media":12587,"template":"","meta":[],"product_cat":[103,87,88,89,90,92],"product_tag":[257,246,263,264,265],"class_list":{"0":"post-12586","1":"product","2":"type-product","3":"status-publish","4":"has-post-thumbnail","6":"brw_tour_themes-discover","7":"brw_tour_themes-family","8":"brw_tour_themes-group","9":"product_cat-tour-themes","10":"product_cat-adventure","11":"product_cat-culture","12":"product_cat-discover","13":"product_cat-family","14":"product_cat-group","15":"product_tag-adventure","16":"product_tag-discover","17":"product_tag-fix-departure","18":"product_tag-gir","19":"product_tag-groupe-2","21":"first","22":"instock","23":"shipping-taxable","24":"product-type-ovabrw_car_rental"},"_links":{"self":[{"href":"https:\/\/viettourist.asia\/it\/wp-json\/wp\/v2\/product\/12586"}],"collection":[{"href":"https:\/\/viettourist.asia\/it\/wp-json\/wp\/v2\/product"}],"about":[{"href":"https:\/\/viettourist.asia\/it\/wp-json\/wp\/v2\/types\/product"}],"version-history":[{"count":3,"href":"https:\/\/viettourist.asia\/it\/wp-json\/wp\/v2\/product\/12586\/revisions"}],"predecessor-version":[{"id":12602,"href":"https:\/\/viettourist.asia\/it\/wp-json\/wp\/v2\/product\/12586\/revisions\/12602"}],"wp:featuredmedia":[{"embeddable":true,"href":"https:\/\/viettourist.asia\/it\/wp-json\/wp\/v2\/media\/12587"}],"wp:attachment":[{"href":"https:\/\/viettourist.asia\/it\/wp-json\/wp\/v2\/media?parent=12586"}],"wp:term":[{"taxonomy":"product_cat","embeddable":true,"href":"https:\/\/viettourist.asia\/it\/wp-json\/wp\/v2\/product_cat?post=12586"},{"taxonomy":"product_tag","embeddable":true,"href":"https:\/\/viettourist.asia\/it\/wp-json\/wp\/v2\/product_tag?post=12586"}],"curies":[{"name":"wp","href":"https:\/\/api.w.org\/{rel}","templated":true}]}}