{"id":12476,"date":"2024-12-05T04:50:23","date_gmt":"2024-12-05T04:50:23","guid":{"rendered":"https:\/\/viettourist.asia\/?post_type=product&#038;p=12476"},"modified":"2024-12-20T09:07:31","modified_gmt":"2024-12-20T09:07:31","slug":"esplora-il-fascino-del-vietnam-un-viaggio-indimenticabile-di-16-giorni","status":"publish","type":"product","link":"https:\/\/viettourist.asia\/it\/tour\/esplora-il-fascino-del-vietnam-un-viaggio-indimenticabile-di-16-giorni\/","title":{"rendered":"Esplora il fascino del Vietnam: un viaggio indimenticabile di 16 giorni"},"content":{"rendered":"<p>Benvenuti a un&#039;avventura straordinaria attraverso il Vietnam, un paese ricco di storia, cultura e paesaggi mozzafiato. Questo tour di 16 giorni vi porter\u00e0 nelle vivaci citt\u00e0 di Hanoi, Sapa, Da Nang, Hoi An e Ho Chi Minh City, cos\u00ec come in meraviglie naturali come Lan Ha Bay e il Delta del Mekong.<br \/>\nDalla tranquillit\u00e0 delle risaie terrazzate di Sapa agli antichi templi di Hanoi, dai mercati galleggianti del Delta del Mekong alle spiagge dorate di Da Nang, ogni giorno vi regaler\u00e0 nuove emozioni e ricordi indelebili. Vivrete la calda ospitalit\u00e0 vietnamita, delizierete il vostro palato con una cucina autentica e scoprirete le tradizioni locali in un&#039;atmosfera unica.<br \/>\nChe tu sia un amante della cultura, un amante della natura o semplicemente alla ricerca di relax, questo tour \u00e8 progettato per offrirti il meglio del Vietnam, con un mix perfetto di avventura, scoperta e comfort. Preparati a essere incantato dalla bellezza senza tempo di questo straordinario paese!<br \/>\nUn viaggio pensato per te, con momenti di esplorazione, relax e magia. Benvenuti in Vietnam!<\/p>","protected":false},"excerpt":{"rendered":"<p>Welcome to an extraordinary adventure through Vietnam, a country rich in history, culture and breathtaking landscapes. This 16-day tour will take you to the vibrant cities of Hanoi, Sapa, Da Nang, Hoi An, and Ho Chi Minh City, as well as natural wonders such as Lan Ha Bay and the Mekong Delta. From the tranquility [&hellip;]<\/p>\n","protected":false},"featured_media":12467,"template":"","meta":[],"product_cat":[87,88,89,90,92,93,86,94,103],"product_tag":[246,249,247],"class_list":{"0":"post-12476","1":"product","2":"type-product","3":"status-publish","4":"has-post-thumbnail","6":"brw_tour_themes-adventure","7":"brw_tour_themes-culture","8":"brw_tour_themes-discover","9":"brw_tour_themes-education","10":"brw_tour_themes-family","11":"brw_tour_themes-group","12":"brw_tour_themes-honeymoon","13":"brw_tour_themes-luxury","14":"brw_tour_themes-mice","15":"product_cat-adventure","16":"product_cat-culture","17":"product_cat-discover","18":"product_cat-family","19":"product_cat-group","20":"product_cat-honeymoon","21":"product_cat-luxury","22":"product_cat-mice","23":"product_cat-tour-themes","24":"product_tag-discover","25":"product_tag-experience","26":"product_tag-vietnam","28":"first","29":"instock","30":"shipping-taxable","31":"product-type-ovabrw_car_rental"},"_links":{"self":[{"href":"https:\/\/viettourist.asia\/it\/wp-json\/wp\/v2\/product\/12476"}],"collection":[{"href":"https:\/\/viettourist.asia\/it\/wp-json\/wp\/v2\/product"}],"about":[{"href":"https:\/\/viettourist.asia\/it\/wp-json\/wp\/v2\/types\/product"}],"version-history":[{"count":1,"href":"https:\/\/viettourist.asia\/it\/wp-json\/wp\/v2\/product\/12476\/revisions"}],"predecessor-version":[{"id":12477,"href":"https:\/\/viettourist.asia\/it\/wp-json\/wp\/v2\/product\/12476\/revisions\/12477"}],"wp:featuredmedia":[{"embeddable":true,"href":"https:\/\/viettourist.asia\/it\/wp-json\/wp\/v2\/media\/12467"}],"wp:attachment":[{"href":"https:\/\/viettourist.asia\/it\/wp-json\/wp\/v2\/media?parent=12476"}],"wp:term":[{"taxonomy":"product_cat","embeddable":true,"href":"https:\/\/viettourist.asia\/it\/wp-json\/wp\/v2\/product_cat?post=12476"},{"taxonomy":"product_tag","embeddable":true,"href":"https:\/\/viettourist.asia\/it\/wp-json\/wp\/v2\/product_tag?post=12476"}],"curies":[{"name":"wp","href":"https:\/\/api.w.org\/{rel}","templated":true}]}}