{"id":12462,"date":"2024-12-05T03:39:41","date_gmt":"2024-12-05T03:39:41","guid":{"rendered":"https:\/\/viettourist.asia\/?post_type=product&#038;p=12462"},"modified":"2024-12-05T05:36:48","modified_gmt":"2024-12-05T05:36:48","slug":"scopri-il-vietnam-da-sud-a-nord-abbraccia-larte-del-viaggio-lento","status":"publish","type":"product","link":"https:\/\/viettourist.asia\/it\/tour\/scopri-il-vietnam-da-sud-a-nord-abbraccia-larte-del-viaggio-lento\/","title":{"rendered":"Scopri il Vietnam da sud a nord: abbraccia l&#039;arte del turismo lento"},"content":{"rendered":"<p>Entra in un viaggio che riguarda tanto il gustare il momento quanto l&#039;esplorare destinazioni mozzafiato. Il nostro tour Slow Travel dal Sud al Nord del Vietnam ti invita a percorrere la strada panoramica, trascorrendo 3 o 4 giorni in ogni localit\u00e0 per immergerti veramente nella cultura, nella natura e nella vita quotidiana di questo affascinante paese.<br \/>\nInvece di correre da una destinazione all&#039;altra, questo itinerario attentamente curato ti d\u00e0 il tempo e lo spazio per entrare in contatto profondo con la gente, la storia e i paesaggi del Vietnam. Che tu stia vagando per i mercati affollati del sud, vagando per le tranquille citt\u00e0 costiere del centro o scoprendo gemme nascoste nelle montagne nebbiose del nord, ogni tappa \u00e8 progettata per incoraggiare l&#039;esplorazione al tuo ritmo.<br \/>\nDall&#039;energia dinamica di Ho Chi Minh City alle acque tranquille della baia di Halong, questo viaggio \u00e8 una celebrazione dei contrasti vibranti del Vietnam. Lungo il percorso, assaporerai prelibatezze locali, visiterai monumenti iconici e scoprirai le storie meno note che rendono ogni regione unica.<br \/>\nUnisciti a noi mentre ridefiniamo il viaggio, concentrandoci sulla consapevolezza, la sostenibilit\u00e0 e la gioia della scoperta. Questa \u00e8 la tua opportunit\u00e0 di rallentare, guardare pi\u00f9 da vicino e vivere davvero la magia del Vietnam.<br \/>\nChe il viaggio abbia inizio! \ud83c\udf3f<\/p>","protected":false},"excerpt":{"rendered":"<p>Step into a journey that\u2019s as much about savoring the moment as it is about exploring breathtaking destinations. Our South-to-North Vietnam Slow Travel Tour invites you to take the scenic route, spending 3 to 4 days in each location to truly immerse yourself in the culture, nature, and everyday life of this fascinating country. Rather [&hellip;]<\/p>\n","protected":false},"featured_media":12463,"template":"","meta":[],"product_cat":[87,88,89,90,92,93,86,94,103],"product_tag":[246,249,258,247],"class_list":{"0":"post-12462","1":"product","2":"type-product","3":"status-publish","4":"has-post-thumbnail","6":"brw_tour_themes-culture","7":"brw_tour_themes-adventure","8":"brw_tour_themes-discover","9":"brw_tour_themes-education","10":"brw_tour_themes-family","11":"brw_tour_themes-group","12":"brw_tour_themes-honeymoon","13":"brw_tour_themes-luxury","14":"brw_tour_themes-mice","15":"product_cat-adventure","16":"product_cat-culture","17":"product_cat-discover","18":"product_cat-family","19":"product_cat-group","20":"product_cat-honeymoon","21":"product_cat-luxury","22":"product_cat-mice","23":"product_cat-tour-themes","24":"product_tag-discover","25":"product_tag-experience","26":"product_tag-slowtravel","27":"product_tag-vietnam","29":"first","30":"instock","31":"shipping-taxable","32":"product-type-ovabrw_car_rental"},"_links":{"self":[{"href":"https:\/\/viettourist.asia\/it\/wp-json\/wp\/v2\/product\/12462"}],"collection":[{"href":"https:\/\/viettourist.asia\/it\/wp-json\/wp\/v2\/product"}],"about":[{"href":"https:\/\/viettourist.asia\/it\/wp-json\/wp\/v2\/types\/product"}],"version-history":[{"count":2,"href":"https:\/\/viettourist.asia\/it\/wp-json\/wp\/v2\/product\/12462\/revisions"}],"predecessor-version":[{"id":12481,"href":"https:\/\/viettourist.asia\/it\/wp-json\/wp\/v2\/product\/12462\/revisions\/12481"}],"wp:featuredmedia":[{"embeddable":true,"href":"https:\/\/viettourist.asia\/it\/wp-json\/wp\/v2\/media\/12463"}],"wp:attachment":[{"href":"https:\/\/viettourist.asia\/it\/wp-json\/wp\/v2\/media?parent=12462"}],"wp:term":[{"taxonomy":"product_cat","embeddable":true,"href":"https:\/\/viettourist.asia\/it\/wp-json\/wp\/v2\/product_cat?post=12462"},{"taxonomy":"product_tag","embeddable":true,"href":"https:\/\/viettourist.asia\/it\/wp-json\/wp\/v2\/product_tag?post=12462"}],"curies":[{"name":"wp","href":"https:\/\/api.w.org\/{rel}","templated":true}]}}