{"id":12450,"date":"2024-10-18T03:32:30","date_gmt":"2024-10-18T03:32:30","guid":{"rendered":"https:\/\/viettourist.asia\/?post_type=product&#038;p=12450"},"modified":"2024-12-17T09:30:52","modified_gmt":"2024-12-17T09:30:52","slug":"tour-di-un-giorno-allantico-villaggio-di-duong-lam","status":"publish","type":"product","link":"https:\/\/viettourist.asia\/it\/tour\/tour-di-un-giorno-allantico-villaggio-di-duong-lam\/","title":{"rendered":"Antico villaggio di Duong Lam \u2013 Tour di un giorno"},"content":{"rendered":"<p><span style=\"font-weight: 400;\">Situato a oltre 50 chilometri da Hanoi, Duong Lam Ancient Village, situato nella citt\u00e0 di Son Tay, \u00e8 una famosa destinazione turistica di Hanoi. Questo \u00e8 stato il primo villaggio antico in Vietnam ad essere riconosciuto come Sito storico e culturale nazionale dal governo nel 2006. Con la sua architettura distintiva e l&#039;arte rappresentativa di un antico villaggio vietnamita nel Delta del Fiume Rosso, Duong Lam Ancient Village \u00e8 secondo solo alle antiche citt\u00e0 di Hoi An e Hanoi in termini di scala e valore artistico, il che lo rende un punto di riferimento significativo per il turismo ad Hanoi. Inoltre, questa \u00e8 una terra di &quot;vantaggi geografici e persone di talento&quot;, nota come l&#039;unico posto in Vietnam in cui ci sono &quot;due re da un villaggio&quot;, il luogo di nascita del re Phung Hung e del re Ngo Quyen. Di conseguenza, \u00e8 strettamente associato a siti culturali storici e confuciani, il che lo rende una tappa obbligata per i viaggiatori. Oggigiorno, l&#039;antico villaggio di Duong Lam conserva ancora le caratteristiche essenziali di un villaggio vietnamita, tra cui la porta del villaggio, l&#039;albero di baniano, il molo dell&#039;acqua, il cortile comune, la torre di guardia, il pozzo, le risaie, i tumuli, le colline, i templi e le pagode...<\/span><\/p>","protected":false},"excerpt":{"rendered":"<p>Located over 50 kilometers from Hanoi, Duong Lam Ancient Village, situated in Son Tay Town, is a famous tourist destination in Hanoi. This was the first ancient village in Vietnam to be recognized as a National Cultural and Historical Site by the government in 2006. With its distinctive architecture and artistry representative of an ancient [&hellip;]<\/p>\n","protected":false},"featured_media":12452,"template":"","meta":[],"product_cat":[87,88,241,89,90,92,103],"product_tag":[251,246,253,247],"class_list":{"0":"post-12450","1":"product","2":"type-product","3":"status-publish","4":"has-post-thumbnail","6":"brw_tour_themes-adventure","7":"brw_tour_themes-culture","8":"brw_tour_themes-day-tour","9":"brw_tour_themes-discover","10":"brw_tour_themes-family","11":"brw_tour_themes-group","12":"product_cat-adventure","13":"product_cat-culture","14":"product_cat-day-tour","15":"product_cat-discover","16":"product_cat-family","17":"product_cat-group","18":"product_cat-tour-themes","19":"product_tag-culture","20":"product_tag-discover","21":"product_tag-nature","22":"product_tag-vietnam","24":"first","25":"instock","26":"shipping-taxable","27":"product-type-ovabrw_car_rental"},"_links":{"self":[{"href":"https:\/\/viettourist.asia\/it\/wp-json\/wp\/v2\/product\/12450"}],"collection":[{"href":"https:\/\/viettourist.asia\/it\/wp-json\/wp\/v2\/product"}],"about":[{"href":"https:\/\/viettourist.asia\/it\/wp-json\/wp\/v2\/types\/product"}],"version-history":[{"count":1,"href":"https:\/\/viettourist.asia\/it\/wp-json\/wp\/v2\/product\/12450\/revisions"}],"predecessor-version":[{"id":12455,"href":"https:\/\/viettourist.asia\/it\/wp-json\/wp\/v2\/product\/12450\/revisions\/12455"}],"wp:featuredmedia":[{"embeddable":true,"href":"https:\/\/viettourist.asia\/it\/wp-json\/wp\/v2\/media\/12452"}],"wp:attachment":[{"href":"https:\/\/viettourist.asia\/it\/wp-json\/wp\/v2\/media?parent=12450"}],"wp:term":[{"taxonomy":"product_cat","embeddable":true,"href":"https:\/\/viettourist.asia\/it\/wp-json\/wp\/v2\/product_cat?post=12450"},{"taxonomy":"product_tag","embeddable":true,"href":"https:\/\/viettourist.asia\/it\/wp-json\/wp\/v2\/product_tag?post=12450"}],"curies":[{"name":"wp","href":"https:\/\/api.w.org\/{rel}","templated":true}]}}