{"id":12432,"date":"2024-10-18T02:36:37","date_gmt":"2024-10-18T02:36:37","guid":{"rendered":"https:\/\/viettourist.asia\/?post_type=product&#038;p=12432"},"modified":"2024-12-17T09:32:13","modified_gmt":"2024-12-17T09:32:13","slug":"mezza-giornata-di-palazzo-thanh-chuong","status":"publish","type":"product","link":"https:\/\/viettourist.asia\/it\/tour\/mezza-giornata-di-palazzo-thanh-chuong\/","title":{"rendered":"Mezza giornata al Palazzo Thanh Chuong"},"content":{"rendered":"<p><span style=\"font-weight: 400;\">Viet Phu Thanh Chuong \u00e8 un progetto appassionato dell&#039;artista Thanh Chuong, che incarna il ricco patrimonio culturale e storico del popolo vietnamita. Viet Phu Thanh Chuong trasuda una bellezza nostalgica e antica, rendendolo una delle destinazioni turistiche pi\u00f9 attraenti vicino ad Hanoi, attirando molti visitatori che vengono a fare il check-in. Se vuoi fuggire dalla citt\u00e0 caotica e rumorosa e cercare tranquillit\u00e0, questo \u00e8 il posto ideale per te.<\/span><\/p>\n<p><span style=\"font-weight: 400;\">Estendendosi su oltre 8.000 ettari, Viet Phu Thanh Chuong ricrea una scena vividamente nostalgica con le sue antiche strutture architettoniche uniche, consentendo ai visitatori di viaggiare indietro nella storia del Vietnam. Ecco perch\u00e9 attrae un gran numero di turisti nazionali e internazionali che vengono ad esplorare e ammirare il sito. Nel 2004, Viet Phu ha accolto la Regina e la delegazione reale dalla Svezia per una visita.<\/span><\/p>","protected":false},"excerpt":{"rendered":"<p>Viet Phu Thanh Chuong is a passionate project by artist Thanh Chuong, embodying the rich cultural and historical heritage of the Vietnamese people. Viet Phu Thanh Chuong exudes a nostalgic and ancient beauty, making it one of the most attractive tourist destinations near Hanoi, drawing many visitors who come to check in. If you want [&hellip;]<\/p>\n","protected":false},"featured_media":12434,"template":"","meta":[],"product_cat":[87,88,241,89,92,103],"product_tag":[],"class_list":{"0":"post-12432","1":"product","2":"type-product","3":"status-publish","4":"has-post-thumbnail","6":"brw_tour_themes-adventure","7":"brw_tour_themes-culture","8":"brw_tour_themes-day-tour","9":"brw_tour_themes-discover","10":"brw_tour_themes-family","11":"brw_tour_themes-group","12":"product_cat-adventure","13":"product_cat-culture","14":"product_cat-day-tour","15":"product_cat-discover","16":"product_cat-group","17":"product_cat-tour-themes","19":"first","20":"instock","21":"shipping-taxable","22":"product-type-ovabrw_car_rental"},"_links":{"self":[{"href":"https:\/\/viettourist.asia\/it\/wp-json\/wp\/v2\/product\/12432"}],"collection":[{"href":"https:\/\/viettourist.asia\/it\/wp-json\/wp\/v2\/product"}],"about":[{"href":"https:\/\/viettourist.asia\/it\/wp-json\/wp\/v2\/types\/product"}],"version-history":[{"count":1,"href":"https:\/\/viettourist.asia\/it\/wp-json\/wp\/v2\/product\/12432\/revisions"}],"predecessor-version":[{"id":12436,"href":"https:\/\/viettourist.asia\/it\/wp-json\/wp\/v2\/product\/12432\/revisions\/12436"}],"wp:featuredmedia":[{"embeddable":true,"href":"https:\/\/viettourist.asia\/it\/wp-json\/wp\/v2\/media\/12434"}],"wp:attachment":[{"href":"https:\/\/viettourist.asia\/it\/wp-json\/wp\/v2\/media?parent=12432"}],"wp:term":[{"taxonomy":"product_cat","embeddable":true,"href":"https:\/\/viettourist.asia\/it\/wp-json\/wp\/v2\/product_cat?post=12432"},{"taxonomy":"product_tag","embeddable":true,"href":"https:\/\/viettourist.asia\/it\/wp-json\/wp\/v2\/product_tag?post=12432"}],"curies":[{"name":"wp","href":"https:\/\/api.w.org\/{rel}","templated":true}]}}