{"id":12411,"date":"2024-10-10T07:24:41","date_gmt":"2024-10-10T07:24:41","guid":{"rendered":"https:\/\/viettourist.asia\/?post_type=product&#038;p=12411"},"modified":"2024-12-17T09:32:35","modified_gmt":"2024-12-17T09:32:35","slug":"giornata-intera-zona-demilitarizzata-vietnam","status":"publish","type":"product","link":"https:\/\/viettourist.asia\/it\/tour\/giornata-intera-zona-demilitarizzata-vietnam\/","title":{"rendered":"Giornata intera Zona demilitarizzata Vietnam"},"content":{"rendered":"<p><span style=\"font-weight: 400;\">Hue \u00e8 una delle destinazioni turistiche pi\u00f9 famose del Vietnam, che attrae molti visitatori con la sua antica cultura imperiale, il suo ricco significato storico e le sue tradizioni artistiche uniche come la musica della corte reale di Hue. La citt\u00e0 \u00e8 anche nota per i suoi caratteristici monumenti architettonici e la sua cucina vivace. I siti storici di Hue attraggono molti visitatori, in particolar modo quelli appassionati di esplorazione della storia del Vietnam.<\/span><\/p>\n<p><span style=\"font-weight: 400;\">Il DMZ Tour da Hue \u00e8 un incontro sorprendente con la storia della guerra e il doloroso passato del Vietnam. Puoi fare un viaggio da Hue alla zona demilitarizzata con noi. Ci sono opportunit\u00e0 di apprendere le strategie di guerra, le tattiche, la pianificazione, lo spirito resiliente del popolo vietnamita, i loro nascondigli e molto altro. Questo tour \u00e8 un&#039;eccellente opportunit\u00e0 per apprendere di pi\u00f9 sulla guerra del Vietnam.<\/span><\/p>","protected":false},"excerpt":{"rendered":"<p>Hue is one of the most famous tourist destinations in Vietnam, attracting many visitors with its ancient imperial culture, rich historical significance, and unique artistic traditions such as Hue royal court music. The city is also known for its distinctive architectural landmarks and vibrant cuisine. The historical sites in Hue attract many visitors, especially those [&hellip;]<\/p>\n","protected":false},"featured_media":12419,"template":"","meta":[],"product_cat":[87,88,241,89,90,92,103],"product_tag":[251,246,255,247],"class_list":{"0":"post-12411","1":"product","2":"type-product","3":"status-publish","4":"has-post-thumbnail","6":"brw_tour_themes-adventure","7":"brw_tour_themes-culture","8":"brw_tour_themes-day-tour","9":"brw_tour_themes-discover","10":"brw_tour_themes-family","11":"brw_tour_themes-group","12":"product_cat-adventure","13":"product_cat-culture","14":"product_cat-day-tour","15":"product_cat-discover","16":"product_cat-family","17":"product_cat-group","18":"product_cat-tour-themes","19":"product_tag-culture","20":"product_tag-discover","21":"product_tag-history","22":"product_tag-vietnam","24":"first","25":"instock","26":"shipping-taxable","27":"product-type-ovabrw_car_rental"},"_links":{"self":[{"href":"https:\/\/viettourist.asia\/it\/wp-json\/wp\/v2\/product\/12411"}],"collection":[{"href":"https:\/\/viettourist.asia\/it\/wp-json\/wp\/v2\/product"}],"about":[{"href":"https:\/\/viettourist.asia\/it\/wp-json\/wp\/v2\/types\/product"}],"version-history":[{"count":1,"href":"https:\/\/viettourist.asia\/it\/wp-json\/wp\/v2\/product\/12411\/revisions"}],"predecessor-version":[{"id":12420,"href":"https:\/\/viettourist.asia\/it\/wp-json\/wp\/v2\/product\/12411\/revisions\/12420"}],"wp:featuredmedia":[{"embeddable":true,"href":"https:\/\/viettourist.asia\/it\/wp-json\/wp\/v2\/media\/12419"}],"wp:attachment":[{"href":"https:\/\/viettourist.asia\/it\/wp-json\/wp\/v2\/media?parent=12411"}],"wp:term":[{"taxonomy":"product_cat","embeddable":true,"href":"https:\/\/viettourist.asia\/it\/wp-json\/wp\/v2\/product_cat?post=12411"},{"taxonomy":"product_tag","embeddable":true,"href":"https:\/\/viettourist.asia\/it\/wp-json\/wp\/v2\/product_tag?post=12411"}],"curies":[{"name":"wp","href":"https:\/\/api.w.org\/{rel}","templated":true}]}}