{"id":12394,"date":"2024-10-10T06:49:25","date_gmt":"2024-10-10T06:49:25","guid":{"rendered":"https:\/\/viettourist.asia\/?post_type=product&#038;p=12394"},"modified":"2024-12-17T09:33:24","modified_gmt":"2024-12-17T09:33:24","slug":"un-giorno-a-hoi-an-e-mio-figlio","status":"publish","type":"product","link":"https:\/\/viettourist.asia\/it\/tour\/un-giorno-a-hoi-an-e-mio-figlio\/","title":{"rendered":"Un giorno a Hoi An e My Son"},"content":{"rendered":"<p><span style=\"font-weight: 400;\">Situata sulla riva nord del basso fiume Thu Bon, Hoi An \u00e8 un&#039;antica citt\u00e0 nella provincia di Quang Nam, situata a oltre 30 km da Da Nang e 122 km da Hue. Quando si menziona Hoi An, non si possono ignorare le file di vecchi edifici color ocra, il fiume illuminato dalle lanterne scintillanti di notte e il delizioso e conveniente cibo di strada. Tutto qui trasuda una bellezza gentile e serena, con paesaggi pittoreschi e persone calorose, amichevoli e ospitali.<\/span><\/p>\n<p><span style=\"font-weight: 400;\">Insieme alle antiche citt\u00e0 di Hoi An e Hue, il Santuario di My Son forma un gruppo di tre famosi siti patrimonio dell&#039;umanit\u00e0 nel Vietnam centrale, mantenendo la sua popolarit\u00e0 come destinazione turistica nel tempo. Onorato di essere elencato tra i primi 10 templi pi\u00f9 belli e famosi del Sud-est asiatico, My Son \u00e8 un sito sacro che attrae visitatori per esplorazione e ammirazione ogni giorno. Questo articolo fornir\u00e0 informazioni dettagliate sul Santuario di My Son, insieme a utili ed essenziali consigli di viaggio che dovresti leggere e salvare subito.<\/span><\/p>","protected":false},"excerpt":{"rendered":"<p>Situated on the north bank of the lower Thu Bon River, Hoi An is an ancient town in Quang Nam province, located over 30 km from Da Nang and 122 km from Hue. When mentioning Hoi An, one cannot overlook the rows of old ochre buildings, the shimmering lantern-lit river at night, and the delicious, [&hellip;]<\/p>\n","protected":false},"featured_media":12397,"template":"","meta":[],"product_cat":[87,88,241,89,90,92,103],"product_tag":[251,246,255,247],"class_list":{"0":"post-12394","1":"product","2":"type-product","3":"status-publish","4":"has-post-thumbnail","6":"brw_tour_themes-culture","7":"brw_tour_themes-day-tour","8":"brw_tour_themes-discover","9":"brw_tour_themes-family","10":"brw_tour_themes-group","11":"product_cat-adventure","12":"product_cat-culture","13":"product_cat-day-tour","14":"product_cat-discover","15":"product_cat-family","16":"product_cat-group","17":"product_cat-tour-themes","18":"product_tag-culture","19":"product_tag-discover","20":"product_tag-history","21":"product_tag-vietnam","23":"first","24":"instock","25":"shipping-taxable","26":"product-type-ovabrw_car_rental"},"_links":{"self":[{"href":"https:\/\/viettourist.asia\/it\/wp-json\/wp\/v2\/product\/12394"}],"collection":[{"href":"https:\/\/viettourist.asia\/it\/wp-json\/wp\/v2\/product"}],"about":[{"href":"https:\/\/viettourist.asia\/it\/wp-json\/wp\/v2\/types\/product"}],"version-history":[{"count":1,"href":"https:\/\/viettourist.asia\/it\/wp-json\/wp\/v2\/product\/12394\/revisions"}],"predecessor-version":[{"id":12399,"href":"https:\/\/viettourist.asia\/it\/wp-json\/wp\/v2\/product\/12394\/revisions\/12399"}],"wp:featuredmedia":[{"embeddable":true,"href":"https:\/\/viettourist.asia\/it\/wp-json\/wp\/v2\/media\/12397"}],"wp:attachment":[{"href":"https:\/\/viettourist.asia\/it\/wp-json\/wp\/v2\/media?parent=12394"}],"wp:term":[{"taxonomy":"product_cat","embeddable":true,"href":"https:\/\/viettourist.asia\/it\/wp-json\/wp\/v2\/product_cat?post=12394"},{"taxonomy":"product_tag","embeddable":true,"href":"https:\/\/viettourist.asia\/it\/wp-json\/wp\/v2\/product_tag?post=12394"}],"curies":[{"name":"wp","href":"https:\/\/api.w.org\/{rel}","templated":true}]}}