{"id":11907,"date":"2024-09-04T10:15:53","date_gmt":"2024-09-04T10:15:53","guid":{"rendered":"https:\/\/viettourist.asia\/?post_type=product&#038;p=11907"},"modified":"2024-12-17T09:51:17","modified_gmt":"2024-12-17T09:51:17","slug":"patrimonio-vietnam-centrale-in-treno-di-lusso-6-giorni-5-notti","status":"publish","type":"product","link":"https:\/\/viettourist.asia\/it\/tour\/patrimonio-vietnam-centrale-in-treno-di-lusso-6-giorni-5-notti\/","title":{"rendered":"Patrimonio Vietnam Centrale in Treno di Lusso 6 giorni \/ 5 notti"},"content":{"rendered":"<p>Questo itinerario ti porta in un viaggio lussuoso attraverso il ricco patrimonio e gli scenari mozzafiato del Vietnam centrale. Esplorerai l&#039;antica citt\u00e0 di Hue, l&#039;affascinante citt\u00e0 di Hoi An e la splendida citt\u00e0 costiera di Nha Trang, il tutto viaggiando con stile a bordo del The Vietage, un treno di lusso.<\/p>","protected":false},"excerpt":{"rendered":"<p>Questo itinerario ti porta in un viaggio lussuoso attraverso il ricco patrimonio e gli scenari mozzafiato del Vietnam centrale. Esplorerai l&#039;antica citt\u00e0 di Hue, l&#039;affascinante citt\u00e0 di Hoi An e la splendida citt\u00e0 costiera di Nha Trang, il tutto viaggiando con stile a bordo del The Vietage, un treno di lusso.<\/p>","protected":false},"featured_media":11913,"template":"","meta":[],"product_cat":[88,89,90,92,86,103],"product_tag":[],"class_list":{"0":"post-11907","1":"product","2":"type-product","3":"status-publish","4":"has-post-thumbnail","6":"brw_tour_themes-culture","7":"brw_tour_themes-discover","8":"brw_tour_themes-family","9":"brw_tour_themes-group","10":"brw_tour_themes-luxury","11":"product_cat-culture","12":"product_cat-discover","13":"product_cat-family","14":"product_cat-group","15":"product_cat-luxury","16":"product_cat-tour-themes","18":"first","19":"instock","20":"shipping-taxable","21":"product-type-ovabrw_car_rental"},"_links":{"self":[{"href":"https:\/\/viettourist.asia\/it\/wp-json\/wp\/v2\/product\/11907"}],"collection":[{"href":"https:\/\/viettourist.asia\/it\/wp-json\/wp\/v2\/product"}],"about":[{"href":"https:\/\/viettourist.asia\/it\/wp-json\/wp\/v2\/types\/product"}],"version-history":[{"count":2,"href":"https:\/\/viettourist.asia\/it\/wp-json\/wp\/v2\/product\/11907\/revisions"}],"predecessor-version":[{"id":11917,"href":"https:\/\/viettourist.asia\/it\/wp-json\/wp\/v2\/product\/11907\/revisions\/11917"}],"wp:featuredmedia":[{"embeddable":true,"href":"https:\/\/viettourist.asia\/it\/wp-json\/wp\/v2\/media\/11913"}],"wp:attachment":[{"href":"https:\/\/viettourist.asia\/it\/wp-json\/wp\/v2\/media?parent=11907"}],"wp:term":[{"taxonomy":"product_cat","embeddable":true,"href":"https:\/\/viettourist.asia\/it\/wp-json\/wp\/v2\/product_cat?post=11907"},{"taxonomy":"product_tag","embeddable":true,"href":"https:\/\/viettourist.asia\/it\/wp-json\/wp\/v2\/product_tag?post=11907"}],"curies":[{"name":"wp","href":"https:\/\/api.w.org\/{rel}","templated":true}]}}