{"id":9494,"date":"2024-06-24T08:53:54","date_gmt":"2024-06-24T08:53:54","guid":{"rendered":"https:\/\/dev5.knok-studios.com\/?post_type=product&#038;p=9494"},"modified":"2024-12-17T09:43:10","modified_gmt":"2024-12-17T09:43:10","slug":"lodyssee-du-vietnam-un-voyage-durable-du-nord-au-sud-12j-11n","status":"publish","type":"product","link":"https:\/\/viettourist.asia\/fr\/tournee\/lodyssee-du-vietnam-un-voyage-durable-du-nord-au-sud-12j-11n\/","title":{"rendered":"Odyss\u00e9e du Vietnam 13 jours \/ 12 nuits"},"content":{"rendered":"<h2>Aper\u00e7u<\/h2>\n<p>\u00ab\u00a0Voyage du Nord au Sud\u00a0\u00bb\u00a0: une aventure soigneusement con\u00e7ue qui allie harmonieusement paysages \u00e0 couper le souffle, exp\u00e9riences culturelles riches et pratiques de voyage \u00e9co-responsables. Rejoignez-nous pour une plong\u00e9e dans la richesse du Vietnam, des rues anciennes de Hano\u00ef \u00e0 l&#039;effervescence d&#039;H\u00f4-Chi-Minh-Ville, tout en restant fid\u00e8les \u00e0 notre engagement \u00e0 pr\u00e9server la beaut\u00e9 naturelle et le patrimoine culturel de cette terre enchanteresse. Embarquez pour un voyage qui transcende le tourisme\u00a0: il est temps d&#039;explorer le Vietnam de mani\u00e8re responsable.<\/p>","protected":false},"excerpt":{"rendered":"<p>Overview Journey from North to South&#8221; \u2013 a meticulously crafted adventure that seamlessly blends breathtaking landscapes, rich cultural experiences, and eco-conscious travel practices. Join us as we delve into the vibrant tapestry of Vietnam, from the ancient streets of Hanoi to the bustling energy of Ho Chi Minh City, all while staying true to our [&hellip;]<\/p>\n","protected":false},"featured_media":9506,"template":"","meta":[],"product_cat":[88,89,90,92,86,103],"product_tag":[],"class_list":{"0":"post-9494","1":"product","2":"type-product","3":"status-publish","4":"has-post-thumbnail","6":"brw_tour_themes-culture","7":"brw_tour_themes-discover","8":"brw_tour_themes-family","9":"brw_tour_themes-group","10":"brw_tour_themes-luxury","11":"product_cat-culture","12":"product_cat-discover","13":"product_cat-family","14":"product_cat-group","15":"product_cat-luxury","16":"product_cat-tour-themes","18":"first","19":"instock","20":"shipping-taxable","21":"product-type-ovabrw_car_rental"},"_links":{"self":[{"href":"https:\/\/viettourist.asia\/fr\/wp-json\/wp\/v2\/product\/9494"}],"collection":[{"href":"https:\/\/viettourist.asia\/fr\/wp-json\/wp\/v2\/product"}],"about":[{"href":"https:\/\/viettourist.asia\/fr\/wp-json\/wp\/v2\/types\/product"}],"version-history":[{"count":8,"href":"https:\/\/viettourist.asia\/fr\/wp-json\/wp\/v2\/product\/9494\/revisions"}],"predecessor-version":[{"id":11959,"href":"https:\/\/viettourist.asia\/fr\/wp-json\/wp\/v2\/product\/9494\/revisions\/11959"}],"wp:featuredmedia":[{"embeddable":true,"href":"https:\/\/viettourist.asia\/fr\/wp-json\/wp\/v2\/media\/9506"}],"wp:attachment":[{"href":"https:\/\/viettourist.asia\/fr\/wp-json\/wp\/v2\/media?parent=9494"}],"wp:term":[{"taxonomy":"product_cat","embeddable":true,"href":"https:\/\/viettourist.asia\/fr\/wp-json\/wp\/v2\/product_cat?post=9494"},{"taxonomy":"product_tag","embeddable":true,"href":"https:\/\/viettourist.asia\/fr\/wp-json\/wp\/v2\/product_tag?post=9494"}],"curies":[{"name":"wp","href":"https:\/\/api.w.org\/{rel}","templated":true}]}}