{"id":9481,"date":"2024-06-24T05:36:21","date_gmt":"2024-06-24T05:36:21","guid":{"rendered":"https:\/\/dev5.knok-studios.com\/?post_type=product&#038;p=9481"},"modified":"2024-12-17T09:50:27","modified_gmt":"2024-12-17T09:50:27","slug":"hanoi-et-la-baie-dhalong-4j-3n","status":"publish","type":"product","link":"https:\/\/viettourist.asia\/fr\/tournee\/hanoi-et-la-baie-dhalong-4j-3n\/","title":{"rendered":"Hano\u00ef et la Baie d&#039;Halong 4 jours \/ 3 nuits"},"content":{"rendered":"<h2>Aper\u00e7u<\/h2>\n<p><span style=\"font-weight: 400;\">Class\u00e9e au patrimoine mondial de l&#039;UNESCO en 1994, la baie d&#039;Along est l&#039;un des sites naturels les plus spectaculaires du Vietnam. Situ\u00e9e \u00e0 environ 200 km de Hano\u00ef, elle s&#039;\u00e9tend sur plus de 1\u00a0500 kilom\u00e8tres carr\u00e9s et est parsem\u00e9e de milliers d&#039;\u00eeles calcaires qui surgissent des eaux cristallines telles des sculptures divines. Venez admirer ce que les Vietnamiens appellent \u00ab\u00a0le dragon descendant\u00a0\u00bb.<\/span><\/p>","protected":false},"excerpt":{"rendered":"<p>Overview Declared as a World Heritage site by the UNESCO, Ha Long Bay is one of Vietnam\u2019s most spectacular natural attractions, which was declared a World Natural Heritage site by UNESCO in 1994. Located around 200 km out of Hanoi, the bay covers an area of more than 1500 square kilometers and is dotted with [&hellip;]<\/p>\n","protected":false},"featured_media":9505,"template":"","meta":[],"product_cat":[15,88,89,90,92,93,86,103],"product_tag":[],"class_list":{"0":"post-9481","1":"product","2":"type-product","3":"status-publish","4":"has-post-thumbnail","6":"brw_tour_themes-culture","7":"brw_tour_themes-discover","8":"brw_tour_themes-family","9":"brw_tour_themes-group","10":"brw_tour_themes-honeymoon","11":"brw_tour_themes-luxury","12":"product_cat-uncategorized","13":"product_cat-culture","14":"product_cat-discover","15":"product_cat-family","16":"product_cat-group","17":"product_cat-honeymoon","18":"product_cat-luxury","19":"product_cat-tour-themes","21":"first","22":"instock","23":"shipping-taxable","24":"product-type-ovabrw_car_rental"},"_links":{"self":[{"href":"https:\/\/viettourist.asia\/fr\/wp-json\/wp\/v2\/product\/9481"}],"collection":[{"href":"https:\/\/viettourist.asia\/fr\/wp-json\/wp\/v2\/product"}],"about":[{"href":"https:\/\/viettourist.asia\/fr\/wp-json\/wp\/v2\/types\/product"}],"version-history":[{"count":5,"href":"https:\/\/viettourist.asia\/fr\/wp-json\/wp\/v2\/product\/9481\/revisions"}],"predecessor-version":[{"id":11880,"href":"https:\/\/viettourist.asia\/fr\/wp-json\/wp\/v2\/product\/9481\/revisions\/11880"}],"wp:featuredmedia":[{"embeddable":true,"href":"https:\/\/viettourist.asia\/fr\/wp-json\/wp\/v2\/media\/9505"}],"wp:attachment":[{"href":"https:\/\/viettourist.asia\/fr\/wp-json\/wp\/v2\/media?parent=9481"}],"wp:term":[{"taxonomy":"product_cat","embeddable":true,"href":"https:\/\/viettourist.asia\/fr\/wp-json\/wp\/v2\/product_cat?post=9481"},{"taxonomy":"product_tag","embeddable":true,"href":"https:\/\/viettourist.asia\/fr\/wp-json\/wp\/v2\/product_tag?post=9481"}],"curies":[{"name":"wp","href":"https:\/\/api.w.org\/{rel}","templated":true}]}}