{"id":9455,"date":"2024-06-24T04:26:00","date_gmt":"2024-06-24T04:26:00","guid":{"rendered":"https:\/\/dev5.knok-studios.com\/?post_type=product&#038;p=9455"},"modified":"2024-12-17T09:50:50","modified_gmt":"2024-12-17T09:50:50","slug":"centre-du-vietnam-5j-4n","status":"publish","type":"product","link":"https:\/\/viettourist.asia\/fr\/tournee\/centre-du-vietnam-5j-4n\/","title":{"rendered":"Centre du Vietnam 5 jours \/ 4 nuits"},"content":{"rendered":"<h2>Aper\u00e7u<\/h2>\n<p><span style=\"font-weight: 400;\">D\u00e9couvrez le centre du Vietnam et d\u00e9couvrez l&#039;ancienne royaut\u00e9 de Hue jusqu&#039;\u00e0 la grandeur coloniale de Hoi An tout en profitant du luxe de la plage \u00e0 Danang.\u00a0<\/span><\/p>\n<p><span style=\"font-weight: 400;\">Hue, l&#039;ancienne cit\u00e9 imp\u00e9riale, qui servit de capitale du Vietnam sous les empereurs de la dynastie Nguyen de 1802 \u00e0 1945. Le voyage se poursuivra avec la ville pittoresque de Hoi An, l&#039;un des principaux ports commerciaux d&#039;Asie du Sud-Est entre le XVIIe et le XIXe si\u00e8cle, une visite des montagnes de marbre (\u00ab montagnes des cinq \u00e9l\u00e9ments \u00bb) et son c\u00e9l\u00e8bre village de sculptures sur pierre et d&#039;artisanat de taille de pierre. En particulier, une excursion en bateau en bois vers l&#039;\u00eele Cham - pour visiter le village de p\u00eacheurs traditionnel et profiter de la plong\u00e9e avec tuba ou de la plong\u00e9e sous-marine.<\/span><\/p>","protected":false},"excerpt":{"rendered":"<p>Overview Experience the Central Vietnam and discover the ancient royalty of Hue to the colonial grandeur of Hoi An while enjoying beach luxury in Danang.\u00a0 Hue, the old Imperial City, which served as Vietnam\u2019s capital under the emperors of the Nguyen Dynasty from 1802 to 1945. The trip will continue with the picturesque town of [&hellip;]<\/p>\n","protected":false},"featured_media":9509,"template":"","meta":[],"product_cat":[88,89,109,90,92,86,103],"product_tag":[],"class_list":{"0":"post-9455","1":"product","2":"type-product","3":"status-publish","4":"has-post-thumbnail","6":"brw_tour_themes-culture","7":"brw_tour_themes-discover","8":"brw_tour_themes-family","9":"brw_tour_themes-group","10":"brw_tour_themes-luxury","11":"product_cat-culture","12":"product_cat-discover","13":"product_cat-education","14":"product_cat-family","15":"product_cat-group","16":"product_cat-luxury","17":"product_cat-tour-themes","19":"first","20":"instock","21":"shipping-taxable","22":"product-type-ovabrw_car_rental"},"_links":{"self":[{"href":"https:\/\/viettourist.asia\/fr\/wp-json\/wp\/v2\/product\/9455"}],"collection":[{"href":"https:\/\/viettourist.asia\/fr\/wp-json\/wp\/v2\/product"}],"about":[{"href":"https:\/\/viettourist.asia\/fr\/wp-json\/wp\/v2\/types\/product"}],"version-history":[{"count":6,"href":"https:\/\/viettourist.asia\/fr\/wp-json\/wp\/v2\/product\/9455\/revisions"}],"predecessor-version":[{"id":11900,"href":"https:\/\/viettourist.asia\/fr\/wp-json\/wp\/v2\/product\/9455\/revisions\/11900"}],"wp:featuredmedia":[{"embeddable":true,"href":"https:\/\/viettourist.asia\/fr\/wp-json\/wp\/v2\/media\/9509"}],"wp:attachment":[{"href":"https:\/\/viettourist.asia\/fr\/wp-json\/wp\/v2\/media?parent=9455"}],"wp:term":[{"taxonomy":"product_cat","embeddable":true,"href":"https:\/\/viettourist.asia\/fr\/wp-json\/wp\/v2\/product_cat?post=9455"},{"taxonomy":"product_tag","embeddable":true,"href":"https:\/\/viettourist.asia\/fr\/wp-json\/wp\/v2\/product_tag?post=9455"}],"curies":[{"name":"wp","href":"https:\/\/api.w.org\/{rel}","templated":true}]}}