{"id":12586,"date":"2025-05-05T04:07:12","date_gmt":"2025-05-05T04:07:12","guid":{"rendered":"https:\/\/viettourist.asia\/?post_type=product&#038;p=12586"},"modified":"2025-05-12T08:58:32","modified_gmt":"2025-05-12T08:58:32","slug":"les-incontournables-du-vietnam-13-jours-10-nuits-depart-fixe-francophone","status":"publish","type":"product","link":"https:\/\/viettourist.asia\/fr\/tournee\/les-incontournables-du-vietnam-13-jours-10-nuits-depart-fixe-francophone\/","title":{"rendered":"Vietnam Panorama 13 jours 10 nuits d\u00e9part fixe Francophone"},"content":{"rendered":"<p>\u2714 Petit groupe pour grandes d\u00e9couvertes : limit\u00e9 \u00e0 19 personnes pour maintenir un tr\u00e8s bon rythme de voyage et de rencontres \u00e0 l&#039;int\u00e9rieur du pays.<br \/>\n\u2714 Les d\u00e9parts sont garantis \u00e0 partir de 2 personnes.<br \/>\n\u2714 Les sites incontournables du Nord au Sud, une grande vari\u00e9t\u00e9 d\u2019activit\u00e9s : promenades en bateau ou en barque, balades \u00e0 v\u00e9lo, cyclo-pousse, trains de nuit, vols int\u00e9rieurs\u2026<br \/>\n\u2714 En dehors du tourisme de masse : la ville Hon Gai, une nouvelle destination, plusieurs balades dans des villages authentiques.<br \/>\n\u2714 Exp\u00e9riences : cours de cuisine \u00e0 Tra Que, confection de vos rouleaux de printemps ou \u00ab banh xeo \u00bb avec la famille d\u2019accueil\u2026<br \/>\n\u2714 Une nuit en train Hanoi\/Hue, pour une proximit\u00e9 imm\u00e9diate avec les locaux, avec possibilit\u00e9 de remplacer le vol Hanoi\/Hue.<br \/>\n\u2714 Belle gamme d&#039;h\u00e9bergements : 7 nuits en h\u00f4tels 4* et 2 nuits en bons 3* tr\u00e8s bien choisis.<br \/>\n\u2714 Belle option 4* pour une charmante croisi\u00e8re en jonque sur la baie d&#039;Halong.<\/p>","protected":false},"excerpt":{"rendered":"<p>\u2714 Small group for great discoveries: limited to 19 people to maintain a very good rhythm of travel and meetings in the interior of the country. \u2714 Departures are guaranteed from 2 people. \u2714 The must-see sites from North to South, a wide variety of activities: boat or boat trips, bike rides, pedicabs, night trains, [&hellip;]<\/p>\n","protected":false},"featured_media":12587,"template":"","meta":[],"product_cat":[103,87,88,89,90,92],"product_tag":[257,246,263,264,265],"class_list":{"0":"post-12586","1":"product","2":"type-product","3":"status-publish","4":"has-post-thumbnail","6":"brw_tour_themes-discover","7":"brw_tour_themes-family","8":"brw_tour_themes-group","9":"product_cat-tour-themes","10":"product_cat-adventure","11":"product_cat-culture","12":"product_cat-discover","13":"product_cat-family","14":"product_cat-group","15":"product_tag-adventure","16":"product_tag-discover","17":"product_tag-fix-departure","18":"product_tag-gir","19":"product_tag-groupe-2","21":"first","22":"instock","23":"shipping-taxable","24":"product-type-ovabrw_car_rental"},"_links":{"self":[{"href":"https:\/\/viettourist.asia\/fr\/wp-json\/wp\/v2\/product\/12586"}],"collection":[{"href":"https:\/\/viettourist.asia\/fr\/wp-json\/wp\/v2\/product"}],"about":[{"href":"https:\/\/viettourist.asia\/fr\/wp-json\/wp\/v2\/types\/product"}],"version-history":[{"count":3,"href":"https:\/\/viettourist.asia\/fr\/wp-json\/wp\/v2\/product\/12586\/revisions"}],"predecessor-version":[{"id":12602,"href":"https:\/\/viettourist.asia\/fr\/wp-json\/wp\/v2\/product\/12586\/revisions\/12602"}],"wp:featuredmedia":[{"embeddable":true,"href":"https:\/\/viettourist.asia\/fr\/wp-json\/wp\/v2\/media\/12587"}],"wp:attachment":[{"href":"https:\/\/viettourist.asia\/fr\/wp-json\/wp\/v2\/media?parent=12586"}],"wp:term":[{"taxonomy":"product_cat","embeddable":true,"href":"https:\/\/viettourist.asia\/fr\/wp-json\/wp\/v2\/product_cat?post=12586"},{"taxonomy":"product_tag","embeddable":true,"href":"https:\/\/viettourist.asia\/fr\/wp-json\/wp\/v2\/product_tag?post=12586"}],"curies":[{"name":"wp","href":"https:\/\/api.w.org\/{rel}","templated":true}]}}