{"id":12521,"date":"2025-01-06T06:52:09","date_gmt":"2025-01-06T06:52:09","guid":{"rendered":"https:\/\/viettourist.asia\/?post_type=product&#038;p=12521"},"modified":"2025-01-06T07:03:36","modified_gmt":"2025-01-06T07:03:36","slug":"decouvrez-lessence-du-vietnam-10j9n-vietnam-highlights-croisiere-sur-le-mekong","status":"publish","type":"product","link":"https:\/\/viettourist.asia\/fr\/tournee\/decouvrez-lessence-du-vietnam-10j9n-vietnam-highlights-croisiere-sur-le-mekong\/","title":{"rendered":"D\u00e9couvrez l&#039;essence du Vietnam : croisi\u00e8re de 10 jours et 9 nuits sur le M\u00e9kong"},"content":{"rendered":"<p>Embarquez pour un voyage qui vous fera d\u00e9couvrir la culture vibrante, les paysages \u00e9poustouflants et les traditions intemporelles du Vietnam. Des rues historiques de Hano\u00ef \u00e0 la beaut\u00e9 surr\u00e9aliste de la baie de Lan Ha (baie d&#039;Along), et de la m\u00e9tropole anim\u00e9e d&#039;H\u00f4-Chi-Minh-Ville aux eaux sereines du delta du M\u00e9kong, cet itin\u00e9raire de 10 jours et 9 nuits allie aventure, d\u00e9tente et d\u00e9couverte. Offrez-vous des exp\u00e9riences uniques comme une croisi\u00e8re de nuit dans la baie de Lan Ha (baie d&#039;Along), l&#039;exploration du charmant vieux quartier de Hano\u00ef \u00e0 v\u00e9lo et la d\u00e9couverte de la vie anim\u00e9e le long du M\u00e9kong. Laissez-vous envo\u00fbter par la magie du Vietnam\u00a0!<\/p>","protected":false},"excerpt":{"rendered":"<p>Embark on a journey that encapsulates the vibrant culture, breathtaking landscapes, and timeless traditions of Vietnam. From the historic streets of Hanoi to the surreal beauty of Lan Ha Bay (Halong Bay), and from the bustling metropolis of Ho Chi Minh City to the serene waters of the Mekong Delta, this 10-day, 9-night itinerary is [&hellip;]<\/p>\n","protected":false},"featured_media":12463,"template":"","meta":[],"product_cat":[87,88,89,90,92,93,86,103],"product_tag":[261,246,249,262,247],"class_list":{"0":"post-12521","1":"product","2":"type-product","3":"status-publish","4":"has-post-thumbnail","6":"brw_tour_themes-adventure","7":"brw_tour_themes-culture","8":"brw_tour_themes-discover","9":"brw_tour_themes-family","10":"brw_tour_themes-group","11":"brw_tour_themes-honeymoon","12":"brw_tour_themes-luxury","13":"product_cat-adventure","14":"product_cat-culture","15":"product_cat-discover","16":"product_cat-family","17":"product_cat-group","18":"product_cat-honeymoon","19":"product_cat-luxury","20":"product_cat-tour-themes","21":"product_tag-cruise","22":"product_tag-discover","23":"product_tag-experience","24":"product_tag-mekong","25":"product_tag-vietnam","27":"first","28":"instock","29":"shipping-taxable","30":"product-type-ovabrw_car_rental"},"_links":{"self":[{"href":"https:\/\/viettourist.asia\/fr\/wp-json\/wp\/v2\/product\/12521"}],"collection":[{"href":"https:\/\/viettourist.asia\/fr\/wp-json\/wp\/v2\/product"}],"about":[{"href":"https:\/\/viettourist.asia\/fr\/wp-json\/wp\/v2\/types\/product"}],"version-history":[{"count":3,"href":"https:\/\/viettourist.asia\/fr\/wp-json\/wp\/v2\/product\/12521\/revisions"}],"predecessor-version":[{"id":12528,"href":"https:\/\/viettourist.asia\/fr\/wp-json\/wp\/v2\/product\/12521\/revisions\/12528"}],"wp:featuredmedia":[{"embeddable":true,"href":"https:\/\/viettourist.asia\/fr\/wp-json\/wp\/v2\/media\/12463"}],"wp:attachment":[{"href":"https:\/\/viettourist.asia\/fr\/wp-json\/wp\/v2\/media?parent=12521"}],"wp:term":[{"taxonomy":"product_cat","embeddable":true,"href":"https:\/\/viettourist.asia\/fr\/wp-json\/wp\/v2\/product_cat?post=12521"},{"taxonomy":"product_tag","embeddable":true,"href":"https:\/\/viettourist.asia\/fr\/wp-json\/wp\/v2\/product_tag?post=12521"}],"curies":[{"name":"wp","href":"https:\/\/api.w.org\/{rel}","templated":true}]}}