{"id":12512,"date":"2024-12-30T08:03:17","date_gmt":"2024-12-30T08:03:17","guid":{"rendered":"https:\/\/viettourist.asia\/?post_type=product&#038;p=12512"},"modified":"2024-12-30T08:06:59","modified_gmt":"2024-12-30T08:06:59","slug":"decouvrez-le-coeur-du-delta-du-mekong-une-aventure-a-velo-de-2-jours","status":"publish","type":"product","link":"https:\/\/viettourist.asia\/fr\/tournee\/decouvrez-le-coeur-du-delta-du-mekong-une-aventure-a-velo-de-2-jours\/","title":{"rendered":"D\u00e9couvrez le c\u0153ur du delta du M\u00e9kong : une aventure \u00e0 v\u00e9lo de 2 jours"},"content":{"rendered":"<p>Embarquez pour un voyage inoubliable de deux jours \u00e0 travers les paysages luxuriants et vibrants du delta du M\u00e9kong, au sud du Vietnam. Ce circuit est id\u00e9al pour les passionn\u00e9s de v\u00e9lo et les explorateurs culturels qui souhaitent s&#039;immerger dans les riches traditions et la beaut\u00e9 sereine de cette r\u00e9gion embl\u00e9matique.<\/p>\n<p>Depuis les rues anim\u00e9es de H\u00f4-Chi-Minh-Ville, vous serez transport\u00e9 jusqu&#039;\u00e0 My Tho, o\u00f9 d\u00e9bute votre aventure \u00e0 v\u00e9lo. P\u00e9dalez \u00e0 travers de pittoresques villages ruraux, des plantations de bananes et des champs de canne \u00e0 sucre, en empruntant des sentiers \u00e9troits, des chemins de gravier et des hameaux cach\u00e9s. Traversez rivi\u00e8res et canaux \u00e0 bord de ferries locaux, impr\u00e9gnez-vous du rythme paisible de la vie dans le delta et profitez d&#039;une superbe exp\u00e9rience cycliste au c\u0153ur du Vietnam.<\/p>\n<p>Passez la nuit sur l&#039;\u00eele de Vinh Long avant de vous lancer dans une nouvelle journ\u00e9e de d\u00e9couvertes. D&#039;une paisible promenade en bateau sur le M\u00e9kong sup\u00e9rieur au march\u00e9 flottant anim\u00e9 de Cai Be, vous d\u00e9couvrirez le dynamisme commercial et les traditions uniques qui caract\u00e9risent cette r\u00e9gion. Explorez l&#039;artisanat local, comme la fabrication de papier de riz et de bonbons \u00e0 la noix de coco, et parcourez \u00e0 v\u00e9lo des vergers luxuriants, passez devant des pagodes khm\u00e8res et longez des sentiers paisibles bord\u00e9s d&#039;arbres.<\/p>\n<p>\u00c0 chaque tour de roue, vous d\u00e9couvrirez le charme authentique et la beaut\u00e9 naturelle du delta du M\u00e9kong, faisant de cette aventure une aventure vraiment m\u00e9morable.<\/p>","protected":false},"excerpt":{"rendered":"<p>Embark on an unforgettable two-day journey through the lush, vibrant landscapes of southern Vietnam&#8217;s Mekong Delta. This tour is perfect for cycling enthusiasts and cultural explorers who want to dive deep into the rich traditions and serene beauty of this iconic region. From the bustling streets of Ho Chi Minh City, you\u2019ll be transported to [&hellip;]<\/p>\n","protected":false},"featured_media":12515,"template":"","meta":[],"product_cat":[87,88,89,90,92,103],"product_tag":[252,246,249,247],"class_list":{"0":"post-12512","1":"product","2":"type-product","3":"status-publish","4":"has-post-thumbnail","6":"brw_tour_themes-adventure","7":"brw_tour_themes-culture","8":"brw_tour_themes-discover","9":"brw_tour_themes-family","10":"brw_tour_themes-group","11":"product_cat-adventure","12":"product_cat-culture","13":"product_cat-discover","14":"product_cat-family","15":"product_cat-group","16":"product_cat-tour-themes","17":"product_tag-bicycle","18":"product_tag-discover","19":"product_tag-experience","20":"product_tag-vietnam","22":"first","23":"instock","24":"shipping-taxable","25":"product-type-ovabrw_car_rental"},"_links":{"self":[{"href":"https:\/\/viettourist.asia\/fr\/wp-json\/wp\/v2\/product\/12512"}],"collection":[{"href":"https:\/\/viettourist.asia\/fr\/wp-json\/wp\/v2\/product"}],"about":[{"href":"https:\/\/viettourist.asia\/fr\/wp-json\/wp\/v2\/types\/product"}],"version-history":[{"count":1,"href":"https:\/\/viettourist.asia\/fr\/wp-json\/wp\/v2\/product\/12512\/revisions"}],"predecessor-version":[{"id":12516,"href":"https:\/\/viettourist.asia\/fr\/wp-json\/wp\/v2\/product\/12512\/revisions\/12516"}],"wp:featuredmedia":[{"embeddable":true,"href":"https:\/\/viettourist.asia\/fr\/wp-json\/wp\/v2\/media\/12515"}],"wp:attachment":[{"href":"https:\/\/viettourist.asia\/fr\/wp-json\/wp\/v2\/media?parent=12512"}],"wp:term":[{"taxonomy":"product_cat","embeddable":true,"href":"https:\/\/viettourist.asia\/fr\/wp-json\/wp\/v2\/product_cat?post=12512"},{"taxonomy":"product_tag","embeddable":true,"href":"https:\/\/viettourist.asia\/fr\/wp-json\/wp\/v2\/product_tag?post=12512"}],"curies":[{"name":"wp","href":"https:\/\/api.w.org\/{rel}","templated":true}]}}