{"id":12500,"date":"2024-12-30T04:51:21","date_gmt":"2024-12-30T04:51:21","guid":{"rendered":"https:\/\/viettourist.asia\/?post_type=product&#038;p=12500"},"modified":"2024-12-30T04:51:22","modified_gmt":"2024-12-30T04:51:22","slug":"une-experience-cafe-et-decouvrez-dalat","status":"publish","type":"product","link":"https:\/\/viettourist.asia\/fr\/tournee\/une-experience-cafe-et-decouvrez-dalat\/","title":{"rendered":"Une exp\u00e9rience caf\u00e9 et d\u00e9couverte de Dalat"},"content":{"rendered":"<p>Embarquez pour un voyage captivant \u00e0 travers les hauts plateaux du centre du Vietnam et d\u00e9couvrez la pittoresque ville de Dalat, r\u00e9put\u00e9e pour son climat temp\u00e9r\u00e9, ses paysages vibrants et son riche patrimoine culturel. Souvent surnomm\u00e9e la \u00ab\u00a0ville du printemps \u00e9ternel\u00a0\u00bb, Dalat allie harmonieusement charme colonial fran\u00e7ais et beaut\u00e9 naturelle, offrant des for\u00eats de pins luxuriantes, des lacs paisibles, des cascades et des collines verdoyantes.<\/p>\n<p>Cet itin\u00e9raire unique vous promet une exp\u00e9rience inoubliable, de l&#039;initiation \u00e0 l&#039;art de la culture durable du caf\u00e9 \u00e0 la d\u00e9couverte des traditions locales, de paysages \u00e9poustouflants et de merveilles architecturales. Que vous savouriez les sp\u00e9cialit\u00e9s culinaires de Dalat, parcouriez les plantations de th\u00e9 ou d\u00e9couvriez l&#039;histoire fascinante de la ville, ce circuit est con\u00e7u pour vous immerger dans l&#039;essence m\u00eame de Dalat.<\/p>\n<p>Id\u00e9al pour les amoureux de la nature, les amateurs de caf\u00e9 et les passionn\u00e9s de culture, ce voyage allie d\u00e9tente, activit\u00e9s pratiques et exploration, cr\u00e9ant des souvenirs imp\u00e9rissables de ce joyau des hautes terres vietnamiennes. C&#039;est parti\u00a0!<\/p>","protected":false},"excerpt":{"rendered":"<p>Embark on a captivating journey through Vietnam\u2019s Central Highlands as we explore the picturesque city of Dalat, renowned for its temperate climate, vibrant landscapes, and rich cultural heritage. Often referred to as the &#8220;City of Eternal Spring,&#8221; Dalat is a harmonious blend of French colonial charm and natural beauty, offering lush pine forests, serene lakes, [&hellip;]<\/p>\n","protected":false},"featured_media":12504,"template":"","meta":[],"product_cat":[87,88,89,109,90,92,103],"product_tag":[260,246,249,247],"class_list":{"0":"post-12500","1":"product","2":"type-product","3":"status-publish","4":"has-post-thumbnail","6":"brw_tour_themes-adventure","7":"brw_tour_themes-culture","8":"brw_tour_themes-discover","9":"brw_tour_themes-education","10":"brw_tour_themes-family","11":"brw_tour_themes-group","12":"product_cat-adventure","13":"product_cat-culture","14":"product_cat-discover","15":"product_cat-education","16":"product_cat-family","17":"product_cat-group","18":"product_cat-tour-themes","19":"product_tag-coffee","20":"product_tag-discover","21":"product_tag-experience","22":"product_tag-vietnam","24":"first","25":"instock","26":"shipping-taxable","27":"product-type-ovabrw_car_rental"},"_links":{"self":[{"href":"https:\/\/viettourist.asia\/fr\/wp-json\/wp\/v2\/product\/12500"}],"collection":[{"href":"https:\/\/viettourist.asia\/fr\/wp-json\/wp\/v2\/product"}],"about":[{"href":"https:\/\/viettourist.asia\/fr\/wp-json\/wp\/v2\/types\/product"}],"version-history":[{"count":1,"href":"https:\/\/viettourist.asia\/fr\/wp-json\/wp\/v2\/product\/12500\/revisions"}],"predecessor-version":[{"id":12508,"href":"https:\/\/viettourist.asia\/fr\/wp-json\/wp\/v2\/product\/12500\/revisions\/12508"}],"wp:featuredmedia":[{"embeddable":true,"href":"https:\/\/viettourist.asia\/fr\/wp-json\/wp\/v2\/media\/12504"}],"wp:attachment":[{"href":"https:\/\/viettourist.asia\/fr\/wp-json\/wp\/v2\/media?parent=12500"}],"wp:term":[{"taxonomy":"product_cat","embeddable":true,"href":"https:\/\/viettourist.asia\/fr\/wp-json\/wp\/v2\/product_cat?post=12500"},{"taxonomy":"product_tag","embeddable":true,"href":"https:\/\/viettourist.asia\/fr\/wp-json\/wp\/v2\/product_tag?post=12500"}],"curies":[{"name":"wp","href":"https:\/\/api.w.org\/{rel}","templated":true}]}}