{"id":12497,"date":"2024-12-30T03:36:00","date_gmt":"2024-12-30T03:36:00","guid":{"rendered":"https:\/\/viettourist.asia\/?post_type=product&#038;p=12497"},"modified":"2024-12-30T04:40:50","modified_gmt":"2024-12-30T04:40:50","slug":"decouvrez-lessence-du-delta-du-mekong-une-journee-de-culture-cycliste-et-de-beaute-pittoresque-30-km","status":"publish","type":"product","link":"https:\/\/viettourist.asia\/fr\/tournee\/decouvrez-lessence-du-delta-du-mekong-une-journee-de-culture-cycliste-et-de-beaute-pittoresque-30-km\/","title":{"rendered":"D\u00e9couvrez l&#039;essence du delta du M\u00e9kong : une journ\u00e9e de v\u00e9lo, de culture et de beaut\u00e9 des paysages (30 km)"},"content":{"rendered":"<p>Commencez votre journ\u00e9e par un voyage inoubliable au c\u0153ur du delta du M\u00e9kong ! De 7h30 \u00e0 17h00, plongez dans la vie anim\u00e9e de la campagne vietnamienne en parcourant \u00e0 v\u00e9lo des pistes de terre tranquilles, des routes sinueuses et de charmants villages entre Tan An et My Tho. \u00c9merveillez-vous devant les rizi\u00e8res luxuriantes, les jardins potagers dynamiques et les vergers tout en \u00e9changeant des sourires et des salutations avec les habitants amicaux.<\/p>\n<p>L&#039;aventure se poursuit avec une visite de la paisible pagode Vinh Trang et une promenade en bateau pittoresque le long de la rivi\u00e8re Tien jusqu&#039;\u00e0 l&#039;\u00eele du Dragon. Ici, vous d\u00e9gusterez un d\u00e9licieux d\u00e9jeuner dans un restaurant local et d\u00e9couvrirez les riches saveurs des fruits tropicaux, du miel et des bonbons \u00e0 la noix de coco. Impliquez-vous dans les traditions locales en visitant une ferme apicole, en d\u00e9gustant du vin de miel naturel et en profitant de la musique traditionnelle en direct.<\/p>\n<p>Terminez votre journ\u00e9e par une balade sereine \u00e0 travers des canaux pittoresques ombrag\u00e9s par des cocotiers d&#039;eau avant de retourner \u00e0 votre h\u00f4tel en fin d&#039;apr\u00e8s-midi. C&#039;est votre chance de d\u00e9couvrir la beaut\u00e9 authentique, la culture et la chaleur du delta du M\u00e9kong en une seule journ\u00e9e !<\/p>","protected":false},"excerpt":{"rendered":"<p>Start your day with an unforgettable journey through the heart of the Mekong Delta! From 7:30 AM to 5:00 PM, immerse yourself in the vibrant life of Vietnam&#8217;s countryside as you cycle through tranquil dirt tracks, winding roads, and charming villages between Tan An and My Tho. Marvel at the lush rice paddies, vibrant vegetable [&hellip;]<\/p>\n","protected":false},"featured_media":12498,"template":"","meta":[],"product_cat":[87,88,241,89,90,92,103],"product_tag":[257,252,246,247],"class_list":{"0":"post-12497","1":"product","2":"type-product","3":"status-publish","4":"has-post-thumbnail","6":"brw_tour_themes-adventure","7":"brw_tour_themes-culture","8":"brw_tour_themes-day-tour","9":"brw_tour_themes-discover","10":"brw_tour_themes-family","11":"brw_tour_themes-group","12":"product_cat-adventure","13":"product_cat-culture","14":"product_cat-day-tour","15":"product_cat-discover","16":"product_cat-family","17":"product_cat-group","18":"product_cat-tour-themes","19":"product_tag-adventure","20":"product_tag-bicycle","21":"product_tag-discover","22":"product_tag-vietnam","24":"first","25":"instock","26":"shipping-taxable","27":"product-type-ovabrw_car_rental"},"_links":{"self":[{"href":"https:\/\/viettourist.asia\/fr\/wp-json\/wp\/v2\/product\/12497"}],"collection":[{"href":"https:\/\/viettourist.asia\/fr\/wp-json\/wp\/v2\/product"}],"about":[{"href":"https:\/\/viettourist.asia\/fr\/wp-json\/wp\/v2\/types\/product"}],"version-history":[{"count":1,"href":"https:\/\/viettourist.asia\/fr\/wp-json\/wp\/v2\/product\/12497\/revisions"}],"predecessor-version":[{"id":12499,"href":"https:\/\/viettourist.asia\/fr\/wp-json\/wp\/v2\/product\/12497\/revisions\/12499"}],"wp:featuredmedia":[{"embeddable":true,"href":"https:\/\/viettourist.asia\/fr\/wp-json\/wp\/v2\/media\/12498"}],"wp:attachment":[{"href":"https:\/\/viettourist.asia\/fr\/wp-json\/wp\/v2\/media?parent=12497"}],"wp:term":[{"taxonomy":"product_cat","embeddable":true,"href":"https:\/\/viettourist.asia\/fr\/wp-json\/wp\/v2\/product_cat?post=12497"},{"taxonomy":"product_tag","embeddable":true,"href":"https:\/\/viettourist.asia\/fr\/wp-json\/wp\/v2\/product_tag?post=12497"}],"curies":[{"name":"wp","href":"https:\/\/api.w.org\/{rel}","templated":true}]}}