{"id":12482,"date":"2024-12-06T02:39:07","date_gmt":"2024-12-06T02:39:07","guid":{"rendered":"https:\/\/viettourist.asia\/?post_type=product&#038;p=12482"},"modified":"2024-12-06T02:39:09","modified_gmt":"2024-12-06T02:39:09","slug":"decouvrez-le-nord-et-le-centre-du-vietnam-un-voyage-a-travers-une-beaute-intemporelle","status":"publish","type":"product","link":"https:\/\/viettourist.asia\/fr\/tournee\/decouvrez-le-nord-et-le-centre-du-vietnam-un-voyage-a-travers-une-beaute-intemporelle\/","title":{"rendered":"D\u00c9COUVREZ LE NORD ET LE CENTRE DU VIETNAM : Un voyage \u00e0 travers la beaut\u00e9 intemporelle"},"content":{"rendered":"<p>Embarquez pour une aventure inoubliable \u00e0 travers les paysages enchanteurs du Nord et du Centre du Vietnam.<br \/>\nNotre itin\u00e9raire de 10 jours, soigneusement con\u00e7u, vous offre une exp\u00e9rience immersive, m\u00ealant merveilles historiques, beaut\u00e9 naturelle et richesse culturelle. Des rues anim\u00e9es de Hano\u00ef aux eaux paisibles de la baie d&#039;Along, en passant par la charmante vieille ville de Hoi An, ce voyage promet de captiver vos sens et de vous laisser des souvenirs imp\u00e9rissables.<br \/>\nPoints forts de votre voyage :<br \/>\n<strong>\u2022 Hano\u00ef :<\/strong> Explorez le c\u0153ur du Vietnam et d\u00e9couvrez des sites embl\u00e9matiques tels que le complexe Ho Chi Minh, le temple de la litt\u00e9rature et la sereine pagode Tran Quoc.<br \/>\n<strong>\u2022 Baie de Lan Ha :<\/strong> Naviguez sur les eaux \u00e9poustouflantes de la baie de Lan Ha, \u00e9merveill\u00e9 par les imposants karsts calcaires et les lagons vert \u00e9meraude. Parcourez des criques cach\u00e9es en kayak, visitez de charmants villages de p\u00eacheurs et offrez-vous une escapade sereine.<br \/>\n<strong>\u2022 H\u1ed9i An :<\/strong> Remontez le temps dans la charmante ville de Hoi An, r\u00e9put\u00e9e pour son architecture ancienne bien pr\u00e9serv\u00e9e, ses march\u00e9s anim\u00e9s et sa cuisine d\u00e9licieuse.<br \/>\n<strong>\u2022 Da Nang :<\/strong> D\u00e9tendez-vous sur des plages immacul\u00e9es, profitez du soleil et pratiquez des sports nautiques dans ce paradis c\u00f4tier.<br \/>\nRejoignez-nous dans ce voyage extraordinaire et d\u00e9couvrez la v\u00e9ritable essence du Vietnam.<\/p>","protected":false},"excerpt":{"rendered":"<p>Embark on an unforgettable adventure through the enchanting landscapes of North and Central Vietnam. Our meticulously crafted 10-day itinerary offers an immersive experience, blending historical wonders, natural beauty, and cultural richness. From the bustling streets of Hanoi to the serene waters of Halong Bay, and the charming ancient town of Hoi An, this journey promises [&hellip;]<\/p>\n","protected":false},"featured_media":12483,"template":"","meta":[],"product_cat":[87,88,89,90,92,93,86,94,103],"product_tag":[259,251,246,249,247],"class_list":{"0":"post-12482","1":"product","2":"type-product","3":"status-publish","4":"has-post-thumbnail","6":"brw_tour_themes-adventure","7":"brw_tour_themes-culture","8":"brw_tour_themes-discover","9":"brw_tour_themes-education","10":"brw_tour_themes-family","11":"brw_tour_themes-group","12":"brw_tour_themes-honeymoon","13":"brw_tour_themes-luxury","14":"brw_tour_themes-mice","15":"product_cat-adventure","16":"product_cat-culture","17":"product_cat-discover","18":"product_cat-family","19":"product_cat-group","20":"product_cat-honeymoon","21":"product_cat-luxury","22":"product_cat-mice","23":"product_cat-tour-themes","24":"product_tag-beaches","25":"product_tag-culture","26":"product_tag-discover","27":"product_tag-experience","28":"product_tag-vietnam","30":"first","31":"instock","32":"shipping-taxable","33":"product-type-ovabrw_car_rental"},"_links":{"self":[{"href":"https:\/\/viettourist.asia\/fr\/wp-json\/wp\/v2\/product\/12482"}],"collection":[{"href":"https:\/\/viettourist.asia\/fr\/wp-json\/wp\/v2\/product"}],"about":[{"href":"https:\/\/viettourist.asia\/fr\/wp-json\/wp\/v2\/types\/product"}],"version-history":[{"count":1,"href":"https:\/\/viettourist.asia\/fr\/wp-json\/wp\/v2\/product\/12482\/revisions"}],"predecessor-version":[{"id":12486,"href":"https:\/\/viettourist.asia\/fr\/wp-json\/wp\/v2\/product\/12482\/revisions\/12486"}],"wp:featuredmedia":[{"embeddable":true,"href":"https:\/\/viettourist.asia\/fr\/wp-json\/wp\/v2\/media\/12483"}],"wp:attachment":[{"href":"https:\/\/viettourist.asia\/fr\/wp-json\/wp\/v2\/media?parent=12482"}],"wp:term":[{"taxonomy":"product_cat","embeddable":true,"href":"https:\/\/viettourist.asia\/fr\/wp-json\/wp\/v2\/product_cat?post=12482"},{"taxonomy":"product_tag","embeddable":true,"href":"https:\/\/viettourist.asia\/fr\/wp-json\/wp\/v2\/product_tag?post=12482"}],"curies":[{"name":"wp","href":"https:\/\/api.w.org\/{rel}","templated":true}]}}