{"id":12462,"date":"2024-12-05T03:39:41","date_gmt":"2024-12-05T03:39:41","guid":{"rendered":"https:\/\/viettourist.asia\/?post_type=product&#038;p=12462"},"modified":"2024-12-05T05:36:48","modified_gmt":"2024-12-05T05:36:48","slug":"decouvrez-le-vietnam-du-sud-au-nord-et-adoptez-lart-du-slow-travel","status":"publish","type":"product","link":"https:\/\/viettourist.asia\/fr\/tournee\/decouvrez-le-vietnam-du-sud-au-nord-et-adoptez-lart-du-slow-travel\/","title":{"rendered":"D\u00e9couvrez le Vietnam du Sud au Nord : d\u00e9couvrez l&#039;art du slow tourisme"},"content":{"rendered":"<p>Embarquez pour un voyage o\u00f9 savourer l&#039;instant pr\u00e9sent et explorer des destinations \u00e0 couper le souffle est une priorit\u00e9. Notre circuit Slow Travel du Sud au Nord du Vietnam vous invite \u00e0 emprunter la route panoramique, en passant 3 \u00e0 4 jours \u00e0 chaque endroit pour une immersion totale dans la culture, la nature et la vie quotidienne de ce pays fascinant.<br \/>\nPlut\u00f4t que de courir d&#039;une destination \u00e0 l&#039;autre, cet itin\u00e9raire soigneusement con\u00e7u vous offre le temps et l&#039;espace n\u00e9cessaires pour vous impr\u00e9gner pleinement du peuple, de l&#039;histoire et des paysages du Vietnam. Que vous fl\u00e2niez dans les march\u00e9s anim\u00e9s du sud, que vous fl\u00e2niez dans les paisibles villes c\u00f4ti\u00e8res du centre ou que vous d\u00e9couvriez des tr\u00e9sors cach\u00e9s dans les montagnes brumeuses du nord, chaque \u00e9tape est con\u00e7ue pour vous encourager \u00e0 explorer \u00e0 votre rythme.<br \/>\nDe l&#039;\u00e9nergie dynamique d&#039;H\u00f4-Chi-Minh-Ville aux eaux paisibles de la baie d&#039;Along, ce voyage c\u00e9l\u00e8bre les contrastes vibrants du Vietnam. En chemin, vous savourerez des sp\u00e9cialit\u00e9s locales, visiterez des sites embl\u00e9matiques et d\u00e9couvrirez les histoires m\u00e9connues qui rendent chaque r\u00e9gion unique.<br \/>\nRejoignez-nous pour red\u00e9finir le voyage en misant sur la pleine conscience, le d\u00e9veloppement durable et le plaisir de la d\u00e9couverte. C&#039;est l&#039;occasion de ralentir, d&#039;observer de plus pr\u00e8s et de vivre pleinement la magie du Vietnam.<br \/>\nQue le voyage commence ! \ud83c\udf3f<\/p>","protected":false},"excerpt":{"rendered":"<p>Step into a journey that\u2019s as much about savoring the moment as it is about exploring breathtaking destinations. Our South-to-North Vietnam Slow Travel Tour invites you to take the scenic route, spending 3 to 4 days in each location to truly immerse yourself in the culture, nature, and everyday life of this fascinating country. Rather [&hellip;]<\/p>\n","protected":false},"featured_media":12463,"template":"","meta":[],"product_cat":[87,88,89,90,92,93,86,94,103],"product_tag":[246,249,258,247],"class_list":{"0":"post-12462","1":"product","2":"type-product","3":"status-publish","4":"has-post-thumbnail","6":"brw_tour_themes-culture","7":"brw_tour_themes-adventure","8":"brw_tour_themes-discover","9":"brw_tour_themes-education","10":"brw_tour_themes-family","11":"brw_tour_themes-group","12":"brw_tour_themes-honeymoon","13":"brw_tour_themes-luxury","14":"brw_tour_themes-mice","15":"product_cat-adventure","16":"product_cat-culture","17":"product_cat-discover","18":"product_cat-family","19":"product_cat-group","20":"product_cat-honeymoon","21":"product_cat-luxury","22":"product_cat-mice","23":"product_cat-tour-themes","24":"product_tag-discover","25":"product_tag-experience","26":"product_tag-slowtravel","27":"product_tag-vietnam","29":"first","30":"instock","31":"shipping-taxable","32":"product-type-ovabrw_car_rental"},"_links":{"self":[{"href":"https:\/\/viettourist.asia\/fr\/wp-json\/wp\/v2\/product\/12462"}],"collection":[{"href":"https:\/\/viettourist.asia\/fr\/wp-json\/wp\/v2\/product"}],"about":[{"href":"https:\/\/viettourist.asia\/fr\/wp-json\/wp\/v2\/types\/product"}],"version-history":[{"count":2,"href":"https:\/\/viettourist.asia\/fr\/wp-json\/wp\/v2\/product\/12462\/revisions"}],"predecessor-version":[{"id":12481,"href":"https:\/\/viettourist.asia\/fr\/wp-json\/wp\/v2\/product\/12462\/revisions\/12481"}],"wp:featuredmedia":[{"embeddable":true,"href":"https:\/\/viettourist.asia\/fr\/wp-json\/wp\/v2\/media\/12463"}],"wp:attachment":[{"href":"https:\/\/viettourist.asia\/fr\/wp-json\/wp\/v2\/media?parent=12462"}],"wp:term":[{"taxonomy":"product_cat","embeddable":true,"href":"https:\/\/viettourist.asia\/fr\/wp-json\/wp\/v2\/product_cat?post=12462"},{"taxonomy":"product_tag","embeddable":true,"href":"https:\/\/viettourist.asia\/fr\/wp-json\/wp\/v2\/product_tag?post=12462"}],"curies":[{"name":"wp","href":"https:\/\/api.w.org\/{rel}","templated":true}]}}