{"id":12450,"date":"2024-10-18T03:32:30","date_gmt":"2024-10-18T03:32:30","guid":{"rendered":"https:\/\/viettourist.asia\/?post_type=product&#038;p=12450"},"modified":"2024-12-17T09:30:52","modified_gmt":"2024-12-17T09:30:52","slug":"excursion-dune-journee-a-lancien-village-de-duong-lam","status":"publish","type":"product","link":"https:\/\/viettourist.asia\/fr\/tournee\/excursion-dune-journee-a-lancien-village-de-duong-lam\/","title":{"rendered":"Ancien village de Duong Lam \u2013 Excursion d&#039;une journ\u00e9e"},"content":{"rendered":"<p><span style=\"font-weight: 400;\">Situ\u00e9 \u00e0 plus de 50 kilom\u00e8tres de Hano\u00ef, le village antique de Duong Lam, situ\u00e9 dans la ville de Son Tay, est une destination touristique r\u00e9put\u00e9e de Hano\u00ef. Premier village antique du Vietnam \u00e0 \u00eatre reconnu site culturel et historique national par le gouvernement en 2006, il est le deuxi\u00e8me plus grand village vietnamien du delta du fleuve Rouge, apr\u00e8s les villes anciennes de Hoi An et de Hano\u00ef, en termes de taille et de valeur artistique. C&#039;est un lieu incontournable du tourisme \u00e0 Hano\u00ef. De plus, c&#039;est une terre d&#039;atouts g\u00e9ographiques et de talents, r\u00e9put\u00e9e pour \u00eatre le seul endroit au Vietnam o\u00f9 cohabitent \u00ab deux rois d&#039;un m\u00eame hameau \u00bb \u2013 le lieu de naissance des rois Phung Hung et Ngo Quyen. De ce fait, il est \u00e9troitement associ\u00e9 aux sites historiques et culturels confuc\u00e9ens, ce qui en fait une visite incontournable pour les voyageurs. De nos jours, l&#039;ancien village de Duong Lam conserve encore les caract\u00e9ristiques essentielles d&#039;un village vietnamien, notamment la porte du village, le banian, le quai d&#039;eau, la cour commune, la tour de guet, le puits, les rizi\u00e8res, les monticules, les collines, les temples et les pagodes\u2026<\/span><\/p>","protected":false},"excerpt":{"rendered":"<p>Located over 50 kilometers from Hanoi, Duong Lam Ancient Village, situated in Son Tay Town, is a famous tourist destination in Hanoi. This was the first ancient village in Vietnam to be recognized as a National Cultural and Historical Site by the government in 2006. With its distinctive architecture and artistry representative of an ancient [&hellip;]<\/p>\n","protected":false},"featured_media":12452,"template":"","meta":[],"product_cat":[87,88,241,89,90,92,103],"product_tag":[251,246,253,247],"class_list":{"0":"post-12450","1":"product","2":"type-product","3":"status-publish","4":"has-post-thumbnail","6":"brw_tour_themes-adventure","7":"brw_tour_themes-culture","8":"brw_tour_themes-day-tour","9":"brw_tour_themes-discover","10":"brw_tour_themes-family","11":"brw_tour_themes-group","12":"product_cat-adventure","13":"product_cat-culture","14":"product_cat-day-tour","15":"product_cat-discover","16":"product_cat-family","17":"product_cat-group","18":"product_cat-tour-themes","19":"product_tag-culture","20":"product_tag-discover","21":"product_tag-nature","22":"product_tag-vietnam","24":"first","25":"instock","26":"shipping-taxable","27":"product-type-ovabrw_car_rental"},"_links":{"self":[{"href":"https:\/\/viettourist.asia\/fr\/wp-json\/wp\/v2\/product\/12450"}],"collection":[{"href":"https:\/\/viettourist.asia\/fr\/wp-json\/wp\/v2\/product"}],"about":[{"href":"https:\/\/viettourist.asia\/fr\/wp-json\/wp\/v2\/types\/product"}],"version-history":[{"count":1,"href":"https:\/\/viettourist.asia\/fr\/wp-json\/wp\/v2\/product\/12450\/revisions"}],"predecessor-version":[{"id":12455,"href":"https:\/\/viettourist.asia\/fr\/wp-json\/wp\/v2\/product\/12450\/revisions\/12455"}],"wp:featuredmedia":[{"embeddable":true,"href":"https:\/\/viettourist.asia\/fr\/wp-json\/wp\/v2\/media\/12452"}],"wp:attachment":[{"href":"https:\/\/viettourist.asia\/fr\/wp-json\/wp\/v2\/media?parent=12450"}],"wp:term":[{"taxonomy":"product_cat","embeddable":true,"href":"https:\/\/viettourist.asia\/fr\/wp-json\/wp\/v2\/product_cat?post=12450"},{"taxonomy":"product_tag","embeddable":true,"href":"https:\/\/viettourist.asia\/fr\/wp-json\/wp\/v2\/product_tag?post=12450"}],"curies":[{"name":"wp","href":"https:\/\/api.w.org\/{rel}","templated":true}]}}