{"id":12444,"date":"2024-10-18T03:03:05","date_gmt":"2024-10-18T03:03:05","guid":{"rendered":"https:\/\/viettourist.asia\/?post_type=product&#038;p=12444"},"modified":"2024-12-17T09:31:49","modified_gmt":"2024-12-17T09:31:49","slug":"ancien-village-de-duong-lam-et-pagode-tay-phuong","status":"publish","type":"product","link":"https:\/\/viettourist.asia\/fr\/tournee\/ancien-village-de-duong-lam-et-pagode-tay-phuong\/","title":{"rendered":"Ancien village de Duong Lam \u2013 Pagode Tay Phuong"},"content":{"rendered":"<p><span style=\"font-weight: 400;\">Situ\u00e9 \u00e0 plus de 50 kilom\u00e8tres de Hanoi, le village antique de Duong Lam, situ\u00e9 dans la ville de Son Tay, est une destination touristique c\u00e9l\u00e8bre de Hanoi. Il s&#039;agit du premier village antique du Vietnam \u00e0 \u00eatre reconnu comme site culturel et historique national par le gouvernement en 2006. Avec son architecture distinctive et son art repr\u00e9sentatif d&#039;un ancien village vietnamien du delta du fleuve Rouge, le village antique de Duong Lam est le deuxi\u00e8me apr\u00e8s les anciennes villes de Hoi An et Hanoi en termes d&#039;\u00e9chelle et de valeur artistique, ce qui en fait un point fort important du tourisme \u00e0 Hanoi.\u00a0<\/span><\/p>\n<p><span style=\"font-weight: 400;\">\u00c0 environ 30 km \u00e0 l&#039;ouest de Hanoi, nich\u00e9e sur une colline pittoresque qui ressemble \u00e0 un buffle, se trouve la pagode Tay Phuong (\u00e9galement connue sous le nom de pagode Sung Phuc). Ce temple bouddhiste vieux de plusieurs si\u00e8cles, t\u00e9moignage du riche h\u00e9ritage spirituel du Vietnam, vous offre un aper\u00e7u captivant des traditions artistiques et religieuses du pays.<\/span><\/p>","protected":false},"excerpt":{"rendered":"<p>Located over 50 kilometers from Hanoi, Duong Lam Ancient Village, situated in Son Tay Town, is a famous tourist destination in Hanoi. This was the first ancient village in Vietnam to be recognized as a National Cultural and Historical Site by the government in 2006. With its distinctive architecture and artistry representative of an ancient [&hellip;]<\/p>\n","protected":false},"featured_media":12448,"template":"","meta":[],"product_cat":[87,88,241,89,90,92,103],"product_tag":[257,246,253,247],"class_list":{"0":"post-12444","1":"product","2":"type-product","3":"status-publish","4":"has-post-thumbnail","6":"brw_tour_themes-adventure","7":"brw_tour_themes-culture","8":"brw_tour_themes-day-tour","9":"brw_tour_themes-discover","10":"brw_tour_themes-family","11":"brw_tour_themes-group","12":"product_cat-adventure","13":"product_cat-culture","14":"product_cat-day-tour","15":"product_cat-discover","16":"product_cat-family","17":"product_cat-group","18":"product_cat-tour-themes","19":"product_tag-adventure","20":"product_tag-discover","21":"product_tag-nature","22":"product_tag-vietnam","24":"first","25":"instock","26":"shipping-taxable","27":"product-type-ovabrw_car_rental"},"_links":{"self":[{"href":"https:\/\/viettourist.asia\/fr\/wp-json\/wp\/v2\/product\/12444"}],"collection":[{"href":"https:\/\/viettourist.asia\/fr\/wp-json\/wp\/v2\/product"}],"about":[{"href":"https:\/\/viettourist.asia\/fr\/wp-json\/wp\/v2\/types\/product"}],"version-history":[{"count":1,"href":"https:\/\/viettourist.asia\/fr\/wp-json\/wp\/v2\/product\/12444\/revisions"}],"predecessor-version":[{"id":12449,"href":"https:\/\/viettourist.asia\/fr\/wp-json\/wp\/v2\/product\/12444\/revisions\/12449"}],"wp:featuredmedia":[{"embeddable":true,"href":"https:\/\/viettourist.asia\/fr\/wp-json\/wp\/v2\/media\/12448"}],"wp:attachment":[{"href":"https:\/\/viettourist.asia\/fr\/wp-json\/wp\/v2\/media?parent=12444"}],"wp:term":[{"taxonomy":"product_cat","embeddable":true,"href":"https:\/\/viettourist.asia\/fr\/wp-json\/wp\/v2\/product_cat?post=12444"},{"taxonomy":"product_tag","embeddable":true,"href":"https:\/\/viettourist.asia\/fr\/wp-json\/wp\/v2\/product_tag?post=12444"}],"curies":[{"name":"wp","href":"https:\/\/api.w.org\/{rel}","templated":true}]}}