{"id":12437,"date":"2024-10-18T02:43:57","date_gmt":"2024-10-18T02:43:57","guid":{"rendered":"https:\/\/viettourist.asia\/?post_type=product&#038;p=12437"},"modified":"2024-12-17T09:31:19","modified_gmt":"2024-12-17T09:31:19","slug":"explorer-mai-chau-1-nuit-2-jours","status":"publish","type":"product","link":"https:\/\/viettourist.asia\/fr\/tournee\/explorer-mai-chau-1-nuit-2-jours\/","title":{"rendered":"Explorez Mai Chau 1 nuit\/2 jours"},"content":{"rendered":"<p><span style=\"font-weight: 400;\">La r\u00e9gion du Nord-Ouest du Vietnam, largement pr\u00e9serv\u00e9e, offre des paysages \u00e9poustouflants et de charmants villages qui valent vraiment le d\u00e9tour. Vous pouvez s\u00e9journer dans une maison traditionnelle sur pilotis d&#039;une tribu montagnarde tha\u00eflandaise, parcourir des vall\u00e9es luxuriantes et emprunter des routes sinueuses qui traversent des cols de montagne, tout en profitant d&#039;une petite randonn\u00e9e dans cette r\u00e9gion pittoresque.<\/span><\/p>\n<p><span style=\"font-weight: 400;\">Mai Chau est une destination touristique r\u00e9put\u00e9e de Hoa Binh, r\u00e9put\u00e9e pour ses paysages naturels \u00e9poustouflants. Parmi les attractions remarquables de cette vall\u00e9e figurent le village de Lac, les grottes de Chieu et de Mo Luong, Ba Khan, la cascade de Go Lao et la grotte de Kia-Pa Co.<\/span><\/p>\n<p><span style=\"font-weight: 400;\">Le site touristique le plus c\u00e9l\u00e8bre de Mai Chau est le village de Lac, un ancien village du groupe ethnique tha\u00eflandais vieux de plus de 700 ans, pr\u00e9sentant une architecture unique de maisons sur pilotis.<\/span><\/p>","protected":false},"excerpt":{"rendered":"<p>The Northwest region of Vietnam remains largely unspoiled and offers stunning landscapes and charming villages that are definitely worth exploring. You can stay in a traditional Thai hill tribe stilt house, journey through lush valleys, and navigate winding roads that cut through mountain passes, while also enjoying some light trekking in this picturesque area. Mai [&hellip;]<\/p>\n","protected":false},"featured_media":12440,"template":"","meta":[],"product_cat":[87,88,89,90,92,103],"product_tag":[246,253,247],"class_list":{"0":"post-12437","1":"product","2":"type-product","3":"status-publish","4":"has-post-thumbnail","6":"brw_tour_themes-adventure","7":"brw_tour_themes-culture","8":"brw_tour_themes-discover","9":"brw_tour_themes-education","10":"brw_tour_themes-family","11":"brw_tour_themes-group","12":"product_cat-adventure","13":"product_cat-culture","14":"product_cat-discover","15":"product_cat-family","16":"product_cat-group","17":"product_cat-tour-themes","18":"product_tag-discover","19":"product_tag-nature","20":"product_tag-vietnam","22":"first","23":"instock","24":"shipping-taxable","25":"product-type-ovabrw_car_rental"},"_links":{"self":[{"href":"https:\/\/viettourist.asia\/fr\/wp-json\/wp\/v2\/product\/12437"}],"collection":[{"href":"https:\/\/viettourist.asia\/fr\/wp-json\/wp\/v2\/product"}],"about":[{"href":"https:\/\/viettourist.asia\/fr\/wp-json\/wp\/v2\/types\/product"}],"version-history":[{"count":1,"href":"https:\/\/viettourist.asia\/fr\/wp-json\/wp\/v2\/product\/12437\/revisions"}],"predecessor-version":[{"id":12438,"href":"https:\/\/viettourist.asia\/fr\/wp-json\/wp\/v2\/product\/12437\/revisions\/12438"}],"wp:featuredmedia":[{"embeddable":true,"href":"https:\/\/viettourist.asia\/fr\/wp-json\/wp\/v2\/media\/12440"}],"wp:attachment":[{"href":"https:\/\/viettourist.asia\/fr\/wp-json\/wp\/v2\/media?parent=12437"}],"wp:term":[{"taxonomy":"product_cat","embeddable":true,"href":"https:\/\/viettourist.asia\/fr\/wp-json\/wp\/v2\/product_cat?post=12437"},{"taxonomy":"product_tag","embeddable":true,"href":"https:\/\/viettourist.asia\/fr\/wp-json\/wp\/v2\/product_tag?post=12437"}],"curies":[{"name":"wp","href":"https:\/\/api.w.org\/{rel}","templated":true}]}}