{"id":12432,"date":"2024-10-18T02:36:37","date_gmt":"2024-10-18T02:36:37","guid":{"rendered":"https:\/\/viettourist.asia\/?post_type=product&#038;p=12432"},"modified":"2024-12-17T09:32:13","modified_gmt":"2024-12-17T09:32:13","slug":"demi-journee-du-palais-de-thanh-chuong","status":"publish","type":"product","link":"https:\/\/viettourist.asia\/fr\/tournee\/demi-journee-du-palais-de-thanh-chuong\/","title":{"rendered":"Demi-journ\u00e9e du palais Thanh Chuong"},"content":{"rendered":"<p><span style=\"font-weight: 400;\">Viet Phu Thanh Chuong est un projet passionn\u00e9 de l&#039;artiste Thanh Chuong, qui incarne le riche patrimoine culturel et historique du peuple vietnamien. Viet Phu Thanh Chuong d\u00e9gage une beaut\u00e9 nostalgique et ancestrale, ce qui en fait l&#039;une des destinations touristiques les plus attrayantes pr\u00e8s de Hano\u00ef, attirant de nombreux visiteurs. Si vous souhaitez \u00e9chapper \u00e0 l&#039;agitation et au bruit de la ville et rechercher la tranquillit\u00e9, c&#039;est l&#039;endroit id\u00e9al.<\/span><\/p>\n<p><span style=\"font-weight: 400;\">S&#039;\u00e9tendant sur plus de 8\u00a0000 hectares, Viet Phu Thanh Chuong recr\u00e9e une sc\u00e8ne nostalgique saisissante gr\u00e2ce \u00e0 ses structures architecturales anciennes uniques, permettant aux visiteurs de voyager \u00e0 travers l&#039;histoire du Vietnam. C&#039;est pourquoi il attire un grand nombre de touristes nationaux et internationaux qui viennent explorer et admirer le site. En 2004, Viet Phu a accueilli la reine et la d\u00e9l\u00e9gation royale de Su\u00e8de pour une visite.<\/span><\/p>","protected":false},"excerpt":{"rendered":"<p>Viet Phu Thanh Chuong is a passionate project by artist Thanh Chuong, embodying the rich cultural and historical heritage of the Vietnamese people. Viet Phu Thanh Chuong exudes a nostalgic and ancient beauty, making it one of the most attractive tourist destinations near Hanoi, drawing many visitors who come to check in. If you want [&hellip;]<\/p>\n","protected":false},"featured_media":12434,"template":"","meta":[],"product_cat":[87,88,241,89,92,103],"product_tag":[],"class_list":{"0":"post-12432","1":"product","2":"type-product","3":"status-publish","4":"has-post-thumbnail","6":"brw_tour_themes-adventure","7":"brw_tour_themes-culture","8":"brw_tour_themes-day-tour","9":"brw_tour_themes-discover","10":"brw_tour_themes-family","11":"brw_tour_themes-group","12":"product_cat-adventure","13":"product_cat-culture","14":"product_cat-day-tour","15":"product_cat-discover","16":"product_cat-group","17":"product_cat-tour-themes","19":"first","20":"instock","21":"shipping-taxable","22":"product-type-ovabrw_car_rental"},"_links":{"self":[{"href":"https:\/\/viettourist.asia\/fr\/wp-json\/wp\/v2\/product\/12432"}],"collection":[{"href":"https:\/\/viettourist.asia\/fr\/wp-json\/wp\/v2\/product"}],"about":[{"href":"https:\/\/viettourist.asia\/fr\/wp-json\/wp\/v2\/types\/product"}],"version-history":[{"count":1,"href":"https:\/\/viettourist.asia\/fr\/wp-json\/wp\/v2\/product\/12432\/revisions"}],"predecessor-version":[{"id":12436,"href":"https:\/\/viettourist.asia\/fr\/wp-json\/wp\/v2\/product\/12432\/revisions\/12436"}],"wp:featuredmedia":[{"embeddable":true,"href":"https:\/\/viettourist.asia\/fr\/wp-json\/wp\/v2\/media\/12434"}],"wp:attachment":[{"href":"https:\/\/viettourist.asia\/fr\/wp-json\/wp\/v2\/media?parent=12432"}],"wp:term":[{"taxonomy":"product_cat","embeddable":true,"href":"https:\/\/viettourist.asia\/fr\/wp-json\/wp\/v2\/product_cat?post=12432"},{"taxonomy":"product_tag","embeddable":true,"href":"https:\/\/viettourist.asia\/fr\/wp-json\/wp\/v2\/product_tag?post=12432"}],"curies":[{"name":"wp","href":"https:\/\/api.w.org\/{rel}","templated":true}]}}