{"id":12400,"date":"2024-10-10T06:57:32","date_gmt":"2024-10-10T06:57:32","guid":{"rendered":"https:\/\/viettourist.asia\/?post_type=product&#038;p=12400"},"modified":"2024-12-17T09:32:59","modified_gmt":"2024-12-17T09:32:59","slug":"une-demi-journee-au-pont-historique-de-thanh-toan-et-au-village-de-phuoc-tich","status":"publish","type":"product","link":"https:\/\/viettourist.asia\/fr\/tournee\/une-demi-journee-au-pont-historique-de-thanh-toan-et-au-village-de-phuoc-tich\/","title":{"rendered":"Une demi-journ\u00e9e au pont historique de Thanh Toan et au village de Phuoc Tich"},"content":{"rendered":"<p><span style=\"font-weight: 400;\">Le pont Thanh Toan est un exemple remarquable de l&#039;architecture des ponts couverts qui \u00e9tait populaire aux XVIIe et XVIIIe si\u00e8cles. D&#039;autres ouvrages embl\u00e9matiques ayant la m\u00eame conception que le pont Thanh Toan sont le pont Khuc Thoai, le pont Phu Khe et notamment le pont japonais de Hoi An.<\/span> <span style=\"font-weight: 400;\">Enjambant un foss\u00e9 de 18 m\u00e8tres de long, le pont Thanh Toan est enti\u00e8rement construit en bois et entour\u00e9 d&#039;arbres luxuriants. Le toit entier du pont a \u00e9t\u00e9 recouvert de tuiles verniss\u00e9es, un type de tuiles tr\u00e8s populaire \u00e0 l&#039;\u00e9poque. Gr\u00e2ce \u00e0 ces mat\u00e9riaux, le pont a conserv\u00e9 ses couleurs et ses motifs anciens.\u00a0<\/span><\/p>\n<p><span style=\"font-weight: 400;\">Cette excursion d&#039;une journ\u00e9e de 40 km \u00e0 v\u00e9lo vous emm\u00e8ne \u00e0 travers les ruelles de Hu\u00e9, dans les villages artisanaux pour rencontrer les habitants et remonter la rivi\u00e8re O Lau en bateau jusqu&#039;\u00e0 l&#039;ancien village de Phuoc Tich o\u00f9 vous d\u00e9jeunerez avec une famille locale dans une maison vieille de 200 ans. Le v\u00e9lo se d\u00e9roule sur un terrain plat, principalement le long de routes secondaires et peut \u00eatre appr\u00e9ci\u00e9 m\u00eame par ceux qui ont un faible niveau de forme physique. La combinaison harmonieuse entre les r\u00e9sidents avec leur culture unique et la nature dans l&#039;ancien village de Phuoc Tich fera de cette terre une terre durable et pleine de bonheur comme son nom l&#039;indique.<\/span><\/p>","protected":false},"excerpt":{"rendered":"<p>Thanh Toan Bridge is a remarkable example of the roofed bridge architecture which was popular during the 17th \u2013 18th centuries. Other iconic works that have the same design as Thanh Toan Bridge are Khuc Thoai Bridge, Phu Khe Bridge, and notably the Japanese Bridge in Hoi An. Bridging over an 18-meter-long ditch, Thanh Toan [&hellip;]<\/p>\n","protected":false},"featured_media":12401,"template":"","meta":[],"product_cat":[87,88,241,89,90,92,103],"product_tag":[256,254,246,255,247],"class_list":{"0":"post-12400","1":"product","2":"type-product","3":"status-publish","4":"has-post-thumbnail","6":"brw_tour_themes-adventure","7":"brw_tour_themes-culture","8":"brw_tour_themes-day-tour","9":"brw_tour_themes-discover","10":"brw_tour_themes-family","11":"brw_tour_themes-group","12":"product_cat-adventure","13":"product_cat-culture","14":"product_cat-day-tour","15":"product_cat-discover","16":"product_cat-family","17":"product_cat-group","18":"product_cat-tour-themes","19":"product_tag-bridge","20":"product_tag-countryside","21":"product_tag-discover","22":"product_tag-history","23":"product_tag-vietnam","25":"first","26":"instock","27":"shipping-taxable","28":"product-type-ovabrw_car_rental"},"_links":{"self":[{"href":"https:\/\/viettourist.asia\/fr\/wp-json\/wp\/v2\/product\/12400"}],"collection":[{"href":"https:\/\/viettourist.asia\/fr\/wp-json\/wp\/v2\/product"}],"about":[{"href":"https:\/\/viettourist.asia\/fr\/wp-json\/wp\/v2\/types\/product"}],"version-history":[{"count":1,"href":"https:\/\/viettourist.asia\/fr\/wp-json\/wp\/v2\/product\/12400\/revisions"}],"predecessor-version":[{"id":12404,"href":"https:\/\/viettourist.asia\/fr\/wp-json\/wp\/v2\/product\/12400\/revisions\/12404"}],"wp:featuredmedia":[{"embeddable":true,"href":"https:\/\/viettourist.asia\/fr\/wp-json\/wp\/v2\/media\/12401"}],"wp:attachment":[{"href":"https:\/\/viettourist.asia\/fr\/wp-json\/wp\/v2\/media?parent=12400"}],"wp:term":[{"taxonomy":"product_cat","embeddable":true,"href":"https:\/\/viettourist.asia\/fr\/wp-json\/wp\/v2\/product_cat?post=12400"},{"taxonomy":"product_tag","embeddable":true,"href":"https:\/\/viettourist.asia\/fr\/wp-json\/wp\/v2\/product_tag?post=12400"}],"curies":[{"name":"wp","href":"https:\/\/api.w.org\/{rel}","templated":true}]}}