{"id":12394,"date":"2024-10-10T06:49:25","date_gmt":"2024-10-10T06:49:25","guid":{"rendered":"https:\/\/viettourist.asia\/?post_type=product&#038;p=12394"},"modified":"2024-12-17T09:33:24","modified_gmt":"2024-12-17T09:33:24","slug":"une-journee-a-hoi-an-et-mon-fils","status":"publish","type":"product","link":"https:\/\/viettourist.asia\/fr\/tournee\/une-journee-a-hoi-an-et-mon-fils\/","title":{"rendered":"Une journ\u00e9e \u00e0 Hoi An et My Son"},"content":{"rendered":"<p><span style=\"font-weight: 400;\">Situ\u00e9e sur la rive nord du cours inf\u00e9rieur de la rivi\u00e8re Thu Bon, Hoi An est une ville ancienne de la province de Quang Nam, \u00e0 plus de 30 km de Da Nang et 122 km de Hu\u00e9. Impossible de passer \u00e0 c\u00f4t\u00e9 des rang\u00e9es de vieux b\u00e2timents ocre, de la rivi\u00e8re illumin\u00e9e par des lanternes la nuit et de la d\u00e9licieuse cuisine de rue \u00e0 prix abordable. Ici, tout respire la douceur et la s\u00e9r\u00e9nit\u00e9, avec des paysages pittoresques et une population chaleureuse, amicale et hospitali\u00e8re.<\/span><\/p>\n<p><span style=\"font-weight: 400;\">Avec les villes anciennes de Hoi An et de Hu\u00e9, le sanctuaire de My Son forme un ensemble de trois sites c\u00e9l\u00e8bres du centre du Vietnam, class\u00e9s au patrimoine mondial, et conserve sa popularit\u00e9 touristique au fil du temps. Honor\u00e9 de figurer parmi les 10 temples les plus beaux et les plus c\u00e9l\u00e8bres d&#039;Asie du Sud-Est, My Son est un site sacr\u00e9 qui attire chaque jour des visiteurs venus l&#039;explorer et l&#039;admirer. Cet article vous fournira des informations d\u00e9taill\u00e9es sur le sanctuaire de My Son, ainsi que des conseils de voyage utiles et essentiels \u00e0 lire et \u00e0 conserver d\u00e8s maintenant.<\/span><\/p>","protected":false},"excerpt":{"rendered":"<p>Situated on the north bank of the lower Thu Bon River, Hoi An is an ancient town in Quang Nam province, located over 30 km from Da Nang and 122 km from Hue. When mentioning Hoi An, one cannot overlook the rows of old ochre buildings, the shimmering lantern-lit river at night, and the delicious, [&hellip;]<\/p>\n","protected":false},"featured_media":12397,"template":"","meta":[],"product_cat":[87,88,241,89,90,92,103],"product_tag":[251,246,255,247],"class_list":{"0":"post-12394","1":"product","2":"type-product","3":"status-publish","4":"has-post-thumbnail","6":"brw_tour_themes-culture","7":"brw_tour_themes-day-tour","8":"brw_tour_themes-discover","9":"brw_tour_themes-family","10":"brw_tour_themes-group","11":"product_cat-adventure","12":"product_cat-culture","13":"product_cat-day-tour","14":"product_cat-discover","15":"product_cat-family","16":"product_cat-group","17":"product_cat-tour-themes","18":"product_tag-culture","19":"product_tag-discover","20":"product_tag-history","21":"product_tag-vietnam","23":"first","24":"instock","25":"shipping-taxable","26":"product-type-ovabrw_car_rental"},"_links":{"self":[{"href":"https:\/\/viettourist.asia\/fr\/wp-json\/wp\/v2\/product\/12394"}],"collection":[{"href":"https:\/\/viettourist.asia\/fr\/wp-json\/wp\/v2\/product"}],"about":[{"href":"https:\/\/viettourist.asia\/fr\/wp-json\/wp\/v2\/types\/product"}],"version-history":[{"count":1,"href":"https:\/\/viettourist.asia\/fr\/wp-json\/wp\/v2\/product\/12394\/revisions"}],"predecessor-version":[{"id":12399,"href":"https:\/\/viettourist.asia\/fr\/wp-json\/wp\/v2\/product\/12394\/revisions\/12399"}],"wp:featuredmedia":[{"embeddable":true,"href":"https:\/\/viettourist.asia\/fr\/wp-json\/wp\/v2\/media\/12397"}],"wp:attachment":[{"href":"https:\/\/viettourist.asia\/fr\/wp-json\/wp\/v2\/media?parent=12394"}],"wp:term":[{"taxonomy":"product_cat","embeddable":true,"href":"https:\/\/viettourist.asia\/fr\/wp-json\/wp\/v2\/product_cat?post=12394"},{"taxonomy":"product_tag","embeddable":true,"href":"https:\/\/viettourist.asia\/fr\/wp-json\/wp\/v2\/product_tag?post=12394"}],"curies":[{"name":"wp","href":"https:\/\/api.w.org\/{rel}","templated":true}]}}