{"id":12387,"date":"2024-10-10T06:32:29","date_gmt":"2024-10-10T06:32:29","guid":{"rendered":"https:\/\/viettourist.asia\/?post_type=product&#038;p=12387"},"modified":"2024-12-17T09:34:41","modified_gmt":"2024-12-17T09:34:41","slug":"une-journee-a-velo-jusquau-village-de-phuoc-thich","status":"publish","type":"product","link":"https:\/\/viettourist.asia\/fr\/tournee\/une-journee-a-velo-jusquau-village-de-phuoc-thich\/","title":{"rendered":"Une journ\u00e9e \u00e0 v\u00e9lo jusqu&#039;au village de Phuoc Thich"},"content":{"rendered":"<p><span style=\"font-weight: 400;\">Rejoignez ce circuit \u00e0 v\u00e9lo de 40 km qui vous guidera \u00e0 travers les charmantes ruelles de Hue, en visitant des villages artisanaux pour rencontrer les habitants locaux. Vous monterez ensuite \u00e0 bord d&#039;un bateau pour naviguer sur la rivi\u00e8re O Lau, atteignant l&#039;ancien village de Phuoc Tich, o\u00f9 vous d\u00e9jeunerez avec une famille locale dans une maison historique vieille de 200 ans. Le trajet se d\u00e9roule sur un terrain plat, principalement le long de routes calmes, ce qui le rend accessible aux personnes de tous niveaux de forme physique. La combinaison harmonieuse entre les habitants avec leur culture unique et la nature dans l&#039;ancien village de Phuoc Tich rendra cette terre durable et pleine de bonheur comme son nom l&#039;indique.<\/span><\/p>","protected":false},"excerpt":{"rendered":"<p>Join this 40-km biking tour that will guide you through the charming backstreets of Hue, visiting craft villages to meet local residents. You\u2019ll then board a boat to navigate the O Lau River, reaching the ancient village of Phuoc Tich, where you\u2019ll enjoy lunch with a local family in a historic 200-year-old home. The ride [&hellip;]<\/p>\n","protected":false},"featured_media":12389,"template":"","meta":[],"product_cat":[241,87,88,89,90,92,103],"product_tag":[252,254,246,253,247],"class_list":{"0":"post-12387","1":"product","2":"type-product","3":"status-publish","4":"has-post-thumbnail","6":"brw_tour_themes-adventure","7":"brw_tour_themes-culture","8":"brw_tour_themes-day-tour","9":"brw_tour_themes-discover","10":"brw_tour_themes-family","11":"brw_tour_themes-group","12":"product_cat-day-tour","13":"product_cat-adventure","14":"product_cat-culture","15":"product_cat-discover","16":"product_cat-family","17":"product_cat-group","18":"product_cat-tour-themes","19":"product_tag-bicycle","20":"product_tag-countryside","21":"product_tag-discover","22":"product_tag-nature","23":"product_tag-vietnam","25":"first","26":"instock","27":"shipping-taxable","28":"product-type-ovabrw_car_rental"},"_links":{"self":[{"href":"https:\/\/viettourist.asia\/fr\/wp-json\/wp\/v2\/product\/12387"}],"collection":[{"href":"https:\/\/viettourist.asia\/fr\/wp-json\/wp\/v2\/product"}],"about":[{"href":"https:\/\/viettourist.asia\/fr\/wp-json\/wp\/v2\/types\/product"}],"version-history":[{"count":1,"href":"https:\/\/viettourist.asia\/fr\/wp-json\/wp\/v2\/product\/12387\/revisions"}],"predecessor-version":[{"id":12393,"href":"https:\/\/viettourist.asia\/fr\/wp-json\/wp\/v2\/product\/12387\/revisions\/12393"}],"wp:featuredmedia":[{"embeddable":true,"href":"https:\/\/viettourist.asia\/fr\/wp-json\/wp\/v2\/media\/12389"}],"wp:attachment":[{"href":"https:\/\/viettourist.asia\/fr\/wp-json\/wp\/v2\/media?parent=12387"}],"wp:term":[{"taxonomy":"product_cat","embeddable":true,"href":"https:\/\/viettourist.asia\/fr\/wp-json\/wp\/v2\/product_cat?post=12387"},{"taxonomy":"product_tag","embeddable":true,"href":"https:\/\/viettourist.asia\/fr\/wp-json\/wp\/v2\/product_tag?post=12387"}],"curies":[{"name":"wp","href":"https:\/\/api.w.org\/{rel}","templated":true}]}}