{"id":12332,"date":"2024-09-26T03:31:55","date_gmt":"2024-09-26T03:31:55","guid":{"rendered":"https:\/\/viettourist.asia\/?post_type=product&#038;p=12332"},"modified":"2024-10-01T04:20:37","modified_gmt":"2024-10-01T04:20:37","slug":"lile-de-ly-son-le-paradis-cache-2-jours-1-nuit-de-mer-soleil-et-decouverte","status":"publish","type":"product","link":"https:\/\/viettourist.asia\/fr\/tournee\/lile-de-ly-son-le-paradis-cache-2-jours-1-nuit-de-mer-soleil-et-decouverte\/","title":{"rendered":"L&#039;\u00eele de Ly Son : le paradis cach\u00e9 \u2013 2 jours \/ 1 nuit de mer, soleil et d\u00e9couverte"},"content":{"rendered":"<p>Nich\u00e9e au large des c\u00f4tes du centre du Vietnam, l&#039;\u00eele de Ly Son est un paradis pr\u00e9serv\u00e9 qui n&#039;attend que d&#039;\u00eatre d\u00e9couvert. Surnomm\u00e9e le \u00ab Royaume de l&#039;ail \u00bb et souvent compar\u00e9e aux Maldives, Ly Son offre un parfait m\u00e9lange de beaut\u00e9 naturelle, de riche histoire et d&#039;exp\u00e9riences culturelles uniques. Des paysages volcaniques anciens aux plages immacul\u00e9es en passant par les pagodes centenaires, ce circuit de 3 jours et 2 nuits vous plongera dans le charme captivant de l&#039;\u00eele. Que vous exploriez des grottes \u00e0 couper le souffle, pratiquiez la plong\u00e9e avec tuba dans des eaux cristallines ou savouriez des sp\u00e9cialit\u00e9s locales, Ly Son vous promet un voyage inoubliable vers un joyau m\u00e9connu du littoral vietnamien.<\/p>\n<p>Pr\u00e9parez-vous \u00e0 embarquer pour une aventure magique, o\u00f9 chaque instant pass\u00e9 sur cette oasis insulaire vous laissera \u00e9merveill\u00e9.<\/p>","protected":false},"excerpt":{"rendered":"<p>Nestled off the coast of Central Vietnam, Ly Son Island is an untouched paradise waiting to be discovered. Known as the &#8220;Garlic Kingdom&#8221; and often likened to the Maldives, Ly Son offers a perfect blend of natural beauty, rich history, and unique cultural experiences. From ancient volcanic landscapes to pristine beaches and centuries-old pagodas, this [&hellip;]<\/p>\n","protected":false},"featured_media":12334,"template":"","meta":[],"product_cat":[87,88,89,90,92,103],"product_tag":[],"class_list":{"0":"post-12332","1":"product","2":"type-product","3":"status-publish","4":"has-post-thumbnail","6":"brw_tour_themes-adventure","7":"brw_tour_themes-culture","8":"brw_tour_themes-discover","9":"brw_tour_themes-family","10":"brw_tour_themes-group","11":"product_cat-adventure","12":"product_cat-culture","13":"product_cat-discover","14":"product_cat-family","15":"product_cat-group","16":"product_cat-tour-themes","18":"first","19":"instock","20":"shipping-taxable","21":"product-type-ovabrw_car_rental"},"_links":{"self":[{"href":"https:\/\/viettourist.asia\/fr\/wp-json\/wp\/v2\/product\/12332"}],"collection":[{"href":"https:\/\/viettourist.asia\/fr\/wp-json\/wp\/v2\/product"}],"about":[{"href":"https:\/\/viettourist.asia\/fr\/wp-json\/wp\/v2\/types\/product"}],"version-history":[{"count":1,"href":"https:\/\/viettourist.asia\/fr\/wp-json\/wp\/v2\/product\/12332\/revisions"}],"predecessor-version":[{"id":12333,"href":"https:\/\/viettourist.asia\/fr\/wp-json\/wp\/v2\/product\/12332\/revisions\/12333"}],"wp:featuredmedia":[{"embeddable":true,"href":"https:\/\/viettourist.asia\/fr\/wp-json\/wp\/v2\/media\/12334"}],"wp:attachment":[{"href":"https:\/\/viettourist.asia\/fr\/wp-json\/wp\/v2\/media?parent=12332"}],"wp:term":[{"taxonomy":"product_cat","embeddable":true,"href":"https:\/\/viettourist.asia\/fr\/wp-json\/wp\/v2\/product_cat?post=12332"},{"taxonomy":"product_tag","embeddable":true,"href":"https:\/\/viettourist.asia\/fr\/wp-json\/wp\/v2\/product_tag?post=12332"}],"curies":[{"name":"wp","href":"https:\/\/api.w.org\/{rel}","templated":true}]}}