{"id":12320,"date":"2024-09-26T03:03:53","date_gmt":"2024-09-26T03:03:53","guid":{"rendered":"https:\/\/viettourist.asia\/?post_type=product&#038;p=12320"},"modified":"2024-09-26T03:04:50","modified_gmt":"2024-09-26T03:04:50","slug":"ly-son-3-jours-2-nuits-circuit-decouverte-des-maldives-vietnamiennes","status":"publish","type":"product","link":"https:\/\/viettourist.asia\/fr\/tournee\/ly-son-3-jours-2-nuits-circuit-decouverte-des-maldives-vietnamiennes\/","title":{"rendered":"Circuit Ly Son 3 jours \/ 2 nuits : D\u00e9couverte des Maldives vietnamiennes"},"content":{"rendered":"<p>Voyager n&#039;est pas seulement une fa\u00e7on d&#039;\u00e9chapper au travail ou aux \u00e9tudes : c&#039;est un voyage vers l&#039;inconnu, o\u00f9 vous pouvez d\u00e9couvrir le monde qui vous entoure et vivre une exp\u00e9rience diff\u00e9rente. L&#039;\u00eele de Ly Son, souvent appel\u00e9e les \u00ab Maldives du Vietnam \u00bb, est la destination id\u00e9ale pour se lancer dans cette aventure.<\/p>\n<p>\u00c0 ce sujet <strong>Circuit de 3 jours et 2 nuits<\/strong>, vous vous retrouverez entour\u00e9 par la beaut\u00e9 des mers et des \u00eeles \u00e9poustouflantes du Vietnam. Ly Son offre tout, des eaux cristallines aux paysages intacts, vous permettant de renouer avec la nature tout en explorant son histoire et sa culture uniques. Cette escapade sur l&#039;\u00eele promet d&#039;\u00eatre \u00e0 la fois rajeunissante et inoubliable.<\/p>","protected":false},"excerpt":{"rendered":"<p>Travel isn\u2019t just an escape from work or study\u2014it\u2019s a journey into the unknown, where you can discover the world around you and experience life in new ways. Ly Son Island, often called the &#8220;Maldives of Vietnam,&#8221; is the perfect destination to dive into this adventure. On this 3-day, 2-night tour, you\u2019ll find yourself surrounded [&hellip;]<\/p>\n","protected":false},"featured_media":12323,"template":"","meta":[],"product_cat":[87,88,89,90,92,103],"product_tag":[],"class_list":{"0":"post-12320","1":"product","2":"type-product","3":"status-publish","4":"has-post-thumbnail","6":"brw_tour_themes-adventure","7":"brw_tour_themes-culture","8":"brw_tour_themes-discover","9":"brw_tour_themes-group","10":"product_cat-adventure","11":"product_cat-culture","12":"product_cat-discover","13":"product_cat-family","14":"product_cat-group","15":"product_cat-tour-themes","17":"first","18":"instock","19":"shipping-taxable","20":"product-type-ovabrw_car_rental"},"_links":{"self":[{"href":"https:\/\/viettourist.asia\/fr\/wp-json\/wp\/v2\/product\/12320"}],"collection":[{"href":"https:\/\/viettourist.asia\/fr\/wp-json\/wp\/v2\/product"}],"about":[{"href":"https:\/\/viettourist.asia\/fr\/wp-json\/wp\/v2\/types\/product"}],"version-history":[{"count":2,"href":"https:\/\/viettourist.asia\/fr\/wp-json\/wp\/v2\/product\/12320\/revisions"}],"predecessor-version":[{"id":12331,"href":"https:\/\/viettourist.asia\/fr\/wp-json\/wp\/v2\/product\/12320\/revisions\/12331"}],"wp:featuredmedia":[{"embeddable":true,"href":"https:\/\/viettourist.asia\/fr\/wp-json\/wp\/v2\/media\/12323"}],"wp:attachment":[{"href":"https:\/\/viettourist.asia\/fr\/wp-json\/wp\/v2\/media?parent=12320"}],"wp:term":[{"taxonomy":"product_cat","embeddable":true,"href":"https:\/\/viettourist.asia\/fr\/wp-json\/wp\/v2\/product_cat?post=12320"},{"taxonomy":"product_tag","embeddable":true,"href":"https:\/\/viettourist.asia\/fr\/wp-json\/wp\/v2\/product_tag?post=12320"}],"curies":[{"name":"wp","href":"https:\/\/api.w.org\/{rel}","templated":true}]}}