{"id":12290,"date":"2024-09-25T09:03:14","date_gmt":"2024-09-25T09:03:14","guid":{"rendered":"https:\/\/viettourist.asia\/?post_type=product&#038;p=12290"},"modified":"2024-12-17T09:37:54","modified_gmt":"2024-12-17T09:37:54","slug":"du-sud-au-nord-du-vietnam-dans-le-train-de-la-reunification-8-jours-7-nuits","status":"publish","type":"product","link":"https:\/\/viettourist.asia\/fr\/tournee\/du-sud-au-nord-du-vietnam-dans-le-train-de-la-reunification-8-jours-7-nuits\/","title":{"rendered":"Du Sud au Nord du Vietnam \u00e0 bord du train de la r\u00e9unification 8 jours \/ 7 nuits"},"content":{"rendered":"<p><span class=\"OYPEnA font-feature-liga-off font-feature-clig-off font-feature-calt-off text-decoration-none text-strikethrough-none\">Cet itin\u00e9raire vous emm\u00e8ne dans un voyage de luxe \u00e0 travers le riche patrimoine et les paysages \u00e0 couper le souffle du sud au nord du Vietnam. Vous voyagerez au rythme du train \u00e0 travers des paysages qui vous feront sentir les odeurs, profitant de votre cabine priv\u00e9e pour vous reposer avant les diff\u00e9rentes \u00e9tapes. Vous explorerez l&#039;ancienne cit\u00e9 de Hu\u00e9, la charmante ville de Hoi An et la belle ville c\u00f4ti\u00e8re de Nha Trang, pour finir dans la capitale Hanoi, tout en voyageant avec style \u00e0 bord du luxueux train de la R\u00e9unification.<\/span><\/p>","protected":false},"excerpt":{"rendered":"<p>This itinerary takes you on a luxury journey through the rich heritage and breathtaking landscapes from the south to the north of Vietnam. You will travel at the pace of the train through landscapes that will make you smell the scent, taking advantage of your private cabin to rest before the various stages. You&#8217;ll explore [&hellip;]<\/p>\n","protected":false},"featured_media":11913,"template":"","meta":[],"product_cat":[87,88,89,90,92,103],"product_tag":[],"class_list":{"0":"post-12290","1":"product","2":"type-product","3":"status-publish","4":"has-post-thumbnail","6":"brw_tour_themes-adventure","7":"brw_tour_themes-culture","8":"brw_tour_themes-discover","9":"brw_tour_themes-family","10":"brw_tour_themes-group","11":"product_cat-adventure","12":"product_cat-culture","13":"product_cat-discover","14":"product_cat-family","15":"product_cat-group","16":"product_cat-tour-themes","18":"first","19":"instock","20":"shipping-taxable","21":"product-type-ovabrw_car_rental"},"_links":{"self":[{"href":"https:\/\/viettourist.asia\/fr\/wp-json\/wp\/v2\/product\/12290"}],"collection":[{"href":"https:\/\/viettourist.asia\/fr\/wp-json\/wp\/v2\/product"}],"about":[{"href":"https:\/\/viettourist.asia\/fr\/wp-json\/wp\/v2\/types\/product"}],"version-history":[{"count":1,"href":"https:\/\/viettourist.asia\/fr\/wp-json\/wp\/v2\/product\/12290\/revisions"}],"predecessor-version":[{"id":12291,"href":"https:\/\/viettourist.asia\/fr\/wp-json\/wp\/v2\/product\/12290\/revisions\/12291"}],"wp:featuredmedia":[{"embeddable":true,"href":"https:\/\/viettourist.asia\/fr\/wp-json\/wp\/v2\/media\/11913"}],"wp:attachment":[{"href":"https:\/\/viettourist.asia\/fr\/wp-json\/wp\/v2\/media?parent=12290"}],"wp:term":[{"taxonomy":"product_cat","embeddable":true,"href":"https:\/\/viettourist.asia\/fr\/wp-json\/wp\/v2\/product_cat?post=12290"},{"taxonomy":"product_tag","embeddable":true,"href":"https:\/\/viettourist.asia\/fr\/wp-json\/wp\/v2\/product_tag?post=12290"}],"curies":[{"name":"wp","href":"https:\/\/api.w.org\/{rel}","templated":true}]}}