{"id":12209,"date":"2024-09-20T06:52:08","date_gmt":"2024-09-20T06:52:08","guid":{"rendered":"https:\/\/viettourist.asia\/?post_type=product&#038;p=12209"},"modified":"2024-12-20T09:07:35","modified_gmt":"2024-12-20T09:07:35","slug":"explorez-les-merveilles-de-siem-reap-5-jours-4-nuits-de-culture-dhistoire-et-daventure","status":"publish","type":"product","link":"https:\/\/viettourist.asia\/fr\/tournee\/explorez-les-merveilles-de-siem-reap-5-jours-4-nuits-de-culture-dhistoire-et-daventure\/","title":{"rendered":"Explorez les merveilles de Siem Reap : 5 jours \/ 4 nuits de culture, d&#039;histoire et d&#039;aventure"},"content":{"rendered":"<p>Embarquez pour un voyage inoubliable \u00e0 Siem Reap, une terre impr\u00e9gn\u00e9e d&#039;histoire et de culture vibrante. Pendant cinq jours, vous et votre famille explorerez les magnifiques temples d&#039;Angkor, dont l&#039;embl\u00e9matique Angkor Vat et le mystique Ta Prohm, o\u00f9 nature et architecture se m\u00ealent. D\u00e9couvrez la chaleur de l&#039;hospitalit\u00e9 cambodgienne en visitant les villages flottants locaux sur le lac Tonl\u00e9 Sap et plongez dans la vie quotidienne des communaut\u00e9s qui y prosp\u00e8rent.<\/p>\n<p>Des levers de soleil \u00e9poustouflants sur des ruines antiques aux spectacles envo\u00fbtants de danse Apsara, cet itin\u00e9raire soigneusement \u00e9labor\u00e9 vous promet non seulement des visites touristiques, mais aussi une v\u00e9ritable d\u00e9couverte du riche patrimoine cambodgien. Rejoignez-nous \u00e0 Siem Reap et cr\u00e9ez des souvenirs inoubliables\u00a0!<\/p>","protected":false},"excerpt":{"rendered":"<p>Embark on an unforgettable journey to Siem Reap, a land steeped in history and vibrant culture. Over five days, you and your family will explore the magnificent temples of Angkor, including the iconic Angkor Wat and the mystical Ta Prohm, where nature and architecture intertwine. Experience the warmth of Cambodian hospitality as you visit local [&hellip;]<\/p>\n","protected":false},"featured_media":12214,"template":"","meta":[],"product_cat":[87,88,89,90,92,103],"product_tag":[],"class_list":{"0":"post-12209","1":"product","2":"type-product","3":"status-publish","4":"has-post-thumbnail","6":"brw_tour_themes-culture","7":"brw_tour_themes-discover","8":"brw_tour_themes-family","9":"brw_tour_themes-group","10":"product_cat-adventure","11":"product_cat-culture","12":"product_cat-discover","13":"product_cat-family","14":"product_cat-group","15":"product_cat-tour-themes","17":"first","18":"instock","19":"shipping-taxable","20":"product-type-ovabrw_car_rental"},"_links":{"self":[{"href":"https:\/\/viettourist.asia\/fr\/wp-json\/wp\/v2\/product\/12209"}],"collection":[{"href":"https:\/\/viettourist.asia\/fr\/wp-json\/wp\/v2\/product"}],"about":[{"href":"https:\/\/viettourist.asia\/fr\/wp-json\/wp\/v2\/types\/product"}],"version-history":[{"count":1,"href":"https:\/\/viettourist.asia\/fr\/wp-json\/wp\/v2\/product\/12209\/revisions"}],"predecessor-version":[{"id":12210,"href":"https:\/\/viettourist.asia\/fr\/wp-json\/wp\/v2\/product\/12209\/revisions\/12210"}],"wp:featuredmedia":[{"embeddable":true,"href":"https:\/\/viettourist.asia\/fr\/wp-json\/wp\/v2\/media\/12214"}],"wp:attachment":[{"href":"https:\/\/viettourist.asia\/fr\/wp-json\/wp\/v2\/media?parent=12209"}],"wp:term":[{"taxonomy":"product_cat","embeddable":true,"href":"https:\/\/viettourist.asia\/fr\/wp-json\/wp\/v2\/product_cat?post=12209"},{"taxonomy":"product_tag","embeddable":true,"href":"https:\/\/viettourist.asia\/fr\/wp-json\/wp\/v2\/product_tag?post=12209"}],"curies":[{"name":"wp","href":"https:\/\/api.w.org\/{rel}","templated":true}]}}