{"id":12142,"date":"2024-09-20T03:26:16","date_gmt":"2024-09-20T03:26:16","guid":{"rendered":"https:\/\/viettourist.asia\/?post_type=product&#038;p=12142"},"modified":"2024-12-17T09:40:02","modified_gmt":"2024-12-17T09:40:02","slug":"une-journee-de-decouverte-de-mon-aventure-dans-le-delta-du-mekong-a-tho-ben-tre","status":"publish","type":"product","link":"https:\/\/viettourist.asia\/fr\/tournee\/une-journee-de-decouverte-de-mon-aventure-dans-le-delta-du-mekong-a-tho-ben-tre\/","title":{"rendered":"Une journ\u00e9e de d\u00e9couverte : My Tho et Ben Tre \u2013 Aventure dans le delta du M\u00e9kong"},"content":{"rendered":"<p>Embarquez pour un voyage inoubliable \u00e0 travers le \u00ab grenier \u00e0 riz \u00bb du Vietnam, le delta du M\u00e9kong, une r\u00e9gion connue pour ses terres fertiles, ses paysages captivants et son riche patrimoine culturel. Cette aventure d&#039;une journ\u00e9e avec Viettourist vous invite \u00e0 explorer les voies navigables luxuriantes, la vie locale et les traditions vibrantes qui font de cette r\u00e9gion une destination incontournable pour les voyageurs.<\/p>","protected":false},"excerpt":{"rendered":"<p>Embarquez pour un voyage inoubliable \u00e0 travers le \u00ab grenier \u00e0 riz \u00bb du Vietnam, le delta du M\u00e9kong, une r\u00e9gion connue pour ses terres fertiles, ses paysages captivants et son riche patrimoine culturel. Cette aventure d&#039;une journ\u00e9e avec Viettourist vous invite \u00e0 explorer les voies navigables luxuriantes, la vie locale et les traditions vibrantes qui font de cette r\u00e9gion une destination incontournable pour les voyageurs.<\/p>","protected":false},"featured_media":12143,"template":"","meta":[],"product_cat":[87,88,241,89,90,92,103],"product_tag":[],"class_list":{"0":"post-12142","1":"product","2":"type-product","3":"status-publish","4":"has-post-thumbnail","6":"brw_tour_themes-adventure","7":"brw_tour_themes-culture","8":"brw_tour_themes-discover","9":"brw_tour_themes-family","10":"brw_tour_themes-group","11":"product_cat-adventure","12":"product_cat-culture","13":"product_cat-day-tour","14":"product_cat-discover","15":"product_cat-family","16":"product_cat-group","17":"product_cat-tour-themes","19":"first","20":"instock","21":"shipping-taxable","22":"product-type-ovabrw_car_rental"},"_links":{"self":[{"href":"https:\/\/viettourist.asia\/fr\/wp-json\/wp\/v2\/product\/12142"}],"collection":[{"href":"https:\/\/viettourist.asia\/fr\/wp-json\/wp\/v2\/product"}],"about":[{"href":"https:\/\/viettourist.asia\/fr\/wp-json\/wp\/v2\/types\/product"}],"version-history":[{"count":1,"href":"https:\/\/viettourist.asia\/fr\/wp-json\/wp\/v2\/product\/12142\/revisions"}],"predecessor-version":[{"id":12144,"href":"https:\/\/viettourist.asia\/fr\/wp-json\/wp\/v2\/product\/12142\/revisions\/12144"}],"wp:featuredmedia":[{"embeddable":true,"href":"https:\/\/viettourist.asia\/fr\/wp-json\/wp\/v2\/media\/12143"}],"wp:attachment":[{"href":"https:\/\/viettourist.asia\/fr\/wp-json\/wp\/v2\/media?parent=12142"}],"wp:term":[{"taxonomy":"product_cat","embeddable":true,"href":"https:\/\/viettourist.asia\/fr\/wp-json\/wp\/v2\/product_cat?post=12142"},{"taxonomy":"product_tag","embeddable":true,"href":"https:\/\/viettourist.asia\/fr\/wp-json\/wp\/v2\/product_tag?post=12142"}],"curies":[{"name":"wp","href":"https:\/\/api.w.org\/{rel}","templated":true}]}}