{"id":12005,"date":"2024-09-16T04:19:06","date_gmt":"2024-09-16T04:19:06","guid":{"rendered":"https:\/\/viettourist.asia\/?post_type=product&#038;p=12005"},"modified":"2024-12-17T09:45:29","modified_gmt":"2024-12-17T09:45:29","slug":"apercu-de-11-jours-et-10-nuits-au-vietnam-des-villes-animees-aux-paysages-tranquilles","status":"publish","type":"product","link":"https:\/\/viettourist.asia\/fr\/tournee\/apercu-de-11-jours-et-10-nuits-au-vietnam-des-villes-animees-aux-paysages-tranquilles\/","title":{"rendered":"Aper\u00e7u de 11 jours \/ 10 nuits au Vietnam : des villes anim\u00e9es aux paysages tranquilles"},"content":{"rendered":"<p>Embarquez pour une aventure inoubliable au Vietnam, un pays o\u00f9 traditions ancestrales se marient harmonieusement avec une modernit\u00e9 dynamique. Ce circuit de 11 jours vous emm\u00e8ne des rues anim\u00e9es de Sa\u00efgon aux paysages sereins de la baie d&#039;Along, offrant une riche palette d&#039;exp\u00e9riences mettant en valeur le charme unique et le patrimoine culturel du Vietnam.<\/p>\n<p>Commencez votre voyage \u00e0 Sa\u00efgon, o\u00f9 vous plongerez dans l&#039;histoire des tunnels de Cu Chi et explorerez les monuments dynamiques de la ville, de l&#039;embl\u00e9matique cath\u00e9drale Notre-Dame au march\u00e9 anim\u00e9 de Ben Thanh. Naviguez sur les voies navigables enchanteresses du delta du M\u00e9kong, \u00e0 la d\u00e9couverte des march\u00e9s flottants anim\u00e9s et des rizi\u00e8res luxuriantes qui caract\u00e9risent cette r\u00e9gion fertile.<\/p>\n<p>Votre exploration se poursuit dans la vieille ville de Hoi An, o\u00f9 ses ruelles \u00e9troites et son architecture traditionnelle vous transporteront dans le temps. Vous y appr\u00e9cierez la beaut\u00e9 intemporelle du pont couvert japonais et les march\u00e9s locaux anim\u00e9s, et pourrez m\u00eame participer \u00e0 une promenade en bateau sur la rivi\u00e8re Thu Bon.<\/p>\n<p>Voyagez vers le nord jusqu&#039;\u00e0 Hano\u00ef, c\u0153ur culturel du pays, o\u00f9 vous visiterez des sites historiques tels que le mausol\u00e9e de H\u00f4 Chi Minh et le Temple de la Litt\u00e9rature. Plongez dans la riche histoire de Hano\u00ef et assistez \u00e0 un spectacle traditionnel de marionnettes sur l&#039;eau qui donne vie au folklore vietnamien.<\/p>\n<p>Aucun voyage au Vietnam ne serait complet sans une visite de la magnifique baie d&#039;Along. Embarquez pour une croisi\u00e8re de luxe, admirez les spectaculaires karsts calcaires de la baie et explorez des grottes cach\u00e9es et des plages paisibles. Vivez la magie de ce site class\u00e9 au patrimoine mondial de l&#039;UNESCO, o\u00f9 chaque instant est une nouvelle d\u00e9couverte.<\/p>\n<p>Des villes anim\u00e9es et des sites historiques aux paysages paisibles et aux tr\u00e9sors culturels, ce circuit offre une exp\u00e9rience compl\u00e8te et immersive du Vietnam. Rejoignez-nous et cr\u00e9ez des souvenirs inoubliables lors de ce voyage captivant \u00e0 travers l&#039;une des destinations les plus enchanteresses d&#039;Asie du Sud-Est.<\/p>","protected":false},"excerpt":{"rendered":"<p>Embark on an unforgettable adventure through Vietnam, a country where ancient traditions blend seamlessly with vibrant modernity. This 11-day tour takes you from the bustling streets of Saigon to the serene landscapes of Ha Long Bay, offering a rich tapestry of experiences that showcase Vietnam\u2019s unique charm and cultural heritage. Begin your journey in Saigon, [&hellip;]<\/p>\n","protected":false},"featured_media":11974,"template":"","meta":[],"product_cat":[87,88,89,90,92,86,103],"product_tag":[],"class_list":{"0":"post-12005","1":"product","2":"type-product","3":"status-publish","4":"has-post-thumbnail","6":"brw_tour_themes-culture","7":"brw_tour_themes-discover","8":"brw_tour_themes-family","9":"brw_tour_themes-group","10":"brw_tour_themes-luxury","11":"product_cat-adventure","12":"product_cat-culture","13":"product_cat-discover","14":"product_cat-family","15":"product_cat-group","16":"product_cat-luxury","17":"product_cat-tour-themes","19":"first","20":"instock","21":"shipping-taxable","22":"product-type-ovabrw_car_rental"},"_links":{"self":[{"href":"https:\/\/viettourist.asia\/fr\/wp-json\/wp\/v2\/product\/12005"}],"collection":[{"href":"https:\/\/viettourist.asia\/fr\/wp-json\/wp\/v2\/product"}],"about":[{"href":"https:\/\/viettourist.asia\/fr\/wp-json\/wp\/v2\/types\/product"}],"version-history":[{"count":2,"href":"https:\/\/viettourist.asia\/fr\/wp-json\/wp\/v2\/product\/12005\/revisions"}],"predecessor-version":[{"id":12190,"href":"https:\/\/viettourist.asia\/fr\/wp-json\/wp\/v2\/product\/12005\/revisions\/12190"}],"wp:featuredmedia":[{"embeddable":true,"href":"https:\/\/viettourist.asia\/fr\/wp-json\/wp\/v2\/media\/11974"}],"wp:attachment":[{"href":"https:\/\/viettourist.asia\/fr\/wp-json\/wp\/v2\/media?parent=12005"}],"wp:term":[{"taxonomy":"product_cat","embeddable":true,"href":"https:\/\/viettourist.asia\/fr\/wp-json\/wp\/v2\/product_cat?post=12005"},{"taxonomy":"product_tag","embeddable":true,"href":"https:\/\/viettourist.asia\/fr\/wp-json\/wp\/v2\/product_tag?post=12005"}],"curies":[{"name":"wp","href":"https:\/\/api.w.org\/{rel}","templated":true}]}}