{"id":11948,"date":"2024-09-09T03:18:36","date_gmt":"2024-09-09T03:18:36","guid":{"rendered":"https:\/\/viettourist.asia\/?post_type=product&#038;p=11948"},"modified":"2024-12-17T09:42:39","modified_gmt":"2024-12-17T09:42:39","slug":"incroyable-vietnam-11-jours-10-nuits","status":"publish","type":"product","link":"https:\/\/viettourist.asia\/fr\/tournee\/incroyable-vietnam-11-jours-10-nuits\/","title":{"rendered":"Le Vietnam incroyable 11 jours \/ 10 nuits"},"content":{"rendered":"<p>Embarquez pour une aventure palpitante de 11 jours \u00e0 travers la beaut\u00e9 pr\u00e9serv\u00e9e et la riche culture du nord du Vietnam. Des rues anim\u00e9es de Hanoi aux paysages \u00e0 couper le souffle de Ha Giang, ce circuit offre une plong\u00e9e profonde dans les r\u00e9gions les plus recul\u00e9es et les plus pittoresques du pays. Vous traverserez des routes de montagne sinueuses, visiterez de charmants villages de minorit\u00e9s ethniques, explorerez de superbes merveilles naturelles comme le col de Ma Pi Leng et le lac Ba Be, et naviguerez dans les eaux mystiques de la baie d&#039;Halong.<\/p>\n<p>En chemin, plongez-vous dans la riche histoire des anciennes citadelles, l&#039;architecture traditionnelle H&#039;mong et la beaut\u00e9 sereine de la nature, tout en savourant une cuisine locale authentique. Ce voyage offre non seulement des paysages spectaculaires, mais aussi un lien significatif avec le peuple vietnamien et son mode de vie. Que vous profitiez de la tranquillit\u00e9 du lac Ba Be, que vous parcouriez \u00e0 v\u00e9lo les rizi\u00e8res luxuriantes de Mai Chau ou que vous exploriez les rues enchanteresses de Hoi An, chaque jour apporte une nouvelle aventure et une appr\u00e9ciation plus profonde de ce pays magnifique.<\/p>\n<p>Pr\u00e9parez-vous \u00e0 \u00eatre \u00e9merveill\u00e9 par la beaut\u00e9 et la diversit\u00e9 du nord du Vietnam lors de ce voyage inoubliable, con\u00e7u pour ceux qui recherchent un m\u00e9lange de culture, d&#039;histoire et de paysages naturels \u00e0 couper le souffle.<\/p>","protected":false},"excerpt":{"rendered":"<p>Embark on a thrilling 11-day adventure through the unspoiled beauty and rich culture of Northern Vietnam. From the vibrant streets of Hanoi to the breathtaking landscapes of Ha Giang, this tour offers a deep dive into the country\u2019s most remote and picturesque regions. You\u2019ll traverse winding mountain roads, visit charming ethnic minority villages, explore stunning [&hellip;]<\/p>\n","protected":false},"featured_media":11951,"template":"","meta":[],"product_cat":[87,88,89,90,92,86,103],"product_tag":[],"class_list":{"0":"post-11948","1":"product","2":"type-product","3":"status-publish","4":"has-post-thumbnail","6":"brw_tour_themes-adventure","7":"brw_tour_themes-culture","8":"brw_tour_themes-discover","9":"brw_tour_themes-family","10":"brw_tour_themes-group","11":"brw_tour_themes-luxury","12":"product_cat-adventure","13":"product_cat-culture","14":"product_cat-discover","15":"product_cat-family","16":"product_cat-group","17":"product_cat-luxury","18":"product_cat-tour-themes","20":"first","21":"instock","22":"shipping-taxable","23":"product-type-ovabrw_car_rental"},"_links":{"self":[{"href":"https:\/\/viettourist.asia\/fr\/wp-json\/wp\/v2\/product\/11948"}],"collection":[{"href":"https:\/\/viettourist.asia\/fr\/wp-json\/wp\/v2\/product"}],"about":[{"href":"https:\/\/viettourist.asia\/fr\/wp-json\/wp\/v2\/types\/product"}],"version-history":[{"count":1,"href":"https:\/\/viettourist.asia\/fr\/wp-json\/wp\/v2\/product\/11948\/revisions"}],"predecessor-version":[{"id":11958,"href":"https:\/\/viettourist.asia\/fr\/wp-json\/wp\/v2\/product\/11948\/revisions\/11958"}],"wp:featuredmedia":[{"embeddable":true,"href":"https:\/\/viettourist.asia\/fr\/wp-json\/wp\/v2\/media\/11951"}],"wp:attachment":[{"href":"https:\/\/viettourist.asia\/fr\/wp-json\/wp\/v2\/media?parent=11948"}],"wp:term":[{"taxonomy":"product_cat","embeddable":true,"href":"https:\/\/viettourist.asia\/fr\/wp-json\/wp\/v2\/product_cat?post=11948"},{"taxonomy":"product_tag","embeddable":true,"href":"https:\/\/viettourist.asia\/fr\/wp-json\/wp\/v2\/product_tag?post=11948"}],"curies":[{"name":"wp","href":"https:\/\/api.w.org\/{rel}","templated":true}]}}