{"id":11925,"date":"2024-09-06T04:14:43","date_gmt":"2024-09-06T04:14:43","guid":{"rendered":"https:\/\/viettourist.asia\/?post_type=product&#038;p=11925"},"modified":"2024-12-17T09:49:15","modified_gmt":"2024-12-17T09:49:15","slug":"exquise-saigon-et-plage-de-phu-quoc-6-jours-5-nuits","status":"publish","type":"product","link":"https:\/\/viettourist.asia\/fr\/tournee\/exquise-saigon-et-plage-de-phu-quoc-6-jours-5-nuits\/","title":{"rendered":"Saigon et la plage de Phu Quoc, 6 jours \/ 5 nuits"},"content":{"rendered":"<p><span style=\"font-weight: 400;\">Cette visite passionnante de Saigon (Ho Chi Minh-Ville) est id\u00e9ale pour les voyageurs qui souhaitent se faire une id\u00e9e de la r\u00e9gion, en particulier les nouveaux visiteurs souhaitant explorer les principales attractions de Saigon. Vous visiterez les principaux sites historiques et culturels, mais Saigon, \u00e9galement connue sous le nom de la Perle de l&#039;Extr\u00eame-Orient, a bien plus \u00e0 offrir. D\u00e9couvrez le rythme effr\u00e9n\u00e9 de la ville, accompagn\u00e9 des sons rythm\u00e9s de ses nombreux caf\u00e9s. Profitez de l&#039;atmosph\u00e8re vibrante des acheteurs qui marchandent dans les rues anim\u00e9es du march\u00e9.<\/span><\/p>","protected":false},"excerpt":{"rendered":"<p>This exciting Saigon (Ho Chi Minh City) visit is ideal for travelers who want to get a feel for the area, especially first-time visitors looking to explore the main attractions of Saigon. You&#8217;ll visit the key historical and cultural sites, but Saigon, also known as The Pearl of the Far East, offers so much more. [&hellip;]<\/p>\n","protected":false},"featured_media":11926,"template":"","meta":[],"product_cat":[88,89,90,92,86,103],"product_tag":[],"class_list":{"0":"post-11925","1":"product","2":"type-product","3":"status-publish","4":"has-post-thumbnail","6":"brw_tour_themes-culture","7":"brw_tour_themes-discover","8":"brw_tour_themes-family","9":"brw_tour_themes-group","10":"brw_tour_themes-luxury","11":"product_cat-culture","12":"product_cat-discover","13":"product_cat-family","14":"product_cat-group","15":"product_cat-luxury","16":"product_cat-tour-themes","18":"first","19":"instock","20":"shipping-taxable","21":"product-type-ovabrw_car_rental"},"_links":{"self":[{"href":"https:\/\/viettourist.asia\/fr\/wp-json\/wp\/v2\/product\/11925"}],"collection":[{"href":"https:\/\/viettourist.asia\/fr\/wp-json\/wp\/v2\/product"}],"about":[{"href":"https:\/\/viettourist.asia\/fr\/wp-json\/wp\/v2\/types\/product"}],"version-history":[{"count":1,"href":"https:\/\/viettourist.asia\/fr\/wp-json\/wp\/v2\/product\/11925\/revisions"}],"predecessor-version":[{"id":11932,"href":"https:\/\/viettourist.asia\/fr\/wp-json\/wp\/v2\/product\/11925\/revisions\/11932"}],"wp:featuredmedia":[{"embeddable":true,"href":"https:\/\/viettourist.asia\/fr\/wp-json\/wp\/v2\/media\/11926"}],"wp:attachment":[{"href":"https:\/\/viettourist.asia\/fr\/wp-json\/wp\/v2\/media?parent=11925"}],"wp:term":[{"taxonomy":"product_cat","embeddable":true,"href":"https:\/\/viettourist.asia\/fr\/wp-json\/wp\/v2\/product_cat?post=11925"},{"taxonomy":"product_tag","embeddable":true,"href":"https:\/\/viettourist.asia\/fr\/wp-json\/wp\/v2\/product_tag?post=11925"}],"curies":[{"name":"wp","href":"https:\/\/api.w.org\/{rel}","templated":true}]}}