{"id":11883,"date":"2024-09-04T09:25:45","date_gmt":"2024-09-04T09:25:45","guid":{"rendered":"https:\/\/viettourist.asia\/?post_type=product&#038;p=11883"},"modified":"2024-12-17T09:42:16","modified_gmt":"2024-12-17T09:42:16","slug":"reflexion-15-jours-au-vietnam","status":"publish","type":"product","link":"https:\/\/viettourist.asia\/fr\/tournee\/reflexion-15-jours-au-vietnam\/","title":{"rendered":"Sur les traces de l&#039;Indochine 15 jours \/ 14 nuits"},"content":{"rendered":"<p><span class=\"OYPEnA font-feature-liga-off font-feature-clig-off font-feature-calt-off text-decoration-none text-strikethrough-none\">Embarquez pour un voyage inoubliable au c\u0153ur du Vietnam, \u00e0 la d\u00e9couverte de lieux historiques. Une aventure soigneusement con\u00e7ue alliant harmonieusement paysages \u00e0 couper le souffle, exp\u00e9riences culturelles riches et sites historiques. Rejoignez-nous pour une plong\u00e9e dans la riche palette culturelle du Vietnam, des rues anciennes de Hano\u00ef \u00e0 l&#039;effervescence d&#039;H\u00f4-Chi-Minh-Ville, en passant par l&#039;ancienne Zone D\u00e9militaris\u00e9e, tout en restant fid\u00e8les \u00e0 notre engagement de pr\u00e9server la beaut\u00e9 naturelle et le patrimoine culturel de ce pays enchanteur. Pr\u00e9parez-vous \u00e0 une immersion totale au Vietnam, \u00e0 des \u00e9changes avec les communaut\u00e9s locales et \u00e0 cr\u00e9er des souvenirs inoubliables lors d&#039;un voyage qui transcende le tourisme\u00a0: explorez le Vietnam du Sud au Nord.<\/span><\/p>","protected":false},"excerpt":{"rendered":"<p>Embark on an unforgettable journey to the heart and soul of Vietnam, discovering historic places. A meticulously crafted adventure that seamlessly blends breathtaking landscapes, rich cultural experiences and historic locations. Join us as we delve into the vibrant tapestry of Vietnam, from the ancient streets of Hanoi to the bustling energy of Ho Chi Minh [&hellip;]<\/p>\n","protected":false},"featured_media":11895,"template":"","meta":[],"product_cat":[88,89,109,90,92,103],"product_tag":[],"class_list":{"0":"post-11883","1":"product","2":"type-product","3":"status-publish","4":"has-post-thumbnail","6":"brw_tour_themes-culture","7":"brw_tour_themes-discover","8":"brw_tour_themes-family","9":"brw_tour_themes-group","10":"brw_tour_themes-luxury","11":"product_cat-culture","12":"product_cat-discover","13":"product_cat-education","14":"product_cat-family","15":"product_cat-group","16":"product_cat-tour-themes","18":"first","19":"instock","20":"shipping-taxable","21":"product-type-ovabrw_car_rental"},"_links":{"self":[{"href":"https:\/\/viettourist.asia\/fr\/wp-json\/wp\/v2\/product\/11883"}],"collection":[{"href":"https:\/\/viettourist.asia\/fr\/wp-json\/wp\/v2\/product"}],"about":[{"href":"https:\/\/viettourist.asia\/fr\/wp-json\/wp\/v2\/types\/product"}],"version-history":[{"count":2,"href":"https:\/\/viettourist.asia\/fr\/wp-json\/wp\/v2\/product\/11883\/revisions"}],"predecessor-version":[{"id":11979,"href":"https:\/\/viettourist.asia\/fr\/wp-json\/wp\/v2\/product\/11883\/revisions\/11979"}],"wp:featuredmedia":[{"embeddable":true,"href":"https:\/\/viettourist.asia\/fr\/wp-json\/wp\/v2\/media\/11895"}],"wp:attachment":[{"href":"https:\/\/viettourist.asia\/fr\/wp-json\/wp\/v2\/media?parent=11883"}],"wp:term":[{"taxonomy":"product_cat","embeddable":true,"href":"https:\/\/viettourist.asia\/fr\/wp-json\/wp\/v2\/product_cat?post=11883"},{"taxonomy":"product_tag","embeddable":true,"href":"https:\/\/viettourist.asia\/fr\/wp-json\/wp\/v2\/product_tag?post=11883"}],"curies":[{"name":"wp","href":"https:\/\/api.w.org\/{rel}","templated":true}]}}