{"id":9455,"date":"2024-06-24T04:26:00","date_gmt":"2024-06-24T04:26:00","guid":{"rendered":"https:\/\/dev5.knok-studios.com\/?post_type=product&#038;p=9455"},"modified":"2024-12-17T09:50:50","modified_gmt":"2024-12-17T09:50:50","slug":"zentralvietnam-5-tage-4-nachte","status":"publish","type":"product","link":"https:\/\/viettourist.asia\/de\/tour\/zentralvietnam-5-tage-4-nachte\/","title":{"rendered":"Zentralvietnam 5 Tage \/ 4 N\u00e4chte"},"content":{"rendered":"<h2>\u00dcberblick<\/h2>\n<p><span style=\"font-weight: 400;\">Erleben Sie Zentralvietnam und entdecken Sie die alte K\u00f6nigsstadt Hue und die koloniale Pracht von Hoi An, w\u00e4hrend Sie den Strandluxus in Danang genie\u00dfen.\u00a0<\/span><\/p>\n<p><span style=\"font-weight: 400;\">Hue, die alte Kaiserstadt, diente unter den Kaisern der Nguyen-Dynastie von 1802 bis 1945 als Hauptstadt Vietnams. Die Reise f\u00fchrt weiter in die malerische Stadt Hoi An, einen der wichtigsten Handelsh\u00e4fen S\u00fcdostasiens zwischen dem 17. und 19. Jahrhundert. Dort besuchen wir die Marmorberge (\u201eBerge der F\u00fcnf Elemente\u201c) und ihr f\u00fcr Steinbildhauerei und Steinmetzhandwerk bekanntes Dorf. Im Rahmen einer Holzbootfahrt besuchen wir die Cham-Insel, um das traditionelle Fischerdorf zu besuchen und dort zu schnorcheln oder zu tauchen.<\/span><\/p>","protected":false},"excerpt":{"rendered":"<p>Overview Experience the Central Vietnam and discover the ancient royalty of Hue to the colonial grandeur of Hoi An while enjoying beach luxury in Danang.\u00a0 Hue, the old Imperial City, which served as Vietnam\u2019s capital under the emperors of the Nguyen Dynasty from 1802 to 1945. The trip will continue with the picturesque town of [&hellip;]<\/p>\n","protected":false},"featured_media":9509,"template":"","meta":[],"product_cat":[88,89,109,90,92,86,103],"product_tag":[],"class_list":{"0":"post-9455","1":"product","2":"type-product","3":"status-publish","4":"has-post-thumbnail","6":"brw_tour_themes-culture","7":"brw_tour_themes-discover","8":"brw_tour_themes-family","9":"brw_tour_themes-group","10":"brw_tour_themes-luxury","11":"product_cat-culture","12":"product_cat-discover","13":"product_cat-education","14":"product_cat-family","15":"product_cat-group","16":"product_cat-luxury","17":"product_cat-tour-themes","19":"first","20":"instock","21":"shipping-taxable","22":"product-type-ovabrw_car_rental"},"_links":{"self":[{"href":"https:\/\/viettourist.asia\/de\/wp-json\/wp\/v2\/product\/9455"}],"collection":[{"href":"https:\/\/viettourist.asia\/de\/wp-json\/wp\/v2\/product"}],"about":[{"href":"https:\/\/viettourist.asia\/de\/wp-json\/wp\/v2\/types\/product"}],"version-history":[{"count":6,"href":"https:\/\/viettourist.asia\/de\/wp-json\/wp\/v2\/product\/9455\/revisions"}],"predecessor-version":[{"id":11900,"href":"https:\/\/viettourist.asia\/de\/wp-json\/wp\/v2\/product\/9455\/revisions\/11900"}],"wp:featuredmedia":[{"embeddable":true,"href":"https:\/\/viettourist.asia\/de\/wp-json\/wp\/v2\/media\/9509"}],"wp:attachment":[{"href":"https:\/\/viettourist.asia\/de\/wp-json\/wp\/v2\/media?parent=9455"}],"wp:term":[{"taxonomy":"product_cat","embeddable":true,"href":"https:\/\/viettourist.asia\/de\/wp-json\/wp\/v2\/product_cat?post=9455"},{"taxonomy":"product_tag","embeddable":true,"href":"https:\/\/viettourist.asia\/de\/wp-json\/wp\/v2\/product_tag?post=9455"}],"curies":[{"name":"wp","href":"https:\/\/api.w.org\/{rel}","templated":true}]}}