{"id":12627,"date":"2025-05-13T10:36:07","date_gmt":"2025-05-13T10:36:07","guid":{"rendered":"https:\/\/viettourist.asia\/?post_type=product&#038;p=12627"},"modified":"2025-05-19T06:36:55","modified_gmt":"2025-05-19T06:36:55","slug":"18d17n-sud-nach-nordvietnam","status":"publish","type":"product","link":"https:\/\/viettourist.asia\/de\/tour\/18d17n-sud-nach-nordvietnam\/","title":{"rendered":"18D17N S\u00fcd- nach Nordvietnam"},"content":{"rendered":"<p class=\"\" data-start=\"160\" data-end=\"627\">Von den gesch\u00e4ftigen Boulevards Saigons bis zu den nebligen Bergen Sapas \u2013 erleben Sie Vietnam in seiner ganzen Vielfalt auf dieser unvergesslichen 16-t\u00e4gigen Reise von S\u00fcd nach Nord. Diese sorgf\u00e4ltig zusammengestellte Reiseroute f\u00fchrt Sie zu den pulsierenden schwimmenden M\u00e4rkten des Mekong-Deltas in Can Tho, der kaiserlichen Eleganz von Hue, dem von Laternen beleuchteten Charme von Hoi An und der dynamischen Mischung aus Moderne und Tradition in Danang.<\/p>\n<p class=\"\" data-start=\"629\" data-end=\"895\">Lassen Sie sich auf Ihrer Weiterreise Richtung Norden vom kulturellen Zentrum Hanois und der atemberaubenden Kalksteinlandschaft der Halong-Bucht verzaubern. Schlie\u00dflich erwartet Sie das gr\u00fcne Hochland von Sapa, wo Sie terrassenf\u00f6rmig angelegte Reisfelder und D\u00f6rfer ethnischer Minderheiten herzlich willkommen hei\u00dfen.<\/p>\n<p class=\"\" data-start=\"897\" data-end=\"1152\">Egal, ob Sie sich f\u00fcr Geschichte, Essen, Landschaften oder lokale Traditionen begeistern, diese Reise bietet eine perfekte Mischung aus ber\u00fchmten Sehensw\u00fcrdigkeiten, authentischen Begegnungen und unvergesslichen Erlebnissen \u2013 alles mit Blick auf Komfort, Entdeckungen und Nachhaltigkeit.<\/p>","protected":false},"excerpt":{"rendered":"<p>From the buzzing boulevards of Saigon to the misty mountains of Sapa, experience Vietnam in its full diversity on this unforgettable 16-day journey from South to North. This carefully curated itinerary takes you through the vibrant floating markets of the Mekong Delta in Can Tho, the imperial elegance of Hue, the lantern-lit charm of Hoi [&hellip;]<\/p>\n","protected":false},"featured_media":9542,"template":"","meta":[],"product_cat":[89,103],"product_tag":[246,247],"class_list":{"0":"post-12627","1":"product","2":"type-product","3":"status-publish","4":"has-post-thumbnail","6":"brw_tour_themes-discover","7":"product_cat-discover","8":"product_cat-tour-themes","9":"product_tag-discover","10":"product_tag-vietnam","12":"first","13":"instock","14":"shipping-taxable","15":"product-type-ovabrw_car_rental"},"_links":{"self":[{"href":"https:\/\/viettourist.asia\/de\/wp-json\/wp\/v2\/product\/12627"}],"collection":[{"href":"https:\/\/viettourist.asia\/de\/wp-json\/wp\/v2\/product"}],"about":[{"href":"https:\/\/viettourist.asia\/de\/wp-json\/wp\/v2\/types\/product"}],"version-history":[{"count":1,"href":"https:\/\/viettourist.asia\/de\/wp-json\/wp\/v2\/product\/12627\/revisions"}],"predecessor-version":[{"id":12628,"href":"https:\/\/viettourist.asia\/de\/wp-json\/wp\/v2\/product\/12627\/revisions\/12628"}],"wp:featuredmedia":[{"embeddable":true,"href":"https:\/\/viettourist.asia\/de\/wp-json\/wp\/v2\/media\/9542"}],"wp:attachment":[{"href":"https:\/\/viettourist.asia\/de\/wp-json\/wp\/v2\/media?parent=12627"}],"wp:term":[{"taxonomy":"product_cat","embeddable":true,"href":"https:\/\/viettourist.asia\/de\/wp-json\/wp\/v2\/product_cat?post=12627"},{"taxonomy":"product_tag","embeddable":true,"href":"https:\/\/viettourist.asia\/de\/wp-json\/wp\/v2\/product_tag?post=12627"}],"curies":[{"name":"wp","href":"https:\/\/api.w.org\/{rel}","templated":true}]}}