{"id":12616,"date":"2025-05-12T09:44:53","date_gmt":"2025-05-12T09:44:53","guid":{"rendered":"https:\/\/viettourist.asia\/?post_type=product&#038;p=12616"},"modified":"2025-05-19T06:37:49","modified_gmt":"2025-05-19T06:37:49","slug":"12-tage-11-nachte-vietnam-entdecken","status":"publish","type":"product","link":"https:\/\/viettourist.asia\/de\/tour\/12-tage-11-nachte-vietnam-entdecken\/","title":{"rendered":"12 Tage 11 N\u00e4chte Vietnam entdecken"},"content":{"rendered":"<p class=\"\" data-start=\"213\" data-end=\"291\"><strong data-start=\"213\" data-end=\"291\">Vom zeitlosen Charme Hanois zur pulsierenden Energie von Ho-Chi-Minh-Stadt<\/strong><\/p>\n<p class=\"\" data-start=\"293\" data-end=\"662\">Begeben Sie sich auf eine unvergessliche Reise durch das Herz Vietnams mit unserem <strong data-start=\"366\" data-end=\"399\">12T\/11N Entdeckertour durch Vietnam<\/strong>Diese sorgf\u00e4ltig zusammengestellte Reiseroute f\u00fchrt Sie von den historischen Wundern von <strong data-start=\"475\" data-end=\"484\">Hanoi<\/strong> zu den atemberaubenden Kalksteinlandschaften von <strong data-start=\"529\" data-end=\"544\">Ha Long Bucht<\/strong>, das imperiale Erbe von <strong data-start=\"569\" data-end=\"576\">Farbton<\/strong>, die K\u00fcstensch\u00f6nheit von <strong data-start=\"600\" data-end=\"610\">Danang<\/strong>und die pulsierende Modernit\u00e4t von <strong data-start=\"641\" data-end=\"661\">Ho-Chi-Minh-Stadt<\/strong>.<\/p>\n<p class=\"\" data-start=\"664\" data-end=\"1009\">Egal, ob Sie zum ersten Mal hier sind oder schon einmal hier waren, diese Tour bietet eine perfekte Mischung aus <strong data-start=\"761\" data-end=\"802\">Kultur, Natur, Geschichte und K\u00fcche<\/strong>Erleben Sie traditionelles Wasserpuppenspiel, machen Sie eine Kreuzfahrt zwischen smaragdgr\u00fcnen Inseln, erkunden Sie alte Zitadellen und K\u00f6nigsgr\u00e4ber, entspannen Sie an sonnenverw\u00f6hnten Str\u00e4nden und tauchen Sie ein in den dynamischen Rhythmus der gr\u00f6\u00dften Metropole Vietnams.<\/p>\n<p class=\"\" data-start=\"1011\" data-end=\"1187\">Mit erfahrenen Reisef\u00fchrern, komfortablen Unterk\u00fcnften und umfassenden lokalen Erlebnissen verspricht dieses Abenteuer nicht nur einen Urlaub, sondern eine tiefere Verbindung mit dem Geist Vietnams.<\/p>","protected":false},"excerpt":{"rendered":"<p>From the Timeless Charm of Hanoi to the Vibrant Energy of Ho Chi Minh City Embark on an unforgettable journey through the heart of Vietnam with our 12D\/11N Explorer Vietnam Tour. This carefully curated itinerary takes you from the historical wonders of Hanoi to the breathtaking limestone landscapes of Ha Long Bay, the imperial legacy [&hellip;]<\/p>\n","protected":false},"featured_media":12463,"template":"","meta":[],"product_cat":[89,103],"product_tag":[246],"class_list":{"0":"post-12616","1":"product","2":"type-product","3":"status-publish","4":"has-post-thumbnail","6":"brw_tour_themes-discover","7":"product_cat-discover","8":"product_cat-tour-themes","9":"product_tag-discover","11":"first","12":"instock","13":"shipping-taxable","14":"product-type-ovabrw_car_rental"},"_links":{"self":[{"href":"https:\/\/viettourist.asia\/de\/wp-json\/wp\/v2\/product\/12616"}],"collection":[{"href":"https:\/\/viettourist.asia\/de\/wp-json\/wp\/v2\/product"}],"about":[{"href":"https:\/\/viettourist.asia\/de\/wp-json\/wp\/v2\/types\/product"}],"version-history":[{"count":1,"href":"https:\/\/viettourist.asia\/de\/wp-json\/wp\/v2\/product\/12616\/revisions"}],"predecessor-version":[{"id":12617,"href":"https:\/\/viettourist.asia\/de\/wp-json\/wp\/v2\/product\/12616\/revisions\/12617"}],"wp:featuredmedia":[{"embeddable":true,"href":"https:\/\/viettourist.asia\/de\/wp-json\/wp\/v2\/media\/12463"}],"wp:attachment":[{"href":"https:\/\/viettourist.asia\/de\/wp-json\/wp\/v2\/media?parent=12616"}],"wp:term":[{"taxonomy":"product_cat","embeddable":true,"href":"https:\/\/viettourist.asia\/de\/wp-json\/wp\/v2\/product_cat?post=12616"},{"taxonomy":"product_tag","embeddable":true,"href":"https:\/\/viettourist.asia\/de\/wp-json\/wp\/v2\/product_tag?post=12616"}],"curies":[{"name":"wp","href":"https:\/\/api.w.org\/{rel}","templated":true}]}}