{"id":12586,"date":"2025-05-05T04:07:12","date_gmt":"2025-05-05T04:07:12","guid":{"rendered":"https:\/\/viettourist.asia\/?post_type=product&#038;p=12586"},"modified":"2025-05-12T08:58:32","modified_gmt":"2025-05-12T08:58:32","slug":"vietnam-must-sees-13-tage-10-nachte-feste-abreise-franzosisch-sprechend","status":"publish","type":"product","link":"https:\/\/viettourist.asia\/de\/tour\/vietnam-must-sees-13-tage-10-nachte-feste-abreise-franzosisch-sprechend\/","title":{"rendered":"Vietnam Panorama 13 Tage 10 N\u00e4chte feste Abfahrt Franz\u00f6sischsprachig"},"content":{"rendered":"<p>\u2714 Kleine Gruppe f\u00fcr gro\u00dfe Entdeckungen: begrenzt auf 19 Personen, um einen sehr guten Reise- und Begegnungsrhythmus im Landesinneren aufrechtzuerhalten.<br \/>\n\u2714 Abfahrten sind ab 2 Personen garantiert.<br \/>\n\u2714 Die wichtigsten Sehensw\u00fcrdigkeiten von Nord nach S\u00fcd, eine gro\u00dfe Auswahl an Aktivit\u00e4ten: Boots- oder Bootsfahrten, Radtouren, Fahrradrikschas, Nachtz\u00fcge, Inlandsfl\u00fcge \u2026<br \/>\n\u2714 Abseits des Massentourismus: die Stadt Hon Gai, ein neues Reiseziel, zahlreiche Spazierg\u00e4nge in authentischen D\u00f6rfern.<br \/>\n\u2714 Erlebnisse: Kochkurs in Tra Que, Zubereitung Ihrer Fr\u00fchlingsrollen oder \u201eBanh Xeo\u201c mit der Gastfamilie \u2026<br \/>\n\u2714 Eine Nacht mit dem Zug Hanoi\/Hue, wegen der N\u00e4he zum Gel\u00e4nde, mit der Option, den Flug Hanoi\/Hue zu ersetzen.<br \/>\n\u2714 Sch\u00f6nes Unterkunftsangebot: 7 N\u00e4chte in 4*-Hotels und 2 N\u00e4chte in guten 3*-Hotels, sehr gut ausgew\u00e4hlt.<br \/>\n\u2714 Wundersch\u00f6ne 4-Sterne-Option f\u00fcr eine bezaubernde Dschunkenkreuzfahrt in der Halong-Bucht.<\/p>","protected":false},"excerpt":{"rendered":"<p>\u2714 Small group for great discoveries: limited to 19 people to maintain a very good rhythm of travel and meetings in the interior of the country. \u2714 Departures are guaranteed from 2 people. \u2714 The must-see sites from North to South, a wide variety of activities: boat or boat trips, bike rides, pedicabs, night trains, [&hellip;]<\/p>\n","protected":false},"featured_media":12587,"template":"","meta":[],"product_cat":[103,87,88,89,90,92],"product_tag":[257,246,263,264,265],"class_list":{"0":"post-12586","1":"product","2":"type-product","3":"status-publish","4":"has-post-thumbnail","6":"brw_tour_themes-discover","7":"brw_tour_themes-family","8":"brw_tour_themes-group","9":"product_cat-tour-themes","10":"product_cat-adventure","11":"product_cat-culture","12":"product_cat-discover","13":"product_cat-family","14":"product_cat-group","15":"product_tag-adventure","16":"product_tag-discover","17":"product_tag-fix-departure","18":"product_tag-gir","19":"product_tag-groupe-2","21":"first","22":"instock","23":"shipping-taxable","24":"product-type-ovabrw_car_rental"},"_links":{"self":[{"href":"https:\/\/viettourist.asia\/de\/wp-json\/wp\/v2\/product\/12586"}],"collection":[{"href":"https:\/\/viettourist.asia\/de\/wp-json\/wp\/v2\/product"}],"about":[{"href":"https:\/\/viettourist.asia\/de\/wp-json\/wp\/v2\/types\/product"}],"version-history":[{"count":3,"href":"https:\/\/viettourist.asia\/de\/wp-json\/wp\/v2\/product\/12586\/revisions"}],"predecessor-version":[{"id":12602,"href":"https:\/\/viettourist.asia\/de\/wp-json\/wp\/v2\/product\/12586\/revisions\/12602"}],"wp:featuredmedia":[{"embeddable":true,"href":"https:\/\/viettourist.asia\/de\/wp-json\/wp\/v2\/media\/12587"}],"wp:attachment":[{"href":"https:\/\/viettourist.asia\/de\/wp-json\/wp\/v2\/media?parent=12586"}],"wp:term":[{"taxonomy":"product_cat","embeddable":true,"href":"https:\/\/viettourist.asia\/de\/wp-json\/wp\/v2\/product_cat?post=12586"},{"taxonomy":"product_tag","embeddable":true,"href":"https:\/\/viettourist.asia\/de\/wp-json\/wp\/v2\/product_tag?post=12586"}],"curies":[{"name":"wp","href":"https:\/\/api.w.org\/{rel}","templated":true}]}}