{"id":12521,"date":"2025-01-06T06:52:09","date_gmt":"2025-01-06T06:52:09","guid":{"rendered":"https:\/\/viettourist.asia\/?post_type=product&#038;p=12521"},"modified":"2025-01-06T07:03:36","modified_gmt":"2025-01-06T07:03:36","slug":"entdecken-sie-die-essenz-vietnams-10-tage-und-9-nachte-vietnam-highlights-auf-der-mekong-kreuzfahrt","status":"publish","type":"product","link":"https:\/\/viettourist.asia\/de\/tour\/entdecken-sie-die-essenz-vietnams-10-tage-und-9-nachte-vietnam-highlights-auf-der-mekong-kreuzfahrt\/","title":{"rendered":"Entdecken Sie die Essenz Vietnams: 10D9N Vietnam Highlight Mekong-Kreuzfahrt"},"content":{"rendered":"<p>Begeben Sie sich auf eine Reise, die die lebendige Kultur, die atemberaubenden Landschaften und die zeitlosen Traditionen Vietnams vereint. Von den historischen Stra\u00dfen Hanois bis zur surrealen Sch\u00f6nheit der Lan-Ha-Bucht (Halong-Bucht) und von der gesch\u00e4ftigen Metropole Ho-Chi-Minh-Stadt bis zu den ruhigen Gew\u00e4ssern des Mekong-Deltas \u2013 diese 10-t\u00e4gige Reise mit 9 N\u00e4chten ist eine Mischung aus Abenteuer, Entspannung und Entdeckung. G\u00f6nnen Sie sich einzigartige Erlebnisse wie eine Kreuzfahrt mit \u00dcbernachtung in der Lan-Ha-Bucht (Halong-Bucht), erkunden Sie Hanois charmante Altstadt mit dem Cyclo und erleben Sie das dynamische Leben entlang des Mekong. Lassen Sie sich vom Zauber Vietnams verzaubern!<\/p>","protected":false},"excerpt":{"rendered":"<p>Embark on a journey that encapsulates the vibrant culture, breathtaking landscapes, and timeless traditions of Vietnam. From the historic streets of Hanoi to the surreal beauty of Lan Ha Bay (Halong Bay), and from the bustling metropolis of Ho Chi Minh City to the serene waters of the Mekong Delta, this 10-day, 9-night itinerary is [&hellip;]<\/p>\n","protected":false},"featured_media":12463,"template":"","meta":[],"product_cat":[87,88,89,90,92,93,86,103],"product_tag":[261,246,249,262,247],"class_list":{"0":"post-12521","1":"product","2":"type-product","3":"status-publish","4":"has-post-thumbnail","6":"brw_tour_themes-adventure","7":"brw_tour_themes-culture","8":"brw_tour_themes-discover","9":"brw_tour_themes-family","10":"brw_tour_themes-group","11":"brw_tour_themes-honeymoon","12":"brw_tour_themes-luxury","13":"product_cat-adventure","14":"product_cat-culture","15":"product_cat-discover","16":"product_cat-family","17":"product_cat-group","18":"product_cat-honeymoon","19":"product_cat-luxury","20":"product_cat-tour-themes","21":"product_tag-cruise","22":"product_tag-discover","23":"product_tag-experience","24":"product_tag-mekong","25":"product_tag-vietnam","27":"first","28":"instock","29":"shipping-taxable","30":"product-type-ovabrw_car_rental"},"_links":{"self":[{"href":"https:\/\/viettourist.asia\/de\/wp-json\/wp\/v2\/product\/12521"}],"collection":[{"href":"https:\/\/viettourist.asia\/de\/wp-json\/wp\/v2\/product"}],"about":[{"href":"https:\/\/viettourist.asia\/de\/wp-json\/wp\/v2\/types\/product"}],"version-history":[{"count":3,"href":"https:\/\/viettourist.asia\/de\/wp-json\/wp\/v2\/product\/12521\/revisions"}],"predecessor-version":[{"id":12528,"href":"https:\/\/viettourist.asia\/de\/wp-json\/wp\/v2\/product\/12521\/revisions\/12528"}],"wp:featuredmedia":[{"embeddable":true,"href":"https:\/\/viettourist.asia\/de\/wp-json\/wp\/v2\/media\/12463"}],"wp:attachment":[{"href":"https:\/\/viettourist.asia\/de\/wp-json\/wp\/v2\/media?parent=12521"}],"wp:term":[{"taxonomy":"product_cat","embeddable":true,"href":"https:\/\/viettourist.asia\/de\/wp-json\/wp\/v2\/product_cat?post=12521"},{"taxonomy":"product_tag","embeddable":true,"href":"https:\/\/viettourist.asia\/de\/wp-json\/wp\/v2\/product_tag?post=12521"}],"curies":[{"name":"wp","href":"https:\/\/api.w.org\/{rel}","templated":true}]}}