{"id":12512,"date":"2024-12-30T08:03:17","date_gmt":"2024-12-30T08:03:17","guid":{"rendered":"https:\/\/viettourist.asia\/?post_type=product&#038;p=12512"},"modified":"2024-12-30T08:06:59","modified_gmt":"2024-12-30T08:06:59","slug":"entdecken-sie-das-herz-des-mekong-deltas-bei-einem-zweitagigen-fahrradabenteuer","status":"publish","type":"product","link":"https:\/\/viettourist.asia\/de\/tour\/entdecken-sie-das-herz-des-mekong-deltas-bei-einem-zweitagigen-fahrradabenteuer\/","title":{"rendered":"Entdecken Sie das Herz des Mekong-Deltas: Ein 2-t\u00e4giges Fahrradabenteuer"},"content":{"rendered":"<p>Begeben Sie sich auf eine unvergessliche zweit\u00e4gige Reise durch die \u00fcppige, lebendige Landschaft des Mekongdeltas im S\u00fcden Vietnams. Diese Tour ist ideal f\u00fcr Radsportbegeisterte und Kulturinteressierte, die tief in die reichen Traditionen und die ruhige Sch\u00f6nheit dieser ikonischen Region eintauchen m\u00f6chten.<\/p>\n<p>Von den gesch\u00e4ftigen Stra\u00dfen Ho-Chi-Minh-Stadts geht es nach My Tho, wo Ihr Radabenteuer beginnt. Radeln Sie durch malerische D\u00f6rfer, Bananenplantagen und Zuckerrohrfelder, w\u00e4hrend Sie schmale Pfade, Schotterstra\u00dfen und versteckte D\u00f6rfer durchqueren. \u00dcberqueren Sie Fl\u00fcsse und Kan\u00e4le mit lokalen F\u00e4hren, tauchen Sie ein in den ruhigen Rhythmus des Deltalebens und genie\u00dfen Sie das herrliche Raderlebnis, das durch das Herz Vietnams f\u00fchrt.<\/p>\n<p>Verbringen Sie die Nacht auf Vinh Long Island, bevor Sie einen weiteren Tag voller Entdeckungen erleben. Von einer ruhigen Bootsfahrt auf dem oberen Mekong bis zum gesch\u00e4ftigen schwimmenden Markt von Cai Be erleben Sie den pulsierenden Handel und die einzigartigen Traditionen, die diese Region pr\u00e4gen. Entdecken Sie lokales Kunsthandwerk wie die Herstellung von Reispapier und Kokosnussbonbons und radeln Sie durch \u00fcppige Obstg\u00e4rten, vorbei an Khmer-Pagoden und auf ruhigen, baumges\u00e4umten Wegen.<\/p>\n<p>Mit jeder Radumdrehung entdecken Sie den authentischen Charme und die nat\u00fcrliche Sch\u00f6nheit des Mekong-Deltas und machen dieses Abenteuer zu einem wahrhaft unvergesslichen Erlebnis.<\/p>","protected":false},"excerpt":{"rendered":"<p>Embark on an unforgettable two-day journey through the lush, vibrant landscapes of southern Vietnam&#8217;s Mekong Delta. This tour is perfect for cycling enthusiasts and cultural explorers who want to dive deep into the rich traditions and serene beauty of this iconic region. From the bustling streets of Ho Chi Minh City, you\u2019ll be transported to [&hellip;]<\/p>\n","protected":false},"featured_media":12515,"template":"","meta":[],"product_cat":[87,88,89,90,92,103],"product_tag":[252,246,249,247],"class_list":{"0":"post-12512","1":"product","2":"type-product","3":"status-publish","4":"has-post-thumbnail","6":"brw_tour_themes-adventure","7":"brw_tour_themes-culture","8":"brw_tour_themes-discover","9":"brw_tour_themes-family","10":"brw_tour_themes-group","11":"product_cat-adventure","12":"product_cat-culture","13":"product_cat-discover","14":"product_cat-family","15":"product_cat-group","16":"product_cat-tour-themes","17":"product_tag-bicycle","18":"product_tag-discover","19":"product_tag-experience","20":"product_tag-vietnam","22":"first","23":"instock","24":"shipping-taxable","25":"product-type-ovabrw_car_rental"},"_links":{"self":[{"href":"https:\/\/viettourist.asia\/de\/wp-json\/wp\/v2\/product\/12512"}],"collection":[{"href":"https:\/\/viettourist.asia\/de\/wp-json\/wp\/v2\/product"}],"about":[{"href":"https:\/\/viettourist.asia\/de\/wp-json\/wp\/v2\/types\/product"}],"version-history":[{"count":1,"href":"https:\/\/viettourist.asia\/de\/wp-json\/wp\/v2\/product\/12512\/revisions"}],"predecessor-version":[{"id":12516,"href":"https:\/\/viettourist.asia\/de\/wp-json\/wp\/v2\/product\/12512\/revisions\/12516"}],"wp:featuredmedia":[{"embeddable":true,"href":"https:\/\/viettourist.asia\/de\/wp-json\/wp\/v2\/media\/12515"}],"wp:attachment":[{"href":"https:\/\/viettourist.asia\/de\/wp-json\/wp\/v2\/media?parent=12512"}],"wp:term":[{"taxonomy":"product_cat","embeddable":true,"href":"https:\/\/viettourist.asia\/de\/wp-json\/wp\/v2\/product_cat?post=12512"},{"taxonomy":"product_tag","embeddable":true,"href":"https:\/\/viettourist.asia\/de\/wp-json\/wp\/v2\/product_tag?post=12512"}],"curies":[{"name":"wp","href":"https:\/\/api.w.org\/{rel}","templated":true}]}}