{"id":12482,"date":"2024-12-06T02:39:07","date_gmt":"2024-12-06T02:39:07","guid":{"rendered":"https:\/\/viettourist.asia\/?post_type=product&#038;p=12482"},"modified":"2024-12-06T02:39:09","modified_gmt":"2024-12-06T02:39:09","slug":"entdecken-sie-nord-und-zentralvietnam-eine-reise-durch-zeitlose-schonheit","status":"publish","type":"product","link":"https:\/\/viettourist.asia\/de\/tour\/entdecken-sie-nord-und-zentralvietnam-eine-reise-durch-zeitlose-schonheit\/","title":{"rendered":"ENTDECKEN SIE NORD- UND ZENTRALVETNAM: Eine Reise durch zeitlose Sch\u00f6nheit"},"content":{"rendered":"<p>Begeben Sie sich auf ein unvergessliches Abenteuer durch die bezaubernden Landschaften Nord- und Zentralvietnams.<br \/>\nUnsere sorgf\u00e4ltig zusammengestellte 10-t\u00e4gige Reise bietet ein intensives Erlebnis, das historische Wunder, Natursch\u00f6nheiten und kulturellen Reichtum vereint. Von den gesch\u00e4ftigen Stra\u00dfen Hanois \u00fcber die ruhige Halong-Bucht bis hin zur charmanten Altstadt von Hoi An \u2013 diese Reise wird Ihre Sinne fesseln und Ihnen bleibende Erinnerungen bescheren.<br \/>\nH\u00f6hepunkte Ihrer Reise:<br \/>\n<strong>\u2022 Hanoi:<\/strong> Erkunden Sie das Herz Vietnams und entdecken Sie ber\u00fchmte Sehensw\u00fcrdigkeiten wie den Ho-Chi-Minh-Komplex, den Literaturtempel und die ruhige Tran-Quoc-Pagode.<br \/>\n<strong>\u2022 Lan Ha Bucht:<\/strong> Segeln Sie durch die atemberaubenden Gew\u00e4sser der Lan-Ha-Bucht und bestaunen Sie hoch aufragende Kalksteinfelsen und smaragdgr\u00fcne Lagunen. Fahren Sie mit dem Kajak durch versteckte Buchten, besuchen Sie charmante Fischerd\u00f6rfer und g\u00f6nnen Sie sich eine erholsame Auszeit.<br \/>\n<strong>\u2022 Hoi An:<\/strong> Machen Sie eine Zeitreise in die bezaubernde Stadt Hoi An, die f\u00fcr ihre gut erhaltene alte Architektur, lebhaften M\u00e4rkte und k\u00f6stliche K\u00fcche bekannt ist.<br \/>\n<strong>\u2022 Da Nang:<\/strong> Entspannen Sie sich an unber\u00fchrten Str\u00e4nden, genie\u00dfen Sie die Sonne und vergn\u00fcgen Sie sich beim Wassersport in diesem K\u00fcstenparadies.<br \/>\nBegleiten Sie uns auf dieser au\u00dfergew\u00f6hnlichen Reise und entdecken Sie das wahre Wesen Vietnams.<\/p>","protected":false},"excerpt":{"rendered":"<p>Embark on an unforgettable adventure through the enchanting landscapes of North and Central Vietnam. Our meticulously crafted 10-day itinerary offers an immersive experience, blending historical wonders, natural beauty, and cultural richness. From the bustling streets of Hanoi to the serene waters of Halong Bay, and the charming ancient town of Hoi An, this journey promises [&hellip;]<\/p>\n","protected":false},"featured_media":12483,"template":"","meta":[],"product_cat":[87,88,89,90,92,93,86,94,103],"product_tag":[259,251,246,249,247],"class_list":{"0":"post-12482","1":"product","2":"type-product","3":"status-publish","4":"has-post-thumbnail","6":"brw_tour_themes-adventure","7":"brw_tour_themes-culture","8":"brw_tour_themes-discover","9":"brw_tour_themes-education","10":"brw_tour_themes-family","11":"brw_tour_themes-group","12":"brw_tour_themes-honeymoon","13":"brw_tour_themes-luxury","14":"brw_tour_themes-mice","15":"product_cat-adventure","16":"product_cat-culture","17":"product_cat-discover","18":"product_cat-family","19":"product_cat-group","20":"product_cat-honeymoon","21":"product_cat-luxury","22":"product_cat-mice","23":"product_cat-tour-themes","24":"product_tag-beaches","25":"product_tag-culture","26":"product_tag-discover","27":"product_tag-experience","28":"product_tag-vietnam","30":"first","31":"instock","32":"shipping-taxable","33":"product-type-ovabrw_car_rental"},"_links":{"self":[{"href":"https:\/\/viettourist.asia\/de\/wp-json\/wp\/v2\/product\/12482"}],"collection":[{"href":"https:\/\/viettourist.asia\/de\/wp-json\/wp\/v2\/product"}],"about":[{"href":"https:\/\/viettourist.asia\/de\/wp-json\/wp\/v2\/types\/product"}],"version-history":[{"count":1,"href":"https:\/\/viettourist.asia\/de\/wp-json\/wp\/v2\/product\/12482\/revisions"}],"predecessor-version":[{"id":12486,"href":"https:\/\/viettourist.asia\/de\/wp-json\/wp\/v2\/product\/12482\/revisions\/12486"}],"wp:featuredmedia":[{"embeddable":true,"href":"https:\/\/viettourist.asia\/de\/wp-json\/wp\/v2\/media\/12483"}],"wp:attachment":[{"href":"https:\/\/viettourist.asia\/de\/wp-json\/wp\/v2\/media?parent=12482"}],"wp:term":[{"taxonomy":"product_cat","embeddable":true,"href":"https:\/\/viettourist.asia\/de\/wp-json\/wp\/v2\/product_cat?post=12482"},{"taxonomy":"product_tag","embeddable":true,"href":"https:\/\/viettourist.asia\/de\/wp-json\/wp\/v2\/product_tag?post=12482"}],"curies":[{"name":"wp","href":"https:\/\/api.w.org\/{rel}","templated":true}]}}