{"id":12462,"date":"2024-12-05T03:39:41","date_gmt":"2024-12-05T03:39:41","guid":{"rendered":"https:\/\/viettourist.asia\/?post_type=product&#038;p=12462"},"modified":"2024-12-05T05:36:48","modified_gmt":"2024-12-05T05:36:48","slug":"entdecken-sie-vietnam-von-suden-nach-norden-und-erleben-sie-die-kunst-des-langsamen-reisens","status":"publish","type":"product","link":"https:\/\/viettourist.asia\/de\/tour\/entdecken-sie-vietnam-von-suden-nach-norden-und-erleben-sie-die-kunst-des-langsamen-reisens\/","title":{"rendered":"Entdecken Sie Vietnam von S\u00fcden nach Norden: Erleben Sie die Kunst des langsamen Tourismus"},"content":{"rendered":"<p>Begeben Sie sich auf eine Reise, bei der es sowohl darum geht, den Moment zu genie\u00dfen, als auch atemberaubende Reiseziele zu erkunden. Unsere Slow Travel Tour von S\u00fcd nach Nordvietnam l\u00e4dt Sie ein, die malerische Route zu erkunden und an jedem Ort drei bis vier Tage zu verbringen, um tief in die Kultur, Natur und den Alltag dieses faszinierenden Landes einzutauchen.<br \/>\nAnstatt von einem Ziel zum n\u00e4chsten zu hetzen, bietet Ihnen diese sorgf\u00e4ltig zusammengestellte Reiseroute Zeit und Raum, die Menschen, die Geschichte und die Landschaften Vietnams intensiv kennenzulernen. Ob Sie durch gesch\u00e4ftige M\u00e4rkte im S\u00fcden schlendern, durch ruhige K\u00fcstenst\u00e4dte im Zentrum schlendern oder verborgene Sch\u00e4tze in den nebligen Bergen des Nordens entdecken \u2013 jeder Halt ist so gestaltet, dass Sie die Stadt in Ihrem eigenen Tempo erkunden k\u00f6nnen.<br \/>\nVon der dynamischen Energie Ho-Chi-Minh-Stadts bis zu den ruhigen Gew\u00e4ssern der Halong-Bucht \u2013 diese Reise ist eine Hommage an die lebendigen Kontraste Vietnams. Unterwegs genie\u00dfen Sie lokale K\u00f6stlichkeiten, besuchen ber\u00fchmte Sehensw\u00fcrdigkeiten und entdecken die weniger bekannten Geschichten, die jede Region einzigartig machen.<br \/>\nErleben Sie mit uns eine neue Dimension des Reisens mit Fokus auf Achtsamkeit, Nachhaltigkeit und Entdeckungsfreude. Erleben Sie die Magie Vietnams und lassen Sie es sich gem\u00fctlicher angehen.<br \/>\nLasst die Reise beginnen! \ud83c\udf3f<\/p>","protected":false},"excerpt":{"rendered":"<p>Step into a journey that\u2019s as much about savoring the moment as it is about exploring breathtaking destinations. Our South-to-North Vietnam Slow Travel Tour invites you to take the scenic route, spending 3 to 4 days in each location to truly immerse yourself in the culture, nature, and everyday life of this fascinating country. Rather [&hellip;]<\/p>\n","protected":false},"featured_media":12463,"template":"","meta":[],"product_cat":[87,88,89,90,92,93,86,94,103],"product_tag":[246,249,258,247],"class_list":{"0":"post-12462","1":"product","2":"type-product","3":"status-publish","4":"has-post-thumbnail","6":"brw_tour_themes-culture","7":"brw_tour_themes-adventure","8":"brw_tour_themes-discover","9":"brw_tour_themes-education","10":"brw_tour_themes-family","11":"brw_tour_themes-group","12":"brw_tour_themes-honeymoon","13":"brw_tour_themes-luxury","14":"brw_tour_themes-mice","15":"product_cat-adventure","16":"product_cat-culture","17":"product_cat-discover","18":"product_cat-family","19":"product_cat-group","20":"product_cat-honeymoon","21":"product_cat-luxury","22":"product_cat-mice","23":"product_cat-tour-themes","24":"product_tag-discover","25":"product_tag-experience","26":"product_tag-slowtravel","27":"product_tag-vietnam","29":"first","30":"instock","31":"shipping-taxable","32":"product-type-ovabrw_car_rental"},"_links":{"self":[{"href":"https:\/\/viettourist.asia\/de\/wp-json\/wp\/v2\/product\/12462"}],"collection":[{"href":"https:\/\/viettourist.asia\/de\/wp-json\/wp\/v2\/product"}],"about":[{"href":"https:\/\/viettourist.asia\/de\/wp-json\/wp\/v2\/types\/product"}],"version-history":[{"count":2,"href":"https:\/\/viettourist.asia\/de\/wp-json\/wp\/v2\/product\/12462\/revisions"}],"predecessor-version":[{"id":12481,"href":"https:\/\/viettourist.asia\/de\/wp-json\/wp\/v2\/product\/12462\/revisions\/12481"}],"wp:featuredmedia":[{"embeddable":true,"href":"https:\/\/viettourist.asia\/de\/wp-json\/wp\/v2\/media\/12463"}],"wp:attachment":[{"href":"https:\/\/viettourist.asia\/de\/wp-json\/wp\/v2\/media?parent=12462"}],"wp:term":[{"taxonomy":"product_cat","embeddable":true,"href":"https:\/\/viettourist.asia\/de\/wp-json\/wp\/v2\/product_cat?post=12462"},{"taxonomy":"product_tag","embeddable":true,"href":"https:\/\/viettourist.asia\/de\/wp-json\/wp\/v2\/product_tag?post=12462"}],"curies":[{"name":"wp","href":"https:\/\/api.w.org\/{rel}","templated":true}]}}