{"id":12450,"date":"2024-10-18T03:32:30","date_gmt":"2024-10-18T03:32:30","guid":{"rendered":"https:\/\/viettourist.asia\/?post_type=product&#038;p=12450"},"modified":"2024-12-17T09:30:52","modified_gmt":"2024-12-17T09:30:52","slug":"tagestour-zum-alten-dorf-duong-lam","status":"publish","type":"product","link":"https:\/\/viettourist.asia\/de\/tour\/tagestour-zum-alten-dorf-duong-lam\/","title":{"rendered":"Duong Lam Ancient Village \u2013 Tagestour"},"content":{"rendered":"<p><span style=\"font-weight: 400;\">Das \u00fcber 50 Kilometer von Hanoi entfernte alte Dorf Duong Lam in der Stadt Son Tay ist ein bekanntes Touristenziel in Hanoi. Es war das erste alte Dorf in Vietnam, das 2006 von der Regierung als nationales kulturelles und historisches Denkmal anerkannt wurde. Mit seiner unverwechselbaren Architektur und Kunstfertigkeit, die typisch f\u00fcr ein altes vietnamesisches Dorf im Delta des Roten Flusses ist, steht das alte Dorf Duong Lam in Bezug auf Gr\u00f6\u00dfe und k\u00fcnstlerischen Wert nur den alten St\u00e4dten Hoi An und Hanoi nach und ist damit ein bedeutendes Highlight f\u00fcr den Tourismus in Hanoi. Dar\u00fcber hinaus ist dies ein Land mit \u201egeografischen Vorteilen und talentierten Menschen\u201c, bekannt als der einzige Ort in Vietnam, wo \u201ezwei K\u00f6nige aus einem Dorf\u201c leben \u2013 der Geburtsort von K\u00f6nig Phung Hung und K\u00f6nig Ngo Quyen. Daher ist es eng mit historischen und konfuzianischen Kulturst\u00e4tten verbunden und ein Muss f\u00fcr Reisende. Heutzutage weist das alte Dorf Duong Lam noch immer die wesentlichen Merkmale eines vietnamesischen Dorfes auf, darunter das Dorftor, den Banyanbaum, den Wasserkai, den Gemeinschaftshof, den Wachturm, den Brunnen, Reisfelder, Erdh\u00fcgel, H\u00fcgel, Tempel und Pagoden \u2026<\/span><\/p>","protected":false},"excerpt":{"rendered":"<p>Located over 50 kilometers from Hanoi, Duong Lam Ancient Village, situated in Son Tay Town, is a famous tourist destination in Hanoi. This was the first ancient village in Vietnam to be recognized as a National Cultural and Historical Site by the government in 2006. With its distinctive architecture and artistry representative of an ancient [&hellip;]<\/p>\n","protected":false},"featured_media":12452,"template":"","meta":[],"product_cat":[87,88,241,89,90,92,103],"product_tag":[251,246,253,247],"class_list":{"0":"post-12450","1":"product","2":"type-product","3":"status-publish","4":"has-post-thumbnail","6":"brw_tour_themes-adventure","7":"brw_tour_themes-culture","8":"brw_tour_themes-day-tour","9":"brw_tour_themes-discover","10":"brw_tour_themes-family","11":"brw_tour_themes-group","12":"product_cat-adventure","13":"product_cat-culture","14":"product_cat-day-tour","15":"product_cat-discover","16":"product_cat-family","17":"product_cat-group","18":"product_cat-tour-themes","19":"product_tag-culture","20":"product_tag-discover","21":"product_tag-nature","22":"product_tag-vietnam","24":"first","25":"instock","26":"shipping-taxable","27":"product-type-ovabrw_car_rental"},"_links":{"self":[{"href":"https:\/\/viettourist.asia\/de\/wp-json\/wp\/v2\/product\/12450"}],"collection":[{"href":"https:\/\/viettourist.asia\/de\/wp-json\/wp\/v2\/product"}],"about":[{"href":"https:\/\/viettourist.asia\/de\/wp-json\/wp\/v2\/types\/product"}],"version-history":[{"count":1,"href":"https:\/\/viettourist.asia\/de\/wp-json\/wp\/v2\/product\/12450\/revisions"}],"predecessor-version":[{"id":12455,"href":"https:\/\/viettourist.asia\/de\/wp-json\/wp\/v2\/product\/12450\/revisions\/12455"}],"wp:featuredmedia":[{"embeddable":true,"href":"https:\/\/viettourist.asia\/de\/wp-json\/wp\/v2\/media\/12452"}],"wp:attachment":[{"href":"https:\/\/viettourist.asia\/de\/wp-json\/wp\/v2\/media?parent=12450"}],"wp:term":[{"taxonomy":"product_cat","embeddable":true,"href":"https:\/\/viettourist.asia\/de\/wp-json\/wp\/v2\/product_cat?post=12450"},{"taxonomy":"product_tag","embeddable":true,"href":"https:\/\/viettourist.asia\/de\/wp-json\/wp\/v2\/product_tag?post=12450"}],"curies":[{"name":"wp","href":"https:\/\/api.w.org\/{rel}","templated":true}]}}