{"id":12444,"date":"2024-10-18T03:03:05","date_gmt":"2024-10-18T03:03:05","guid":{"rendered":"https:\/\/viettourist.asia\/?post_type=product&#038;p=12444"},"modified":"2024-12-17T09:31:49","modified_gmt":"2024-12-17T09:31:49","slug":"altes-dorf-duong-lam-tay-phuong-pagode","status":"publish","type":"product","link":"https:\/\/viettourist.asia\/de\/tour\/altes-dorf-duong-lam-tay-phuong-pagode\/","title":{"rendered":"Altes Dorf Duong Lam \u2013 Tay Phuong Pagode"},"content":{"rendered":"<p><span style=\"font-weight: 400;\">Das \u00fcber 50 Kilometer von Hanoi entfernte antike Dorf Duong Lam in der Stadt Son Tay ist ein beliebtes Touristenziel in Hanoi. Es war das erste antike Dorf Vietnams, das 2006 von der Regierung als nationale Kultur- und Geschichtsst\u00e4tte anerkannt wurde. Mit seiner unverwechselbaren Architektur und Kunstfertigkeit, die f\u00fcr ein antikes vietnamesisches Dorf im Delta des Roten Flusses typisch ist, steht das antike Dorf Duong Lam in Bezug auf Gr\u00f6\u00dfe und k\u00fcnstlerischen Wert nach den antiken St\u00e4dten Hoi An und Hanoi an zweiter Stelle und ist damit ein bedeutendes Highlight f\u00fcr den Tourismus in Hanoi.\u00a0<\/span><\/p>\n<p><span style=\"font-weight: 400;\">Etwa 30 km westlich von Hanoi, eingebettet auf einem malerischen H\u00fcgel, der einem B\u00fcffel \u00e4hneln soll, liegt die Tay-Phuong-Pagode (auch bekannt als Sung-Phuc-Pagode). Dieser jahrhundertealte buddhistische Tempel, ein Zeugnis des reichen spirituellen Erbes Vietnams, bietet Ihnen einen faszinierenden Einblick in die k\u00fcnstlerischen und religi\u00f6sen Traditionen des Landes.<\/span><\/p>","protected":false},"excerpt":{"rendered":"<p>Located over 50 kilometers from Hanoi, Duong Lam Ancient Village, situated in Son Tay Town, is a famous tourist destination in Hanoi. This was the first ancient village in Vietnam to be recognized as a National Cultural and Historical Site by the government in 2006. With its distinctive architecture and artistry representative of an ancient [&hellip;]<\/p>\n","protected":false},"featured_media":12448,"template":"","meta":[],"product_cat":[87,88,241,89,90,92,103],"product_tag":[257,246,253,247],"class_list":{"0":"post-12444","1":"product","2":"type-product","3":"status-publish","4":"has-post-thumbnail","6":"brw_tour_themes-adventure","7":"brw_tour_themes-culture","8":"brw_tour_themes-day-tour","9":"brw_tour_themes-discover","10":"brw_tour_themes-family","11":"brw_tour_themes-group","12":"product_cat-adventure","13":"product_cat-culture","14":"product_cat-day-tour","15":"product_cat-discover","16":"product_cat-family","17":"product_cat-group","18":"product_cat-tour-themes","19":"product_tag-adventure","20":"product_tag-discover","21":"product_tag-nature","22":"product_tag-vietnam","24":"first","25":"instock","26":"shipping-taxable","27":"product-type-ovabrw_car_rental"},"_links":{"self":[{"href":"https:\/\/viettourist.asia\/de\/wp-json\/wp\/v2\/product\/12444"}],"collection":[{"href":"https:\/\/viettourist.asia\/de\/wp-json\/wp\/v2\/product"}],"about":[{"href":"https:\/\/viettourist.asia\/de\/wp-json\/wp\/v2\/types\/product"}],"version-history":[{"count":1,"href":"https:\/\/viettourist.asia\/de\/wp-json\/wp\/v2\/product\/12444\/revisions"}],"predecessor-version":[{"id":12449,"href":"https:\/\/viettourist.asia\/de\/wp-json\/wp\/v2\/product\/12444\/revisions\/12449"}],"wp:featuredmedia":[{"embeddable":true,"href":"https:\/\/viettourist.asia\/de\/wp-json\/wp\/v2\/media\/12448"}],"wp:attachment":[{"href":"https:\/\/viettourist.asia\/de\/wp-json\/wp\/v2\/media?parent=12444"}],"wp:term":[{"taxonomy":"product_cat","embeddable":true,"href":"https:\/\/viettourist.asia\/de\/wp-json\/wp\/v2\/product_cat?post=12444"},{"taxonomy":"product_tag","embeddable":true,"href":"https:\/\/viettourist.asia\/de\/wp-json\/wp\/v2\/product_tag?post=12444"}],"curies":[{"name":"wp","href":"https:\/\/api.w.org\/{rel}","templated":true}]}}