{"id":12437,"date":"2024-10-18T02:43:57","date_gmt":"2024-10-18T02:43:57","guid":{"rendered":"https:\/\/viettourist.asia\/?post_type=product&#038;p=12437"},"modified":"2024-12-17T09:31:19","modified_gmt":"2024-12-17T09:31:19","slug":"erkunden-sie-mai-chau-1-nacht-2-tage","status":"publish","type":"product","link":"https:\/\/viettourist.asia\/de\/tour\/erkunden-sie-mai-chau-1-nacht-2-tage\/","title":{"rendered":"Erkunden Sie Mai Chau 1 Nacht\/2 Tage"},"content":{"rendered":"<p><span style=\"font-weight: 400;\">Der Nordwesten Vietnams ist noch weitgehend unber\u00fchrt und bietet atemberaubende Landschaften und charmante D\u00f6rfer, die unbedingt einen Besuch wert sind. Sie k\u00f6nnen in einem traditionellen Pfahlhaus eines thail\u00e4ndischen Bergstammes \u00fcbernachten, durch \u00fcppige T\u00e4ler reisen und kurvenreiche Stra\u00dfen durch Bergp\u00e4sse befahren und gleichzeitig leichte Wanderungen in dieser malerischen Gegend unternehmen.<\/span><\/p>\n<p><span style=\"font-weight: 400;\">Mai Chau ist ein beliebtes Touristenziel in Hoa Binh und bekannt f\u00fcr seine atemberaubende Naturlandschaft. Zu den bemerkenswerten Sehensw\u00fcrdigkeiten in diesem Tal z\u00e4hlen das Lac Village, die Chieu-H\u00f6hle, die Mo Luong-H\u00f6hle, Ba Khan, der Go Lao-Wasserfall und die Kia-Pa Co-H\u00f6hle.<\/span><\/p>\n<p><span style=\"font-weight: 400;\">Der ber\u00fchmteste Touristenort in Mai Chau ist Lac Village, ein \u00fcber 700 Jahre altes Dorf der thail\u00e4ndischen Volksgruppe mit einer einzigartigen Pfahlhausarchitektur.<\/span><\/p>","protected":false},"excerpt":{"rendered":"<p>The Northwest region of Vietnam remains largely unspoiled and offers stunning landscapes and charming villages that are definitely worth exploring. You can stay in a traditional Thai hill tribe stilt house, journey through lush valleys, and navigate winding roads that cut through mountain passes, while also enjoying some light trekking in this picturesque area. Mai [&hellip;]<\/p>\n","protected":false},"featured_media":12440,"template":"","meta":[],"product_cat":[87,88,89,90,92,103],"product_tag":[246,253,247],"class_list":{"0":"post-12437","1":"product","2":"type-product","3":"status-publish","4":"has-post-thumbnail","6":"brw_tour_themes-adventure","7":"brw_tour_themes-culture","8":"brw_tour_themes-discover","9":"brw_tour_themes-education","10":"brw_tour_themes-family","11":"brw_tour_themes-group","12":"product_cat-adventure","13":"product_cat-culture","14":"product_cat-discover","15":"product_cat-family","16":"product_cat-group","17":"product_cat-tour-themes","18":"product_tag-discover","19":"product_tag-nature","20":"product_tag-vietnam","22":"first","23":"instock","24":"shipping-taxable","25":"product-type-ovabrw_car_rental"},"_links":{"self":[{"href":"https:\/\/viettourist.asia\/de\/wp-json\/wp\/v2\/product\/12437"}],"collection":[{"href":"https:\/\/viettourist.asia\/de\/wp-json\/wp\/v2\/product"}],"about":[{"href":"https:\/\/viettourist.asia\/de\/wp-json\/wp\/v2\/types\/product"}],"version-history":[{"count":1,"href":"https:\/\/viettourist.asia\/de\/wp-json\/wp\/v2\/product\/12437\/revisions"}],"predecessor-version":[{"id":12438,"href":"https:\/\/viettourist.asia\/de\/wp-json\/wp\/v2\/product\/12437\/revisions\/12438"}],"wp:featuredmedia":[{"embeddable":true,"href":"https:\/\/viettourist.asia\/de\/wp-json\/wp\/v2\/media\/12440"}],"wp:attachment":[{"href":"https:\/\/viettourist.asia\/de\/wp-json\/wp\/v2\/media?parent=12437"}],"wp:term":[{"taxonomy":"product_cat","embeddable":true,"href":"https:\/\/viettourist.asia\/de\/wp-json\/wp\/v2\/product_cat?post=12437"},{"taxonomy":"product_tag","embeddable":true,"href":"https:\/\/viettourist.asia\/de\/wp-json\/wp\/v2\/product_tag?post=12437"}],"curies":[{"name":"wp","href":"https:\/\/api.w.org\/{rel}","templated":true}]}}