{"id":12432,"date":"2024-10-18T02:36:37","date_gmt":"2024-10-18T02:36:37","guid":{"rendered":"https:\/\/viettourist.asia\/?post_type=product&#038;p=12432"},"modified":"2024-12-17T09:32:13","modified_gmt":"2024-12-17T09:32:13","slug":"halber-tag-im-thanh-chuong-palast","status":"publish","type":"product","link":"https:\/\/viettourist.asia\/de\/tour\/halber-tag-im-thanh-chuong-palast\/","title":{"rendered":"Halber Tag im Thanh Chuong Palast"},"content":{"rendered":"<p><span style=\"font-weight: 400;\">Viet Phu Thanh Chuong ist ein leidenschaftliches Projekt des K\u00fcnstlers Thanh Chuong, das das reiche kulturelle und historische Erbe des vietnamesischen Volkes verk\u00f6rpert. Viet Phu Thanh Chuong strahlt eine nostalgische und antike Sch\u00f6nheit aus und ist damit eines der attraktivsten Reiseziele in der N\u00e4he von Hanoi, das viele Besucher anzieht. Wenn Sie dem gesch\u00e4ftigen und lauten Stadtleben entfliehen und Ruhe suchen, ist dies der ideale Ort f\u00fcr Sie.<\/span><\/p>\n<p><span style=\"font-weight: 400;\">Viet Phu Thanh Chuong erstreckt sich \u00fcber 8.000 Hektar und bietet mit seinen einzigartigen antiken Architekturstrukturen eine lebendige, nostalgische Atmosph\u00e4re, die Besuchern eine Reise durch die Geschichte Vietnams erm\u00f6glicht. Deshalb zieht es zahlreiche einheimische und internationale Touristen an, die die St\u00e4tte erkunden und bewundern. Im Jahr 2004 empfing Viet Phu die K\u00f6nigin und die k\u00f6nigliche Delegation aus Schweden zu einem Besuch.<\/span><\/p>","protected":false},"excerpt":{"rendered":"<p>Viet Phu Thanh Chuong is a passionate project by artist Thanh Chuong, embodying the rich cultural and historical heritage of the Vietnamese people. Viet Phu Thanh Chuong exudes a nostalgic and ancient beauty, making it one of the most attractive tourist destinations near Hanoi, drawing many visitors who come to check in. If you want [&hellip;]<\/p>\n","protected":false},"featured_media":12434,"template":"","meta":[],"product_cat":[87,88,241,89,92,103],"product_tag":[],"class_list":{"0":"post-12432","1":"product","2":"type-product","3":"status-publish","4":"has-post-thumbnail","6":"brw_tour_themes-adventure","7":"brw_tour_themes-culture","8":"brw_tour_themes-day-tour","9":"brw_tour_themes-discover","10":"brw_tour_themes-family","11":"brw_tour_themes-group","12":"product_cat-adventure","13":"product_cat-culture","14":"product_cat-day-tour","15":"product_cat-discover","16":"product_cat-group","17":"product_cat-tour-themes","19":"first","20":"instock","21":"shipping-taxable","22":"product-type-ovabrw_car_rental"},"_links":{"self":[{"href":"https:\/\/viettourist.asia\/de\/wp-json\/wp\/v2\/product\/12432"}],"collection":[{"href":"https:\/\/viettourist.asia\/de\/wp-json\/wp\/v2\/product"}],"about":[{"href":"https:\/\/viettourist.asia\/de\/wp-json\/wp\/v2\/types\/product"}],"version-history":[{"count":1,"href":"https:\/\/viettourist.asia\/de\/wp-json\/wp\/v2\/product\/12432\/revisions"}],"predecessor-version":[{"id":12436,"href":"https:\/\/viettourist.asia\/de\/wp-json\/wp\/v2\/product\/12432\/revisions\/12436"}],"wp:featuredmedia":[{"embeddable":true,"href":"https:\/\/viettourist.asia\/de\/wp-json\/wp\/v2\/media\/12434"}],"wp:attachment":[{"href":"https:\/\/viettourist.asia\/de\/wp-json\/wp\/v2\/media?parent=12432"}],"wp:term":[{"taxonomy":"product_cat","embeddable":true,"href":"https:\/\/viettourist.asia\/de\/wp-json\/wp\/v2\/product_cat?post=12432"},{"taxonomy":"product_tag","embeddable":true,"href":"https:\/\/viettourist.asia\/de\/wp-json\/wp\/v2\/product_tag?post=12432"}],"curies":[{"name":"wp","href":"https:\/\/api.w.org\/{rel}","templated":true}]}}