{"id":12400,"date":"2024-10-10T06:57:32","date_gmt":"2024-10-10T06:57:32","guid":{"rendered":"https:\/\/viettourist.asia\/?post_type=product&#038;p=12400"},"modified":"2024-12-17T09:32:59","modified_gmt":"2024-12-17T09:32:59","slug":"ein-halber-tag-an-der-historischen-thanh-toan-brucke-und-im-dorf-phuoc-tich","status":"publish","type":"product","link":"https:\/\/viettourist.asia\/de\/tour\/ein-halber-tag-an-der-historischen-thanh-toan-brucke-und-im-dorf-phuoc-tich\/","title":{"rendered":"Ein halber Tag an der historischen Thanh-Toan-Br\u00fccke und im Dorf Phuoc Tich"},"content":{"rendered":"<p><span style=\"font-weight: 400;\">Die Thanh-Toan-Br\u00fccke ist ein bemerkenswertes Beispiel f\u00fcr die im 17. und 18. Jahrhundert beliebte Architektur \u00fcberdachter Br\u00fccken. Weitere ikonische Bauwerke mit \u00e4hnlichem Design sind die Khuc-Thoai-Br\u00fccke, die Phu-Khe-Br\u00fccke und insbesondere die Japanische Br\u00fccke in Hoi An.<\/span> <span style=\"font-weight: 400;\">Die Thanh-Toan-Br\u00fccke \u00fcberspannt einen 18 Meter langen Graben, ist komplett aus Holz gebaut und von \u00fcppigen B\u00e4umen umgeben. Das gesamte Dach der Br\u00fccke war mit glasierten Ziegeln gedeckt \u2013 einer damals beliebten Ziegelart. Dank dieser Materialien hat die Br\u00fccke ihre antiken Farben und Muster bewahrt.\u00a0<\/span><\/p>\n<p><span style=\"font-weight: 400;\">Diese 40 km lange Tagestour mit dem Fahrrad f\u00fchrt Sie durch die Gassen von Hue, zu Handwerksd\u00f6rfern, wo Sie Einheimische treffen, und mit dem Boot den O Lau-Fluss hinauf zum alten Dorf Phuoc Tich, wo Sie mit einer einheimischen Familie in einem 200 Jahre alten Haus zu Mittag essen. Die Radtour verl\u00e4uft in flachem Gel\u00e4nde, meist auf Nebenstra\u00dfen, und ist auch f\u00fcr weniger fitte Personen geeignet. Die harmonische Verbindung zwischen den Bewohnern mit ihrer einzigartigen Kultur und der Natur im alten Dorf Phuoc Tich macht dieses Land so langlebig und voller Gl\u00fcck, wie sein Name schon sagt.<\/span><\/p>","protected":false},"excerpt":{"rendered":"<p>Thanh Toan Bridge is a remarkable example of the roofed bridge architecture which was popular during the 17th \u2013 18th centuries. Other iconic works that have the same design as Thanh Toan Bridge are Khuc Thoai Bridge, Phu Khe Bridge, and notably the Japanese Bridge in Hoi An. Bridging over an 18-meter-long ditch, Thanh Toan [&hellip;]<\/p>\n","protected":false},"featured_media":12401,"template":"","meta":[],"product_cat":[87,88,241,89,90,92,103],"product_tag":[256,254,246,255,247],"class_list":{"0":"post-12400","1":"product","2":"type-product","3":"status-publish","4":"has-post-thumbnail","6":"brw_tour_themes-adventure","7":"brw_tour_themes-culture","8":"brw_tour_themes-day-tour","9":"brw_tour_themes-discover","10":"brw_tour_themes-family","11":"brw_tour_themes-group","12":"product_cat-adventure","13":"product_cat-culture","14":"product_cat-day-tour","15":"product_cat-discover","16":"product_cat-family","17":"product_cat-group","18":"product_cat-tour-themes","19":"product_tag-bridge","20":"product_tag-countryside","21":"product_tag-discover","22":"product_tag-history","23":"product_tag-vietnam","25":"first","26":"instock","27":"shipping-taxable","28":"product-type-ovabrw_car_rental"},"_links":{"self":[{"href":"https:\/\/viettourist.asia\/de\/wp-json\/wp\/v2\/product\/12400"}],"collection":[{"href":"https:\/\/viettourist.asia\/de\/wp-json\/wp\/v2\/product"}],"about":[{"href":"https:\/\/viettourist.asia\/de\/wp-json\/wp\/v2\/types\/product"}],"version-history":[{"count":1,"href":"https:\/\/viettourist.asia\/de\/wp-json\/wp\/v2\/product\/12400\/revisions"}],"predecessor-version":[{"id":12404,"href":"https:\/\/viettourist.asia\/de\/wp-json\/wp\/v2\/product\/12400\/revisions\/12404"}],"wp:featuredmedia":[{"embeddable":true,"href":"https:\/\/viettourist.asia\/de\/wp-json\/wp\/v2\/media\/12401"}],"wp:attachment":[{"href":"https:\/\/viettourist.asia\/de\/wp-json\/wp\/v2\/media?parent=12400"}],"wp:term":[{"taxonomy":"product_cat","embeddable":true,"href":"https:\/\/viettourist.asia\/de\/wp-json\/wp\/v2\/product_cat?post=12400"},{"taxonomy":"product_tag","embeddable":true,"href":"https:\/\/viettourist.asia\/de\/wp-json\/wp\/v2\/product_tag?post=12400"}],"curies":[{"name":"wp","href":"https:\/\/api.w.org\/{rel}","templated":true}]}}