{"id":12394,"date":"2024-10-10T06:49:25","date_gmt":"2024-10-10T06:49:25","guid":{"rendered":"https:\/\/viettourist.asia\/?post_type=product&#038;p=12394"},"modified":"2024-12-17T09:33:24","modified_gmt":"2024-12-17T09:33:24","slug":"ein-tag-in-hoi-an-und-mein-sohn","status":"publish","type":"product","link":"https:\/\/viettourist.asia\/de\/tour\/ein-tag-in-hoi-an-und-mein-sohn\/","title":{"rendered":"Ein Tag in Hoi An und My Son"},"content":{"rendered":"<p><span style=\"font-weight: 400;\">Hoi An liegt am Nordufer des unteren Thu Bon-Flusses und ist eine alte Stadt in der Provinz Quang Nam, \u00fcber 30 km von Da Nang und 122 km von Hue entfernt. Bei Hoi An sind die Reihen alter ockerfarbener Geb\u00e4ude, der schimmernde, von Laternen beleuchtete Fluss bei Nacht und das k\u00f6stliche, erschwingliche Stra\u00dfenessen un\u00fcbersehbar. Alles hier strahlt eine sanfte und heitere Sch\u00f6nheit aus, mit malerischen Landschaften und herzlichen, freundlichen und gastfreundlichen Menschen.<\/span><\/p>\n<p><span style=\"font-weight: 400;\">Zusammen mit den antiken St\u00e4dten Hoi An und Hue bildet das My Son-Heiligtum eine Gruppe von drei ber\u00fchmten Weltkulturerbest\u00e4tten in Zentralvietnam und erfreut sich seit jeher gro\u00dfer Beliebtheit als Reiseziel. My Son z\u00e4hlt zu den zehn sch\u00f6nsten und ber\u00fchmtesten Tempeln S\u00fcdostasiens und ist eine heilige St\u00e4tte, die t\u00e4glich Besucher zum Erkunden und Bewundern anzieht. Dieser Artikel bietet detaillierte Informationen zum My Son-Heiligtum sowie n\u00fctzliche und wichtige Reisetipps, die Sie jetzt lesen und speichern sollten.<\/span><\/p>","protected":false},"excerpt":{"rendered":"<p>Situated on the north bank of the lower Thu Bon River, Hoi An is an ancient town in Quang Nam province, located over 30 km from Da Nang and 122 km from Hue. When mentioning Hoi An, one cannot overlook the rows of old ochre buildings, the shimmering lantern-lit river at night, and the delicious, [&hellip;]<\/p>\n","protected":false},"featured_media":12397,"template":"","meta":[],"product_cat":[87,88,241,89,90,92,103],"product_tag":[251,246,255,247],"class_list":{"0":"post-12394","1":"product","2":"type-product","3":"status-publish","4":"has-post-thumbnail","6":"brw_tour_themes-culture","7":"brw_tour_themes-day-tour","8":"brw_tour_themes-discover","9":"brw_tour_themes-family","10":"brw_tour_themes-group","11":"product_cat-adventure","12":"product_cat-culture","13":"product_cat-day-tour","14":"product_cat-discover","15":"product_cat-family","16":"product_cat-group","17":"product_cat-tour-themes","18":"product_tag-culture","19":"product_tag-discover","20":"product_tag-history","21":"product_tag-vietnam","23":"first","24":"instock","25":"shipping-taxable","26":"product-type-ovabrw_car_rental"},"_links":{"self":[{"href":"https:\/\/viettourist.asia\/de\/wp-json\/wp\/v2\/product\/12394"}],"collection":[{"href":"https:\/\/viettourist.asia\/de\/wp-json\/wp\/v2\/product"}],"about":[{"href":"https:\/\/viettourist.asia\/de\/wp-json\/wp\/v2\/types\/product"}],"version-history":[{"count":1,"href":"https:\/\/viettourist.asia\/de\/wp-json\/wp\/v2\/product\/12394\/revisions"}],"predecessor-version":[{"id":12399,"href":"https:\/\/viettourist.asia\/de\/wp-json\/wp\/v2\/product\/12394\/revisions\/12399"}],"wp:featuredmedia":[{"embeddable":true,"href":"https:\/\/viettourist.asia\/de\/wp-json\/wp\/v2\/media\/12397"}],"wp:attachment":[{"href":"https:\/\/viettourist.asia\/de\/wp-json\/wp\/v2\/media?parent=12394"}],"wp:term":[{"taxonomy":"product_cat","embeddable":true,"href":"https:\/\/viettourist.asia\/de\/wp-json\/wp\/v2\/product_cat?post=12394"},{"taxonomy":"product_tag","embeddable":true,"href":"https:\/\/viettourist.asia\/de\/wp-json\/wp\/v2\/product_tag?post=12394"}],"curies":[{"name":"wp","href":"https:\/\/api.w.org\/{rel}","templated":true}]}}