{"id":12290,"date":"2024-09-25T09:03:14","date_gmt":"2024-09-25T09:03:14","guid":{"rendered":"https:\/\/viettourist.asia\/?post_type=product&#038;p=12290"},"modified":"2024-12-17T09:37:54","modified_gmt":"2024-12-17T09:37:54","slug":"von-sud-nach-nordvietnam-mit-dem-wiedervereinigungszug-8-tage-7-nachte","status":"publish","type":"product","link":"https:\/\/viettourist.asia\/de\/tour\/von-sud-nach-nordvietnam-mit-dem-wiedervereinigungszug-8-tage-7-nachte\/","title":{"rendered":"Von S\u00fcd- nach Nordvietnam mit dem Wiedervereinigungszug 8 Tage \/ 7 N\u00e4chte"},"content":{"rendered":"<p><span class=\"OYPEnA font-feature-liga-off font-feature-clig-off font-feature-calt-off text-decoration-none text-strikethrough-none\">Diese Reiseroute f\u00fchrt Sie auf eine luxuri\u00f6se Reise durch das reiche Kulturerbe und die atemberaubenden Landschaften vom S\u00fcden bis in den Norden Vietnams. Sie reisen im Tempo des Zuges durch Landschaften, die Sie in ihren Bann ziehen werden, und nutzen Ihre private Kabine, um sich vor den verschiedenen Etappen auszuruhen. Sie erkunden die antike Stadt Hue, das charmante Hoi An und die wundersch\u00f6ne K\u00fcstenstadt Nha Trang und erreichen schlie\u00dflich die Hauptstadt Hanoi \u2013 und das alles mit Stil an Bord des luxuri\u00f6sen Wiedervereinigungszuges.<\/span><\/p>","protected":false},"excerpt":{"rendered":"<p>This itinerary takes you on a luxury journey through the rich heritage and breathtaking landscapes from the south to the north of Vietnam. You will travel at the pace of the train through landscapes that will make you smell the scent, taking advantage of your private cabin to rest before the various stages. You&#8217;ll explore [&hellip;]<\/p>\n","protected":false},"featured_media":11913,"template":"","meta":[],"product_cat":[87,88,89,90,92,103],"product_tag":[],"class_list":{"0":"post-12290","1":"product","2":"type-product","3":"status-publish","4":"has-post-thumbnail","6":"brw_tour_themes-adventure","7":"brw_tour_themes-culture","8":"brw_tour_themes-discover","9":"brw_tour_themes-family","10":"brw_tour_themes-group","11":"product_cat-adventure","12":"product_cat-culture","13":"product_cat-discover","14":"product_cat-family","15":"product_cat-group","16":"product_cat-tour-themes","18":"first","19":"instock","20":"shipping-taxable","21":"product-type-ovabrw_car_rental"},"_links":{"self":[{"href":"https:\/\/viettourist.asia\/de\/wp-json\/wp\/v2\/product\/12290"}],"collection":[{"href":"https:\/\/viettourist.asia\/de\/wp-json\/wp\/v2\/product"}],"about":[{"href":"https:\/\/viettourist.asia\/de\/wp-json\/wp\/v2\/types\/product"}],"version-history":[{"count":1,"href":"https:\/\/viettourist.asia\/de\/wp-json\/wp\/v2\/product\/12290\/revisions"}],"predecessor-version":[{"id":12291,"href":"https:\/\/viettourist.asia\/de\/wp-json\/wp\/v2\/product\/12290\/revisions\/12291"}],"wp:featuredmedia":[{"embeddable":true,"href":"https:\/\/viettourist.asia\/de\/wp-json\/wp\/v2\/media\/11913"}],"wp:attachment":[{"href":"https:\/\/viettourist.asia\/de\/wp-json\/wp\/v2\/media?parent=12290"}],"wp:term":[{"taxonomy":"product_cat","embeddable":true,"href":"https:\/\/viettourist.asia\/de\/wp-json\/wp\/v2\/product_cat?post=12290"},{"taxonomy":"product_tag","embeddable":true,"href":"https:\/\/viettourist.asia\/de\/wp-json\/wp\/v2\/product_tag?post=12290"}],"curies":[{"name":"wp","href":"https:\/\/api.w.org\/{rel}","templated":true}]}}