{"id":12142,"date":"2024-09-20T03:26:16","date_gmt":"2024-09-20T03:26:16","guid":{"rendered":"https:\/\/viettourist.asia\/?post_type=product&#038;p=12142"},"modified":"2024-12-17T09:40:02","modified_gmt":"2024-12-17T09:40:02","slug":"ein-tag-voller-entdeckungen-mein-tho-ben-tre-mekong-delta-abenteuer","status":"publish","type":"product","link":"https:\/\/viettourist.asia\/de\/tour\/ein-tag-voller-entdeckungen-mein-tho-ben-tre-mekong-delta-abenteuer\/","title":{"rendered":"Ein Tag voller Entdeckungen: My Tho &amp; Ben Tre \u2013 Mekong-Delta-Abenteuer"},"content":{"rendered":"<p>Begeben Sie sich auf eine unvergessliche Reise durch Vietnams \u201eReissch\u00fcssel\u201c, das Mekong-Delta \u2013 eine Region, die f\u00fcr ihre fruchtbaren B\u00f6den, faszinierenden Landschaften und ihr reiches kulturelles Erbe bekannt ist. Dieses eint\u00e4gige Abenteuer mit Viettourist l\u00e4dt Sie ein, die \u00fcppigen Wasserwege, das lokale Leben und die lebendigen Traditionen zu erkunden, die diese Gegend zu einem Muss f\u00fcr Reisende machen.<\/p>","protected":false},"excerpt":{"rendered":"<p>Begeben Sie sich auf eine unvergessliche Reise durch Vietnams \u201eReissch\u00fcssel\u201c, das Mekong-Delta \u2013 eine Region, die f\u00fcr ihre fruchtbaren B\u00f6den, faszinierenden Landschaften und ihr reiches kulturelles Erbe bekannt ist. Dieses eint\u00e4gige Abenteuer mit Viettourist l\u00e4dt Sie ein, die \u00fcppigen Wasserwege, das lokale Leben und die lebendigen Traditionen zu erkunden, die diese Gegend zu einem Muss f\u00fcr Reisende machen.<\/p>","protected":false},"featured_media":12143,"template":"","meta":[],"product_cat":[87,88,241,89,90,92,103],"product_tag":[],"class_list":{"0":"post-12142","1":"product","2":"type-product","3":"status-publish","4":"has-post-thumbnail","6":"brw_tour_themes-adventure","7":"brw_tour_themes-culture","8":"brw_tour_themes-discover","9":"brw_tour_themes-family","10":"brw_tour_themes-group","11":"product_cat-adventure","12":"product_cat-culture","13":"product_cat-day-tour","14":"product_cat-discover","15":"product_cat-family","16":"product_cat-group","17":"product_cat-tour-themes","19":"first","20":"instock","21":"shipping-taxable","22":"product-type-ovabrw_car_rental"},"_links":{"self":[{"href":"https:\/\/viettourist.asia\/de\/wp-json\/wp\/v2\/product\/12142"}],"collection":[{"href":"https:\/\/viettourist.asia\/de\/wp-json\/wp\/v2\/product"}],"about":[{"href":"https:\/\/viettourist.asia\/de\/wp-json\/wp\/v2\/types\/product"}],"version-history":[{"count":1,"href":"https:\/\/viettourist.asia\/de\/wp-json\/wp\/v2\/product\/12142\/revisions"}],"predecessor-version":[{"id":12144,"href":"https:\/\/viettourist.asia\/de\/wp-json\/wp\/v2\/product\/12142\/revisions\/12144"}],"wp:featuredmedia":[{"embeddable":true,"href":"https:\/\/viettourist.asia\/de\/wp-json\/wp\/v2\/media\/12143"}],"wp:attachment":[{"href":"https:\/\/viettourist.asia\/de\/wp-json\/wp\/v2\/media?parent=12142"}],"wp:term":[{"taxonomy":"product_cat","embeddable":true,"href":"https:\/\/viettourist.asia\/de\/wp-json\/wp\/v2\/product_cat?post=12142"},{"taxonomy":"product_tag","embeddable":true,"href":"https:\/\/viettourist.asia\/de\/wp-json\/wp\/v2\/product_tag?post=12142"}],"curies":[{"name":"wp","href":"https:\/\/api.w.org\/{rel}","templated":true}]}}